{"id":2150,"date":"2019-01-27T10:20:46","date_gmt":"2019-01-27T09:20:46","guid":{"rendered":"https:\/\/artside.sk\/o-nas\/"},"modified":"2019-09-15T14:25:57","modified_gmt":"2019-09-15T12:25:57","slug":"o-nas","status":"publish","type":"page","link":"https:\/\/test.artside.sk\/cs\/o-nas\/","title":{"rendered":"O n\u00e1s"},"content":{"rendered":"<div id=\"tw-source\">\n<div style=\"text-align: center;\">ART SIDE je mlad\u00e1 streetwear zna\u010dka, kter\u00e1 nab\u00edz\u00ed origin\u00e1ln\u00ed oble\u010den\u00ed a dopl\u0148ky. Najdete u n\u00e1s designy od amat\u00e9rsk\u00fdch i zn\u00e1m\u00fdch um\u011blc\u016f. Nejhodnotn\u011bj\u0161\u00ed jsou pro n\u00e1s motivy, kter\u00e9 tv\u016fr\u010d\u00edm zp\u016fsobem zanech\u00e1vaj\u00ed pozitivn\u00ed my\u0161lenku. Inspirac\u00ed jsou pro n\u00e1s nap\u0159\u00edklad d\u00edla street um\u011blc\u016f, kter\u00e9 nesou politick\u00e9, kulturn\u00ed nebo etick\u00e9 poselstv\u00ed. Tak\u00e9 najdete u n\u00e1s spoustu design\u016f, kter\u00e9 se v\u011bnuj\u00ed p\u0159\u00edrod\u011b a ekologick\u00fdm probl\u00e9m\u016fm. Koup\u00ed vybran\u00fdch produkt\u016f podpo\u0159\u00edte organizace, kter\u00e9 se staraj\u00ed o <span style=\"color: #ff6600;\"><a style=\"color: #ff6600;\" href=\"https:\/\/artside.cz\/at-zije-vceli-kralovna\/\">\u017eivotn\u00ed prost\u0159ed\u00ed<\/a><\/span>.<\/div>\n<div style=\"text-align: center;\">Pokud preferujete kvalitn\u00ed oble\u010den\u00ed a m\u00e1te podobn\u00e9 nad\u0161en\u00ed pro kreativn\u00ed designy s my\u0161lenkou, sta\u0148te se i vy sou\u010d\u00e1st\u00ed zna\u010dky ART SIDE.<\/div>\n<div><\/div>\n<\/div>\n<div><a href=\"https:\/\/artside.cz\/kategorie-produktu\/ksiltovky-cepice\/\"><img loading=\"lazy\" class=\"alignnone wp-image-993\" src=\"https:\/\/artside.cz\/wp-content\/uploads\/\/2018\/08\/siltovka_srtside-300x180.jpg\" alt=\"\" width=\"813\" height=\"488\" srcset=\"https:\/\/test.artside.sk\/wp-content\/uploads\/2018\/08\/siltovka_srtside-300x180.jpg 300w, https:\/\/test.artside.sk\/wp-content\/uploads\/2018\/08\/siltovka_srtside-150x90.jpg 150w, https:\/\/test.artside.sk\/wp-content\/uploads\/2018\/08\/siltovka_srtside-600x360.jpg 600w, https:\/\/test.artside.sk\/wp-content\/uploads\/2018\/08\/siltovka_srtside-768x461.jpg 768w, https:\/\/test.artside.sk\/wp-content\/uploads\/2018\/08\/siltovka_srtside-267x160.jpg 267w, https:\/\/test.artside.sk\/wp-content\/uploads\/2018\/08\/siltovka_srtside.jpg 1000w\" sizes=\"(max-width: 813px) 100vw, 813px\" \/><\/a><\/div>\n\n<p><\/p>\n","protected":false},"excerpt":{"rendered":"<p>ART SIDE je mlad\u00e1 streetwear zna\u010dka, kter\u00e1 nab\u00edz\u00ed origin\u00e1ln\u00ed oble\u010den\u00ed a dopl\u0148ky. Najdete u n\u00e1s designy od amat\u00e9rsk\u00fdch i zn\u00e1m\u00fdch um\u011blc\u016f. Nejhodnotn\u011bj\u0161\u00ed jsou pro n\u00e1s motivy, kter\u00e9 tv\u016fr\u010d\u00edm zp\u016fsobem zanech\u00e1vaj\u00ed pozitivn\u00ed my\u0161lenku. Inspirac\u00ed jsou pro n\u00e1s nap\u0159\u00edklad d\u00edla street um\u011blc\u016f, kter\u00e9 nesou politick\u00e9, kulturn\u00ed nebo etick\u00e9 poselstv\u00ed. Tak\u00e9 najdete u n\u00e1s spoustu design\u016f, kter\u00e9 se [&hellip;]<\/p>\n","protected":false},"author":1,"featured_media":0,"parent":0,"menu_order":0,"comment_status":"closed","ping_status":"closed","template":"","meta":[],"_links":{"self":[{"href":"https:\/\/test.artside.sk\/cs\/wp-json\/wp\/v2\/pages\/2150"}],"collection":[{"href":"https:\/\/test.artside.sk\/cs\/wp-json\/wp\/v2\/pages"}],"about":[{"href":"https:\/\/test.artside.sk\/cs\/wp-json\/wp\/v2\/types\/page"}],"author":[{"embeddable":true,"href":"https:\/\/test.artside.sk\/cs\/wp-json\/wp\/v2\/users\/1"}],"replies":[{"embeddable":true,"href":"https:\/\/test.artside.sk\/cs\/wp-json\/wp\/v2\/comments?post=2150"}],"version-history":[{"count":0,"href":"https:\/\/test.artside.sk\/cs\/wp-json\/wp\/v2\/pages\/2150\/revisions"}],"wp:attachment":[{"href":"https:\/\/test.artside.sk\/cs\/wp-json\/wp\/v2\/media?parent=2150"}],"curies":[{"name":"wp","href":"https:\/\/api.w.org\/{rel}","templated":true}]}}