{"id":2167,"date":"2019-01-27T11:57:50","date_gmt":"2019-01-27T10:57:50","guid":{"rendered":"https:\/\/artside.sk\/vydejni-mista\/"},"modified":"2019-01-27T12:20:25","modified_gmt":"2019-01-27T11:20:25","slug":"vydejni-mista","status":"publish","type":"page","link":"https:\/\/test.artside.sk\/cs\/vydejni-mista\/","title":{"rendered":"V\u00fddejn\u00ed m\u00edsta"},"content":{"rendered":"<p>Ob\u00e1v\u00e1te se koupit oble\u010den\u00ed (k\u0161iltovku, tri\u010dko, mikinu &#8230;) p\u0159es internet? Chcete si zbo\u017e\u00ed osobn\u011b vyzvednout, na m\u00edst\u011b vyzkou\u0161et a v p\u0159\u00edpad\u011b \u017ee V\u00e1m nebude sed\u011bt vr\u00e1tit? Pro tento \u00fa\u010del vyu\u017e\u00edv\u00e1me slu\u017eby z\u00e1silkovny. Z\u00e1silkovna m\u00e1 bohat\u00e9 zastoupen\u00ed pobo\u010dek po cel\u00e9 \u010cesk\u00e9 republice. Sta\u010d\u00ed si jen vybrat v procesu objedn\u00e1vky z\u00e1silkovnu a zvolit si v\u00fddejn\u00ed m\u00edsto nejbl\u00ed\u017ee p\u0159i Va\u0161em bydli\u0161ti. Pokud V\u00e1m p\u0159i p\u0159evzet\u00ed nebude sed\u011bt velikost, sta\u010d\u00ed z\u00e1silku jednodu\u0161e nechat v Z\u00e1silkovne, nebo n\u00e1m ji poslat zp\u011bt.<\/p>\n<p><strong>V\u00fddejn\u00ed m\u00edsta po cel\u00e9m \u010cesku<\/strong> <a href=\"https:\/\/www.zasilkovna.cz\/pobocky\" target=\"_blank\" rel=\"noopener\"><span style=\"color: #ff6600;\">(Praha, Brno, Ostrava, Plz\u011b\u0148 Liberec, &#8230;)<\/span><\/a><\/p>\n<\/div>\n<p><a href=\"https:\/\/www.zasilkovna.cz\/pobocky\" target=\"_blank\" rel=\"noopener\"><img loading=\"lazy\" class=\"alignnone wp-image-498 size-full\" src=\"https:\/\/artside.sk\/wp-content\/uploads\/2019\/01\/CZ-zasilkovna.jpg\" alt=\"\" width=\"1366\" height=\"632\" \/><\/a><\/p>\n\n<p><\/p>\n","protected":false},"excerpt":{"rendered":"<p>Ob\u00e1v\u00e1te se koupit oble\u010den\u00ed (k\u0161iltovku, tri\u010dko, mikinu &#8230;) p\u0159es internet? Chcete si zbo\u017e\u00ed osobn\u011b vyzvednout, na m\u00edst\u011b vyzkou\u0161et a v p\u0159\u00edpad\u011b \u017ee V\u00e1m nebude sed\u011bt vr\u00e1tit? Pro tento \u00fa\u010del vyu\u017e\u00edv\u00e1me slu\u017eby z\u00e1silkovny. Z\u00e1silkovna m\u00e1 bohat\u00e9 zastoupen\u00ed pobo\u010dek po cel\u00e9 \u010cesk\u00e9 republice. Sta\u010d\u00ed si jen vybrat v procesu objedn\u00e1vky z\u00e1silkovnu a zvolit si v\u00fddejn\u00ed m\u00edsto nejbl\u00ed\u017ee [&hellip;]<\/p>\n","protected":false},"author":1,"featured_media":0,"parent":0,"menu_order":0,"comment_status":"closed","ping_status":"closed","template":"","meta":[],"_links":{"self":[{"href":"https:\/\/test.artside.sk\/cs\/wp-json\/wp\/v2\/pages\/2167"}],"collection":[{"href":"https:\/\/test.artside.sk\/cs\/wp-json\/wp\/v2\/pages"}],"about":[{"href":"https:\/\/test.artside.sk\/cs\/wp-json\/wp\/v2\/types\/page"}],"author":[{"embeddable":true,"href":"https:\/\/test.artside.sk\/cs\/wp-json\/wp\/v2\/users\/1"}],"replies":[{"embeddable":true,"href":"https:\/\/test.artside.sk\/cs\/wp-json\/wp\/v2\/comments?post=2167"}],"version-history":[{"count":0,"href":"https:\/\/test.artside.sk\/cs\/wp-json\/wp\/v2\/pages\/2167\/revisions"}],"wp:attachment":[{"href":"https:\/\/test.artside.sk\/cs\/wp-json\/wp\/v2\/media?parent=2167"}],"curies":[{"name":"wp","href":"https:\/\/api.w.org\/{rel}","templated":true}]}}