{"id":2214,"date":"2019-02-10T13:36:54","date_gmt":"2019-02-10T12:36:54","guid":{"rendered":"https:\/\/artside.sk\/ochrana-osobnich-udaju\/"},"modified":"2020-05-30T11:33:52","modified_gmt":"2020-05-30T09:33:52","slug":"ochrana-osobnich-udaju","status":"publish","type":"page","link":"https:\/\/test.artside.sk\/cs\/ochrana-osobnich-udaju\/","title":{"rendered":"Ochrana osobn\u00edch \u00fadaj\u00fa"},"content":{"rendered":"<p>Pou\u017e\u00edv\u00e1n\u00edm na\u0161ich webov\u00fdch str\u00e1nek n\u00e1m sv\u011b\u0159ujete sv\u00e9 osobn\u00ed \u00fadaje. Na t\u00e9to str\u00e1nce uv\u00e1d\u00edme, jak\u00e9 informace shroma\u017e\u010fujeme a pravidla jak je pou\u017e\u00edv\u00e1me.<\/p>\n<p>Provozovatel KASAVA s.r.o. se s\u00eddlem Horna Trnovsk\u00e1 71, 010 01 \u017dilina, Slovensk\u00e1 republika, I\u010c: 36389307, DI\u010c: 2021473168, shroma\u017e\u010fuje n\u00e1sleduj\u00edc\u00ed osobn\u00ed \u00fadaje:<br \/>\ncookies<br \/>\nprovozovatel zpracov\u00e1v\u00e1 Va\u0161e kontaktn\u00ed \u00fadaje pro \u00fa\u010dely p\u0159edsmluvn\u00edch vztah\u016f, \u00fadaje na doru\u010den\u00ed<br \/>\nkontaktn\u00edmi \u00fadaji jsou jm\u00e9no, p\u0159\u00edjmen\u00ed, telefonn\u00ed \u010d\u00edslo (pro \u00fa\u010dely potvrzen\u00ed objedn\u00e1vky, komunikaci se z\u00e1kazn\u00edkem, doru\u010den\u00ed zbo\u017e\u00ed), e-mailov\u00e1 adresa (pro \u00fa\u010dely zasl\u00e1n\u00ed potvrzen\u00ed objedn\u00e1vky a komunikaci se z\u00e1kazn\u00edkem)<br \/>\n\u00fadaje na doru\u010den\u00ed jsou jm\u00e9no a p\u0159\u00edjmen\u00ed p\u0159\u00edjemce, titul, adresa doru\u010den\u00ed<br \/>\nI\u010cO, pokud se jedn\u00e1 o spole\u010dnost, pro \u00fa\u010dely spr\u00e1vn\u00e9ho vystaven\u00ed faktury<br \/>\nDI\u010c (da\u0148ov\u00e9 identifika\u010dn\u00ed \u010d\u00edslo), pro \u00fa\u010dely spr\u00e1vn\u00e9ho vystaven\u00ed faktury<br \/>\n\u00da\u010del zpracov\u00e1n\u00ed osobn\u00edch \u00fadaj\u016f<\/p>\n<p>\u00fa\u010delem zpracov\u00e1n\u00ed osobn\u00edch \u00fadaj\u016f jsou p\u0159edsmluvn\u00ed vztahy<br \/>\n\u00fa\u010delem zpracov\u00e1n\u00ed osobn\u00edch \u00fadaj\u016f je identifikace z\u00e1kazn\u00edk\u016f<br \/>\n\u00fa\u010delem zpracov\u00e1n\u00ed osobn\u00edch \u00fadaj\u016f je potvrzen\u00ed z\u00e1jmu o slu\u017ebu nebo zbo\u017e\u00ed, a to telefonicky nebo prost\u0159ednictv\u00edm elektronick\u00e9 po\u0161ty<br \/>\n\u00fa\u010delem zpracov\u00e1n\u00ed osobn\u00edch \u00fadaj\u016f je uplatn\u011bn\u00ed sv\u00fdch spot\u0159ebitelsk\u00fdch pr\u00e1v, kter\u00e1 mu p\u0159\u00edslu\u0161\u00ed (nap\u0159. pr\u00e1vo na odstoupen\u00ed od smlouvy, pr\u00e1vo na reklamaci zbo\u017e\u00ed).<br \/>\ncookies<br \/>\nCookies jsou mal\u00e9 textov\u00e9 soubory, kter\u00e9 se ukl\u00e1daj\u00ed do pam\u011bti prohl\u00ed\u017ee\u010de a obsahuj\u00ed \u00fadaje o n\u00e1v\u0161t\u011bv\u011b webov\u00e9 str\u00e1nky. Tyto soubory jsou anonymn\u00ed a obsahuj\u00ed \u00fadaje, jak\u00fdmi jsou jazyk, prohl\u00ed\u017ee\u010d a dal\u0161\u00ed nastaven\u00ed p\u0159i zobrazen\u00ed str\u00e1nky. Cookies, kter\u00e9 v\u00e1\u0161 prohl\u00ed\u017ee\u010d odes\u00edl\u00e1 k n\u00e1m, slou\u017e\u00ed k analyzov\u00e1n\u00ed chov\u00e1n\u00ed u\u017eivatel\u016f na na\u0161ich webov\u00fdch str\u00e1nk\u00e1ch a na zlep\u0161en\u00ed a zjednodu\u0161en\u00ed jejich pou\u017eitelnosti. Na anal\u00fdzu pou\u017e\u00edv\u00e1me n\u00e1stroje Google Analytics. Doba expirace cookies je 6 m\u011bs\u00edc\u016f.<\/p>\n<p>Jako soubory cookies kontrolovat a smazat<br \/>\nNastaven\u00ed cookie je mo\u017en\u00e9 zm\u011bnit v r\u00e1mci va\u0161eho internetov\u00e9ho prohl\u00ed\u017ee\u010de v jeho nastaven\u00ed. Odstran\u011bn\u00edm nebo zablokov\u00e1n\u00edm soubor\u016f cookies budete moci nav\u0161t\u00edvit na\u0161e webov\u00e9 str\u00e1nky, ale n\u011bkter\u00e9 funkce nemus\u00ed pracovat spr\u00e1vn\u011b.<\/p>\n<table dir=\"ltr\" border=\"1\" cellspacing=\"0\" cellpadding=\"0\">\n<tbody>\n<tr>\n<td data-sheets-value=\"{\"><strong>N\u00e1stroj\/cookies<\/strong><\/td>\n<td data-sheets-value=\"{\"><strong>Co zb\u00edra nebo spracov\u00e1va?<\/strong><\/td>\n<td data-sheets-value=\"{\"><strong>Za ak\u00fdm \u00fa\u010delem?<\/strong><\/td>\n<\/tr>\n<tr>\n<td data-sheets-value=\"{\"><strong>Google Analytics trackovanie<\/strong><\/td>\n<td data-sheets-value=\"{\">\u00dadaje o pohybu a interakc\u00edch n\u00e1v\u0161t\u011bvn\u00edk\u016f na webov\u00fdch str\u00e1nk\u00e1ch, retence n\u00e1v\u0161t\u011bv, jak\u00e9 za\u0159\u00edzen\u00ed pou\u017eili p\u0159i n\u00e1v\u0161t\u011bv\u011b, geografick\u00e1 lokalita, opera\u010dn\u00ed syst\u00e9m u\u017eivatele, poskytovatel internetov\u00e9ho spojen\u00ed a dal\u0161\u00ed.<\/td>\n<td data-sheets-value=\"{\">Optimaliz\u00e1cia webov\u00e9ho s\u00eddla, vyhodnocovanie efektivity zdrojov n\u00e1v\u0161tev, optimaliz\u00e1cia marketingov\u00fdch \u010dinnost\u00ed, vyhodnocovanie v\u00fdkonnosti webov\u00fdch str\u00e1nok, segment\u00e1cia n\u00e1v\u0161tevn\u00edkov.<\/td>\n<\/tr>\n<tr>\n<td data-sheets-value=\"{\"><strong>Google Analytics remarketingov\u00e9 publik\u00e1<\/strong><\/td>\n<td data-sheets-value=\"{\">\u00dadaje o pohybe a interakci\u00e1ch n\u00e1v\u0161tevn\u00edkov na webov\u00fdch str\u00e1nkach, retencia n\u00e1v\u0161tev, ak\u00e9 zariadenie pou\u017eili pri n\u00e1v\u0161teve, geografick\u00e1 lokalita, opera\u010dn\u00fd syst\u00e9m pou\u017e\u00edvate\u013ea, poskytovate\u013e internetov\u00e9ho spojenia a \u010fal\u0161ie.<\/td>\n<td data-sheets-value=\"{\">Segmentovanie n\u00e1v\u0161tevn\u00edkov, op\u00e4tovn\u00e9 oslovenie pomocou Google AdWords platformy.<\/td>\n<\/tr>\n<tr>\n<td data-sheets-value=\"{\"><strong>Google AdWords remarketingov\u00fd pixel<\/strong><\/td>\n<td data-sheets-value=\"{\">\u00dadaje o pohybe a interakci\u00e1ch n\u00e1v\u0161tevn\u00edkov na webov\u00fdch str\u00e1nkach.<\/td>\n<td data-sheets-value=\"{\">Remarketingov\u00e9 kampane v AdWords.<\/td>\n<\/tr>\n<tr>\n<td data-sheets-value=\"{\"><strong>Facebook like\/share tla\u010didl\u00e1<\/strong><\/td>\n<td data-sheets-value=\"{\">\u00dadaje o pohybe a interakci\u00e1ch n\u00e1v\u0161tevn\u00edkov na webov\u00fdch str\u00e1nkach, retencia n\u00e1v\u0161tev, ak\u00e9 zariadenie pou\u017eili pri n\u00e1v\u0161teve, geografick\u00e1 lokalita, opera\u010dn\u00fd syst\u00e9m pou\u017e\u00edvate\u013ea, poskytovate\u013e internetov\u00e9ho spojenia a \u010fal\u0161ie.<\/td>\n<td data-sheets-value=\"{\">Umo\u017e\u0148uje likes a shares na FB n\u00e1stenke n\u00e1v\u0161tevn\u00edka, optimaliz\u00e1cia FB kampan\u00ed.<\/td>\n<\/tr>\n<tr>\n<td data-sheets-value=\"{\"><strong>Facebook remarketingov\u00fd pixel<\/strong><\/td>\n<td data-sheets-value=\"{\">\u00dadaje o vykonan\u00fdch objedn\u00e1vkach, \u010do si z\u00e1kazn\u00edci zak\u00fapili alebo vlo\u017eili do ko\u0161\u00edka, v akej hodnote, frekvencia n\u00e1kupov, LTV, pou\u017eitie z\u013eavov\u00fdch k\u00f3dov, vo\u013eba dopravy a platby, \u00fadaje o pohybe a interakci\u00e1ch n\u00e1v\u0161tevn\u00edkov na webov\u00fdch str\u00e1nkach, retencia n\u00e1v\u0161tev, ak\u00e9 zariadenie pou\u017eili pri n\u00e1v\u0161teve, geografick\u00e1 lokalita, opera\u010dn\u00fd syst\u00e9m pou\u017e\u00edvate\u013ea, poskytovate\u013e internetov\u00e9ho spojenia a \u010fal\u0161ie.<\/td>\n<td data-sheets-value=\"{\">Optimaliz\u00e1cia a vyhodnocovanie FB kampan\u00ed, remarketingov\u00e9 kampane.<\/td>\n<\/tr>\n<tr>\n<td><strong><span data-sheets-value=\"{\" data-sheets-userformat=\"{\">Heur\u00e9ka<\/span><br \/>\n<\/strong><\/td>\n<td><span data-sheets-value=\"{\" data-sheets-userformat=\"{\">Badge certifikovan\u00fd obchod &#8211; overen\u00e9 z\u00e1kazn\u00edkmi<\/span><\/td>\n<td><span data-sheets-value=\"{\" data-sheets-userformat=\"{\">Hodnotenie obchodu na Heureka.sk, optimaliz\u00e1cia Heureka kampan\u00ed<\/span><\/td>\n<\/tr>\n<tr>\n<td data-sheets-value=\"{\"><strong>Mailchimp \u2013 z\u00e1pis do newsletteru<\/strong><\/td>\n<td data-sheets-value=\"{\">E-mail<\/td>\n<td data-sheets-value=\"{\">E-mailov\u00e9 kampane<\/td>\n<\/tr>\n<tr>\n<td data-sheets-value=\"{\"><strong>Tracking script (remarketing v DoubleClick)<\/strong><\/td>\n<td data-sheets-value=\"{\">\u00dadaje o pohybe a interakci\u00e1ch n\u00e1v\u0161tevn\u00edkov na webov\u00fdch str\u00e1nkach, retencia n\u00e1v\u0161tev, ak\u00e9 zariadenie pou\u017eili pri n\u00e1v\u0161teve, geografick\u00e1 lokalita, opera\u010dn\u00fd syst\u00e9m pou\u017e\u00edvate\u013ea, poskytovate\u013e internetov\u00e9ho spojenia, viden\u00e9 produkty, produkty vlo\u017een\u00e9 do ko\u0161\u00edka, zak\u00fapen\u00e9 produkty a \u010fal\u0161ie.<\/td>\n<td data-sheets-value=\"{\">Remarketingov\u00e9 kampane v sieti DoubleClick a na priamo sk\u00fapen\u00fdch medi\u00e1lnych ploch\u00e1ch.<\/td>\n<\/tr>\n<\/tbody>\n<\/table>\n<p>Pr\u00e1va dot\u010den\u00e9 osoby<br \/>\nKa\u017ed\u00e1 osoba, kter\u00e1 n\u00e1m poskytla osobn\u00ed \u00fadaje (doty\u010dn\u00e1 osoba) m\u00e1 pr\u00e1vo od n\u00e1s po\u017eadovat p\u0159\u00edstup ke sv\u00fdm osobn\u00edm \u00fadaj\u016fm a pr\u00e1vo na jejich opravu nebo vymaz\u00e1n\u00ed nebo omezen\u00ed zpracov\u00e1v\u00e1n\u00ed, pr\u00e1vo nam\u00edtat proti zpracov\u00e1n\u00ed, pr\u00e1vo na p\u0159enositelnost \u00fadaj\u016f a pr\u00e1vo podat st\u00ed\u017enost org\u00e1nu dozoru, kter\u00fdm je \u00da\u0159ad pro ochranu osobn\u00edch \u00fadaj\u016f \u010cesk\u00e9 republiky.<\/p>\n<p>Dobrovolnost poskytnut\u00ed osobn\u00edch \u00fadaj\u016f<\/p>\n<p>Osobn\u00ed \u00fadaje jsou zpracov\u00e1v\u00e1ny v souladu s Na\u0159\u00edzen\u00edm Evropsk\u00e9ho parlamentu a Rady (EU) \u010d. 2016\/679 ze dne 27. dubna 2016 o ochran\u011b fyzick\u00fdch osob p\u0159i zpracov\u00e1v\u00e1n\u00ed osobn\u00edch \u00fadaj\u016f a o voln\u00e9m pohybu t\u011bchto \u00fadaj\u016f a Z\u00e1konem \u010d. 18\/2018 CFU o ochran\u011b osobn\u00edch \u00fadaj\u016f a o zm\u011bn\u011b n\u011bkter\u00fdch z\u00e1kon\u016f.<br \/>\nprovozovatel z\u00edsk\u00e1v\u00e1 pouze ty osobn\u00ed \u00fadaje z\u00e1kazn\u00edk\u016f, kter\u00e9 jsou pot\u0159ebn\u00e9 ke spln\u011bn\u00ed z\u00e1vazk\u016f, kter\u00e9 od n\u011bj z\u00e1kazn\u00edk z\u00e1jmem o slu\u017ebu nebo zbo\u017e\u00ed o\u010dek\u00e1v\u00e1<br \/>\nprovozovatel z\u00edsk\u00e1v\u00e1 osobn\u00ed \u00fadaje od z\u00e1kazn\u00edk\u016f v rozsahu nezbytn\u00e9m pro spln\u011bn\u00ed povinnost\u00ed vypl\u00fdvaj\u00edc\u00edch ze smlouvy uzav\u0159en\u00e9 mezi provozovatelem a z\u00e1kazn\u00edkem<br \/>\nprovozovatel zpracov\u00e1v\u00e1 osobn\u00ed \u00fadaje dot\u010den\u00e9 osoby pouze po dobu nezbytnou pro spln\u011bn\u00ed \u00fa\u010delu vypl\u00fdvaj\u00edc\u00edho ze smlouvy a z obecn\u011b z\u00e1vazn\u00fdch pr\u00e1vn\u00edch p\u0159edpis\u016f<br \/>\nV\u00e1\u0161 souhlas ke zpracov\u00e1n\u00ed Va\u0161ich osobn\u00edch \u00fadaj\u016f je dobrovoln\u00fd, av\u0161ak odm\u00edtnut\u00ed ud\u011blen\u00ed souhlasu V\u00e1m neumo\u017en\u00ed nakupovat p\u0159es web<br \/>\nzve\u0159ejn\u011bn\u00ed \u00fadaj\u016f<\/p>\n<p>provozovatel z\u00edskan\u00e9 osobn\u00ed \u00fadaje z\u00e1kazn\u00edk\u016f &#8211; fyzick\u00fdch osob nezve\u0159ej\u0148uje za \u017e\u00e1dn\u00fdch okolnost\u00ed<br \/>\npodm\u00ednky zpracov\u00e1n\u00ed<\/p>\n<p>provozovatel p\u0159ijal odpov\u00eddaj\u00edc\u00ed technick\u00e9, organiza\u010dn\u00ed a person\u00e1ln\u00ed opat\u0159en\u00ed odpov\u00eddaj\u00edc\u00ed zp\u016fsobu zpracov\u00e1n\u00ed osobn\u00edch \u00fadaj\u016f, p\u0159i\u010dem\u017e vzal v \u00favahu zejm\u00e9na pou\u017eiteln\u00e9 technick\u00e9 prost\u0159edky, d\u016fv\u011brnost a d\u016fle\u017eitost zpracov\u00e1van\u00fdch osobn\u00edch \u00fadaj\u016f i rozsah mo\u017en\u00fdch rizik, kter\u00e9 jsou zp\u016fsobil\u00e9 naru\u0161it bezpe\u010dnost nebo funk\u010dnost jeho informa\u010dn\u00edch syst\u00e9m\u016f<br \/>\nprovozovatel se zavazuje, \u017ee bude s osobn\u00edmi \u00fadaji dot\u010den\u00e9 osoby zach\u00e1zet a nakl\u00e1dat v souladu s platn\u00fdmi pr\u00e1vn\u00edmi p\u0159edpisy \u010cR a p\u0159edpisy EU<br \/>\nprovozovatel po spln\u011bn\u00ed \u00fa\u010delu zpracov\u00e1n\u00ed zajist\u00ed neprodlen\u011b likvidaci osobn\u00edch \u00fadaj\u016f dot\u010den\u00e9 osoby<br \/>\nPr\u00e1va a povinnosti doty\u010dn\u00e9 osoby<\/p>\n<p>z\u00e1kazn\u00edk provozovatele jako doty\u010dn\u00e1 osoba je povinen uv\u00e9st \u00fapln\u00e9 a pravdiv\u00e9 \u00fadaje<br \/>\nPou\u010den\u00ed o pr\u00e1vech dot\u010den\u00e9 osoby<\/p>\n<p>dot\u010den\u00e1 osoba m\u00e1 pr\u00e1vo na z\u00e1klad\u011b p\u00edsemn\u00e9 \u017e\u00e1dosti od provozovatele kdykoli po\u017e\u00e1dat, abychom Va\u0161e osobn\u00ed \u00fadaje vymazaly a to bez ud\u00e1n\u00ed d\u016fvodu<br \/>\nkdykoliv n\u00e1s m\u016f\u017eete po\u017e\u00e1dat o opravu nebo o dopln\u011bn\u00ed Va\u0161ich osobn\u00edch \u00fadaj\u016f<br \/>\nDoba uchov\u00e1v\u00e1n\u00ed osobn\u00edch \u00fadaj\u016f<\/p>\n<p>Va\u0161e osobn\u00ed \u00fadaje uchov\u00e1v\u00e1me do doby ne\u017e bude zpracov\u00e1na, vybaven\u00e1 a doru\u010dena Va\u0161e objedn\u00e1vka<br \/>\nPov\u011b\u0159en\u00ed pro zpracov\u00e1n\u00ed osobn\u00edch \u00fadaj\u016f<\/p>\n<p>Artside m\u016f\u017ee sv\u011b\u0159it zpracov\u00e1n\u00ed osobn\u00edch \u00fadaj\u016f sv\u00fdm obchodn\u00edm partner\u016fm v postaven\u00ed zprost\u0159edkovatele, pokud je to nutn\u00e9 k uskute\u010dn\u011bn\u00ed transakc\u00ed, nap\u0159\u00edklad spr\u00e1va web str\u00e1nky internetov\u00e9ho obchodu, p\u0159\u00edprava zbo\u017e\u00ed, kter\u00e9 jste si objednali a jeho p\u0159eprava<br \/>\nosobn\u00ed \u00fadaje U\u017eivatel\u016f nebudou v \u017e\u00e1dn\u00e9m p\u0159\u00edpad\u011b a \u017e\u00e1dn\u00fdm zp\u016fsobem poskytov\u00e1ny t\u0159et\u00edm osob\u00e1m, krom\u011b \u00fa\u010del\u016f, kter\u00e9 jsou uvedeny v t\u011bchto Z\u00e1sad\u00e1ch ochrany osobn\u00edch \u00fadaj\u016f, co\u017e znamen\u00e1 zejm\u00e9na, \u017ee nebudou sd\u00edleny s jin\u00fdmi subjekty za \u00fa\u010delem zas\u00edl\u00e1n\u00ed marketingov\u00fdch materi\u00e1l\u016f t\u0159et\u00edch stran<br \/>\nosobn\u00ed \u00fadaje U\u017eivatel\u016f webstr\u00e1nky nebudou p\u0159en\u00e1\u0161eny mimo zem\u00ed Evropsk\u00e9 Unie<br \/>\nProhl\u00e1\u0161en\u00ed o ochran\u011b dat v Google Analytics<\/p>\n<p>Na\u0161e str\u00e1nky pou\u017e\u00edvaj\u00ed analytick\u00e9 mechanismy s\u00ed\u0165ov\u00fdch slu\u017eeb Google Inc. ( &#8222;Google Inc., 1600 Amphitheatre Parkway, Mountain View, CA 94043, USA&#8220;): Google Analytics, Google Double Click and Google Tag Manger. Google Analytics, Google Double Click and Google Tag Manger pou\u017e\u00edvaj\u00ed soubory cookies, kter\u00e9 umo\u017e\u0148uj\u00ed anal\u00fdzu zp\u016fsobu pou\u017e\u00edv\u00e1n\u00ed webov\u00fdch str\u00e1nek. Informace shroma\u017e\u010fovan\u00e9 soubory cookies jsou p\u0159ed\u00e1v\u00e1ny na serveru Google nach\u00e1zej\u00edc\u00ed se v USA a jsou archivov\u00e1ny.<br \/>\nPokud je funkce anonymizace IP adresy zapnuta b\u011bhem pou\u017e\u00edv\u00e1n\u00ed na\u0161ich webov\u00fdch str\u00e1nek, Google zkracuje IP adresu u\u017eivatele. T\u00fdk\u00e1 se to \u010dlensk\u00fdch zem\u00ed Evropsk\u00e9 Unie a \u010dlensk\u00fdch st\u00e1t\u016f Dohody o Evropsk\u00e9m hospod\u00e1\u0159sk\u00e9m prostoru. Jen ve v\u00fdjime\u010dn\u00fdch p\u0159\u00edpadech je \u00fapln\u00e1 IP adresa zas\u00edl\u00e1na na server Google v USA a tam zkracov\u00e1na. T\u00edmto zp\u016fsobem bude funkce anonymizace IP adresy fungovat na na\u0161ich webov\u00fdch str\u00e1nk\u00e1ch. Na \u017e\u00e1dost oper\u00e1tora webov\u00fdch str\u00e1nek pou\u017e\u00edv\u00e1 Google shrom\u00e1\u017ed\u011bn\u00e9 informace na anal\u00fdzu pou\u017e\u00edv\u00e1n\u00ed webov\u00fdch str\u00e1nek, p\u0159\u00edpravu report\u016f ohledn\u011b pou\u017e\u00edv\u00e1n\u00ed webov\u00fdch str\u00e1nek a jin\u00fdch slu\u017eeb souvisej\u00edc\u00edch s pou\u017e\u00edv\u00e1n\u00edm internetu. IP adresa poskytnut\u00e1 prohl\u00ed\u017ee\u010dem U\u017eivatele v r\u00e1mci programu Google Analytics nen\u00ed ukl\u00e1d\u00e1na spolu s jin\u00fdmi \u00fadaji Google.<br \/>\nU\u017eivatel m\u016f\u017ee zablokovat ukl\u00e1d\u00e1n\u00ed soubor\u016f cookies ve webov\u00e9m prohl\u00ed\u017ee\u010di. Av\u0161ak v takov\u00e9m p\u0159\u00edpad\u011b \u00fapln\u00e9 pou\u017e\u00edv\u00e1n\u00ed v\u0161ech funkc\u00ed webov\u00fdch str\u00e1nek nebude mo\u017en\u00e9.<\/p>\n","protected":false},"excerpt":{"rendered":"<p>Pou\u017e\u00edv\u00e1n\u00edm na\u0161ich webov\u00fdch str\u00e1nek n\u00e1m sv\u011b\u0159ujete sv\u00e9 osobn\u00ed \u00fadaje. Na t\u00e9to str\u00e1nce uv\u00e1d\u00edme, jak\u00e9 informace shroma\u017e\u010fujeme a pravidla jak je pou\u017e\u00edv\u00e1me. Provozovatel KASAVA s.r.o. se s\u00eddlem Horna Trnovsk\u00e1 71, 010 01 \u017dilina, Slovensk\u00e1 republika, I\u010c: 36389307, DI\u010c: 2021473168, shroma\u017e\u010fuje n\u00e1sleduj\u00edc\u00ed osobn\u00ed \u00fadaje: cookies provozovatel zpracov\u00e1v\u00e1 Va\u0161e kontaktn\u00ed \u00fadaje pro \u00fa\u010dely p\u0159edsmluvn\u00edch vztah\u016f, \u00fadaje na doru\u010den\u00ed [&hellip;]<\/p>\n","protected":false},"author":1,"featured_media":0,"parent":0,"menu_order":0,"comment_status":"closed","ping_status":"closed","template":"","meta":[],"_links":{"self":[{"href":"https:\/\/test.artside.sk\/cs\/wp-json\/wp\/v2\/pages\/2214"}],"collection":[{"href":"https:\/\/test.artside.sk\/cs\/wp-json\/wp\/v2\/pages"}],"about":[{"href":"https:\/\/test.artside.sk\/cs\/wp-json\/wp\/v2\/types\/page"}],"author":[{"embeddable":true,"href":"https:\/\/test.artside.sk\/cs\/wp-json\/wp\/v2\/users\/1"}],"replies":[{"embeddable":true,"href":"https:\/\/test.artside.sk\/cs\/wp-json\/wp\/v2\/comments?post=2214"}],"version-history":[{"count":0,"href":"https:\/\/test.artside.sk\/cs\/wp-json\/wp\/v2\/pages\/2214\/revisions"}],"wp:attachment":[{"href":"https:\/\/test.artside.sk\/cs\/wp-json\/wp\/v2\/media?parent=2214"}],"curies":[{"name":"wp","href":"https:\/\/api.w.org\/{rel}","templated":true}]}}