{"id":2271,"date":"2019-02-16T18:30:08","date_gmt":"2019-02-16T17:30:08","guid":{"rendered":"https:\/\/artside.sk\/jak-postupovat-pri-vymene-zbozi\/"},"modified":"2021-08-02T17:09:30","modified_gmt":"2021-08-02T15:09:30","slug":"jak-postupovat-pri-vymene-zbozi","status":"publish","type":"page","link":"https:\/\/test.artside.sk\/cs\/jak-postupovat-pri-vymene-zbozi\/","title":{"rendered":"Jak postupovat p\u0159i v\u00fdm\u011bn\u011b\/vr\u00e1cen\u00ed zbo\u017e\u00ed"},"content":{"rendered":"<p>V\u00edme, \u017ee nakupovat oble\u010den\u00ed p\u0159es internet je nejist\u00e9, proto v\u00e1m v p\u0159\u00edpad\u011b v\u00fdm\u011bny chceme situaci co nejv\u00edce zjednodu\u0161it \ud83d\ude42 Pokud V\u00e1m nesedla velikost nebo chcete zbo\u017e\u00ed vym\u011bnit za jin\u00fd m\u00e1te na to pr\u00e1vo do 14 kalend\u00e1\u0159n\u00edch dn\u016f od p\u0159evzet\u00ed bal\u00edku.<\/p>\n<p><strong>Jednoduch\u00fd postup p\u0159es Z\u00e1silkovnu:<\/strong><\/p>\n<ol>\n<li>Zabalte pros\u00edm zakoupen\u00e9 zbo\u017e\u00ed, tak aby se nepo\u0161kodilo.<\/li>\n<li>P\u0159ilo\u017ete ke zbo\u017e\u00ed popis pro\u010d dan\u00fd zbo\u017e\u00ed m\u011bn\u00edte \/ vrac\u00edte (nap\u0159\u00edklad nesedla mi velikost, pros\u00edm o v\u00fdm\u011bnu za v\u011bt\u0161\u00ed velikost &#8211; XL, nebo n\u00e1m napi\u0161te \u010d\u00edslo Va\u0161eho bankovn\u00edho \u00fa\u010dtu (\u010d\u00edslo \u00fa\u010dtu a k\u00f3d banky), kde V\u00e1m vr\u00e1t\u00edme pen\u00edze)<\/li>\n<li>Zaneste z\u00e1silku na n\u011bkter\u00e9 <a href=\"https:\/\/www.zasilkovna.cz\/pobocky\"><span style=\"color: #ff9900;\"><strong>v\u00fddejn\u00ed m\u00edsto z\u00e1silkovny<\/strong><\/span><\/a>, kter\u00e9 v\u00e1m nejl\u00e9pe vyhovuje.<\/li>\n<li>Na m\u00edst\u011b sta\u010d\u00ed nahl\u00e1sit tento identifik\u00e1tor: <strong>91356513<\/strong><\/li>\n<li>Vytisknou v\u00e1m etiketu, nalep\u00ed a po\u0161lu bal\u00edk zp\u011bt k n\u00e1m. Za p\u0159epravu u\u017e nic neplat\u00edte. \ud83d\ude42<\/li>\n<li>Po obdr\u017een\u00ed nepo\u0161kozen\u00e9 z\u00e1silky V\u00e1m za\u0161leme nov\u00fd bal\u00ed\u010dek, nebo vr\u00e1t\u00edme pen\u00edze.<\/li>\n<\/ol>\n<p><strong>Pokud nen\u00ed nikde ve va\u0161em okol\u00ed pobo\u010dka Z\u00e1silkovna:<\/strong><\/p>\n<ol>\n<li>Zabalte pros\u00edm zakoupen\u00e9 zbo\u017e\u00ed, tak aby se nepo\u0161kodilo<\/li>\n<li>P\u0159ilo\u017ete ke zbo\u017e\u00ed popis pro\u010d dan\u00fd zbo\u017e\u00ed m\u011bn\u00edte \/ vrac\u00edte (nap\u0159\u00edklad nesedla mi velikost, pros\u00edm o v\u00fdm\u011bnu za v\u011bt\u0161\u00ed velikost &#8211; XL, nebo n\u00e1m napi\u0161te \u010d\u00edslo Va\u0161eho bankovn\u00edho \u00fa\u010dtu (\u010d\u00edslo \u00fa\u010dtu a k\u00f3d banky), kde V\u00e1m vr\u00e1t\u00edme pen\u00edze)<\/li>\n<li>Zbo\u017e\u00ed n\u00e1m za\u0161lete na na\u0161i adresu. Doporu\u010dujeme poslat jako doporu\u010den\u00fd dopis &#8211; ni\u017e\u0161\u00ed cena<\/li>\n<li>Po obdr\u017een\u00ed nepo\u0161kozen\u00e9 z\u00e1silky V\u00e1m za\u0161leme nov\u00fd bal\u00ed\u010dek, nebo vr\u00e1t\u00edme pen\u00edze.<\/li>\n<\/ol>\n<p><strong>Adresa:<\/strong> KASAVA s.r.o., Horn\u00ed Trnovsk\u00e1 71, 01001 \u017dilina, Slovensko.<\/p>\n","protected":false},"excerpt":{"rendered":"<p>V\u00edme, \u017ee nakupovat oble\u010den\u00ed p\u0159es internet je nejist\u00e9, proto v\u00e1m v p\u0159\u00edpad\u011b v\u00fdm\u011bny chceme situaci co nejv\u00edce zjednodu\u0161it \ud83d\ude42 Pokud V\u00e1m nesedla velikost nebo chcete zbo\u017e\u00ed vym\u011bnit za jin\u00fd m\u00e1te na to pr\u00e1vo do 14 kalend\u00e1\u0159n\u00edch dn\u016f od p\u0159evzet\u00ed bal\u00edku. Jednoduch\u00fd postup p\u0159es Z\u00e1silkovnu: Zabalte pros\u00edm zakoupen\u00e9 zbo\u017e\u00ed, tak aby se nepo\u0161kodilo. P\u0159ilo\u017ete ke zbo\u017e\u00ed [&hellip;]<\/p>\n","protected":false},"author":1,"featured_media":0,"parent":0,"menu_order":0,"comment_status":"closed","ping_status":"closed","template":"","meta":[],"_links":{"self":[{"href":"https:\/\/test.artside.sk\/cs\/wp-json\/wp\/v2\/pages\/2271"}],"collection":[{"href":"https:\/\/test.artside.sk\/cs\/wp-json\/wp\/v2\/pages"}],"about":[{"href":"https:\/\/test.artside.sk\/cs\/wp-json\/wp\/v2\/types\/page"}],"author":[{"embeddable":true,"href":"https:\/\/test.artside.sk\/cs\/wp-json\/wp\/v2\/users\/1"}],"replies":[{"embeddable":true,"href":"https:\/\/test.artside.sk\/cs\/wp-json\/wp\/v2\/comments?post=2271"}],"version-history":[{"count":3,"href":"https:\/\/test.artside.sk\/cs\/wp-json\/wp\/v2\/pages\/2271\/revisions"}],"predecessor-version":[{"id":21818,"href":"https:\/\/test.artside.sk\/cs\/wp-json\/wp\/v2\/pages\/2271\/revisions\/21818"}],"wp:attachment":[{"href":"https:\/\/test.artside.sk\/cs\/wp-json\/wp\/v2\/media?parent=2271"}],"curies":[{"name":"wp","href":"https:\/\/api.w.org\/{rel}","templated":true}]}}