{"id":17416,"date":"2019-07-19T18:20:33","date_gmt":"2020-02-19T17:20:37","guid":{"rendered":"https:\/\/artside.sk\/?post_type=product&#038;p=17416"},"modified":"2021-08-05T22:20:52","modified_gmt":"2021-08-05T20:20:52","slug":"originalne-panske-triko-liska","status":"publish","type":"product","link":"https:\/\/test.artside.sk\/cs\/produkt\/originalne-panske-triko-liska\/","title":{"rendered":"P\u00e1nsk\u00e9 triko &#8222;Li\u0161ka&#8220; &#8211; native"},"content":{"rendered":"<div class=\"tlid-input input\">\n<div class=\"source-wrap\">\n<div class=\"input-full-height-wrapper tlid-input-full-height-wrapper\">\n<div class=\"source-input\">\n<div class=\"source-header\">Kvalitn\u00ed p\u00e1nsk\u00e9 tri\u010dko se stylov\u00fdm potiskem li\u0161ky na p\u0159edn\u00ed stran\u011b. Tri\u010dko po pran\u00ed dob\u0159e dr\u017e\u00ed tvar a neztr\u00e1c\u00ed barvu. Vysoce kvalitn\u00ed a st\u00e1l\u00fd potisk.<\/div>\n<\/div>\n<ul>\n<li>100% bavlna<\/li>\n<li>kulat\u00fd v\u00fdst\u0159ih<\/li>\n<li>bez bo\u010dn\u00edch \u0161v\u016f<\/li>\n<li>185g \/ m2<\/li>\n<li><strong>model m\u00e1 v\u00fd\u0161ku 178 cm a oble\u010denou velikost M<\/strong><\/li>\n<\/ul>\n<table width=\"107\">\n<tbody>\n<tr>\n<td width=\"205\">\n<h1><strong>Velikosti (cm):<\/strong><\/h1>\n<\/td>\n<td width=\"205\"><img loading=\"lazy\" class=\"alignnone wp-image-1475\" src=\"https:\/\/artside.sk\/wp-content\/uploads\/2018\/01\/sirka_tricka.jpg\" sizes=\"(max-width: 220px) 100vw, 220px\" srcset=\"https:\/\/artside.sk\/wp-content\/uploads\/2018\/01\/sirka_tricka.jpg 299w, https:\/\/artside.sk\/wp-content\/uploads\/2018\/01\/sirka_tricka-100x100.jpg 100w\" alt=\"\" width=\"220\" height=\"217\" \/><\/td>\n<td width=\"205\"><img loading=\"lazy\" class=\"alignnone wp-image-1477\" src=\"https:\/\/artside.sk\/wp-content\/uploads\/2018\/01\/vyska_tricka.jpg\" alt=\"\" width=\"220\" height=\"208\" \/><\/td>\n<\/tr>\n<tr>\n<td width=\"205\"><strong>S<\/strong><\/p>\n<hr \/>\n<\/td>\n<td width=\"205\"><strong>50<\/strong><\/p>\n<hr \/>\n<\/td>\n<td width=\"205\"><strong>69<\/strong><\/p>\n<hr \/>\n<\/td>\n<\/tr>\n<tr>\n<td width=\"205\"><span style=\"color: #ff6600;\"><strong>M<\/strong><\/span><\/p>\n<hr \/>\n<\/td>\n<td width=\"205\"><span style=\"color: #ff6600;\"><strong>53<\/strong><\/span><\/p>\n<hr \/>\n<\/td>\n<td width=\"205\"><span style=\"color: #ff6600;\"><strong>72<\/strong><\/span><\/p>\n<hr \/>\n<\/td>\n<\/tr>\n<tr>\n<td width=\"205\"><strong>L<\/strong><\/p>\n<hr \/>\n<\/td>\n<td width=\"205\"><strong>56<\/strong><\/p>\n<hr \/>\n<\/td>\n<td width=\"205\"><strong>74<\/strong><\/p>\n<hr \/>\n<\/td>\n<\/tr>\n<tr>\n<td width=\"205\"><span style=\"color: #ff6600;\"><strong>XL<\/strong><\/span><\/p>\n<hr \/>\n<\/td>\n<td width=\"205\"><span style=\"color: #ff6600;\"><strong>59<\/strong><\/span><\/p>\n<hr \/>\n<\/td>\n<td width=\"205\"><strong><span style=\"color: #ff6600;\">76<\/span><\/strong><\/p>\n<hr \/>\n<\/td>\n<\/tr>\n<tr>\n<td width=\"205\"><strong>XXL<\/strong><\/td>\n<td width=\"205\"><strong>62<\/strong><\/td>\n<td width=\"205\"><strong>78<\/strong><\/td>\n<\/tr>\n<\/tbody>\n<\/table>\n<\/div>\n<\/div>\n<\/div>\n","protected":false},"excerpt":{"rendered":"<div class=\"tlid-input input\">\n<div class=\"source-wrap\">\n<div class=\"input-full-height-wrapper tlid-input-full-height-wrapper\">\n<div class=\"source-input\">\n<div class=\"source-header\">Kvalitn\u00ed p\u00e1nsk\u00e9 tri\u010dko s designem &#8222;Li\u0161ka&#8220; z kolekce &#8222;Native&#8220;.<\/div>\n<\/div>\n<\/div>\n<\/div>\n<\/div>\n<div class=\"tlid-results-container results-container\">\n<div class=\"tlid-result result-dict-wrapper\">\n<div class=\"result tlid-copy-target\">\n<div class=\"text-wrap tlid-copy-target\">\n<div class=\"result-shield-container tlid-copy-target\">\n<p><strong><span title=\"\">Dod\u00e1n\u00ed<\/span> <span title=\"\">do<\/span> <span title=\"\">3-7<\/span> <span title=\"\">pracovn\u00edch<\/span> <span class=\"\" title=\"\">dn\u00fa. <\/span><\/strong><span class=\"\" title=\"\">Jednoduch\u00e1 v\u00fdm\u011bna zbo\u017e\u00ed zdarma p\u0159es Z\u00e1silkovnu (Podruh\u00e9 po\u0161tovn\u00e9 neplat\u00ed\u0161).<\/span><\/p>\n<\/div>\n<\/div>\n<\/div>\n<\/div>\n<\/div>\n","protected":false},"featured_media":17433,"comment_status":"open","ping_status":"closed","template":"","meta":[],"product_cat":[80,84],"product_tag":[],"jetpack_publicize_connections":[],"_links":{"self":[{"href":"https:\/\/test.artside.sk\/cs\/wp-json\/wp\/v2\/product\/17416"}],"collection":[{"href":"https:\/\/test.artside.sk\/cs\/wp-json\/wp\/v2\/product"}],"about":[{"href":"https:\/\/test.artside.sk\/cs\/wp-json\/wp\/v2\/types\/product"}],"replies":[{"embeddable":true,"href":"https:\/\/test.artside.sk\/cs\/wp-json\/wp\/v2\/comments?post=17416"}],"wp:featuredmedia":[{"embeddable":true,"href":"https:\/\/test.artside.sk\/cs\/wp-json\/wp\/v2\/media\/17433"}],"wp:attachment":[{"href":"https:\/\/test.artside.sk\/cs\/wp-json\/wp\/v2\/media?parent=17416"}],"wp:term":[{"taxonomy":"product_cat","embeddable":true,"href":"https:\/\/test.artside.sk\/cs\/wp-json\/wp\/v2\/product_cat?post=17416"},{"taxonomy":"product_tag","embeddable":true,"href":"https:\/\/test.artside.sk\/cs\/wp-json\/wp\/v2\/product_tag?post=17416"}],"curies":[{"name":"wp","href":"https:\/\/api.w.org\/{rel}","templated":true}]}}