{"id":18120,"date":"2019-01-04T18:44:00","date_gmt":"2020-04-04T16:44:03","guid":{"rendered":"https:\/\/artside.sk\/?post_type=product&#038;p=18120"},"modified":"2021-08-08T03:45:30","modified_gmt":"2021-08-08T01:45:30","slug":"panske-triko-drz-si-odstup-biohazard","status":"publish","type":"product","link":"https:\/\/test.artside.sk\/cs\/produkt\/panske-triko-drz-si-odstup-biohazard\/","title":{"rendered":"P\u00e1nsk\u00e9 triko &#8222;DR\u017d SI ODSTUP&#8220; Biohazard"},"content":{"rendered":"<div class=\"tlid-input input\">\n<div class=\"source-wrap\">\n<div class=\"input-full-height-wrapper tlid-input-full-height-wrapper\">\n<div class=\"source-input\">\n<div class=\"source-header\">Kvalitn\u00ed p\u00e1nsk\u00e9 tri\u010dko se stylov\u00fdm potiskem (&#8222;Dr\u017e si odstup&#8220; Biohazard) na p\u0159edn\u00ed stran\u011b. Tri\u010dko dob\u0159e dr\u017e\u00ed tvar po pran\u00ed.<\/div>\n<\/div>\n<\/div>\n<\/div>\n<\/div>\n<div class=\"tlid-results-container results-container\">\n<div class=\"tlid-result result-dict-wrapper\">\n<div class=\"result tlid-copy-target\">\n<div class=\"text-wrap tlid-copy-target\">\n<div class=\"result-shield-container tlid-copy-target\">\n<ul>\n<li>100% bavlna<\/li>\n<li>kulat\u00fd v\u00fdst\u0159ih<\/li>\n<li>vnit\u0159n\u00ed \u010d\u00e1st zadn\u00edho pr\u016fkr\u010dn\u00edku za\u010di\u0161t\u011bna tkanou p\u00e1skou<\/li>\n<li>zpev\u0148uj\u00edc\u00ed ramenn\u00ed p\u00e1ska<\/li>\n<li>185g \/ m2<\/li>\n<li>model m\u00e1 v\u00fd\u0161ku 178 cm a oble\u010denou velikost M<\/li>\n<\/ul>\n<table width=\"107\">\n<tbody>\n<tr>\n<td width=\"205\">\n<h1><strong>Velikosti<\/strong><\/h1>\n<h1><strong>(cm)<\/strong><strong>:<\/strong><\/h1>\n<\/td>\n<td width=\"205\"><img loading=\"lazy\" class=\"alignnone wp-image-1970 size-medium\" src=\"https:\/\/artside.cz\/wp-content\/uploads\/2019\/01\/sirka-300x276.jpg\" sizes=\"(max-width: 300px) 100vw, 300px\" srcset=\"https:\/\/artside.cz\/wp-content\/uploads\/2019\/01\/sirka-300x276.jpg 300w, https:\/\/artside.sk\/wp-content\/uploads\/2019\/01\/sirka-174x160.jpg 174w, https:\/\/artside.sk\/wp-content\/uploads\/2019\/01\/sirka.jpg 321w\" alt=\"\" width=\"300\" height=\"276\" \/><\/td>\n<td width=\"205\"><img loading=\"lazy\" class=\"alignnone wp-image-1973 size-medium\" src=\"https:\/\/artside.cz\/wp-content\/uploads\/2019\/01\/vyska-300x276.jpg\" sizes=\"(max-width: 300px) 100vw, 300px\" srcset=\"https:\/\/artside.cz\/wp-content\/uploads\/2019\/01\/vyska-300x276.jpg 300w, https:\/\/artside.sk\/wp-content\/uploads\/2019\/01\/vyska-174x160.jpg 174w, https:\/\/artside.sk\/wp-content\/uploads\/2019\/01\/vyska.jpg 321w\" alt=\"\" width=\"300\" height=\"276\" \/><\/td>\n<\/tr>\n<tr>\n<td width=\"205\"><strong>S<\/strong><\/p>\n<hr \/>\n<\/td>\n<td width=\"205\"><strong>50<\/strong><\/p>\n<hr \/>\n<\/td>\n<td width=\"205\"><strong>69<\/strong><\/p>\n<hr \/>\n<\/td>\n<\/tr>\n<tr>\n<td width=\"205\"><span style=\"color: #ff6600;\"><strong>M<\/strong><\/span><\/p>\n<hr \/>\n<\/td>\n<td width=\"205\"><span style=\"color: #ff6600;\"><strong>53<\/strong><\/span><\/p>\n<hr \/>\n<\/td>\n<td width=\"205\"><span style=\"color: #ff6600;\"><strong>72<\/strong><\/span><\/p>\n<hr \/>\n<\/td>\n<\/tr>\n<tr>\n<td width=\"205\"><strong>L<\/strong><\/p>\n<hr \/>\n<\/td>\n<td width=\"205\"><strong>56<\/strong><\/p>\n<hr \/>\n<\/td>\n<td width=\"205\"><strong>74<\/strong><\/p>\n<hr \/>\n<\/td>\n<\/tr>\n<tr>\n<td width=\"205\"><span style=\"color: #ff6600;\"><strong>XL<\/strong><\/span><\/p>\n<hr \/>\n<\/td>\n<td width=\"205\"><span style=\"color: #ff6600;\"><strong>59<\/strong><\/span><\/p>\n<hr \/>\n<\/td>\n<td width=\"205\"><span style=\"color: #ff6600;\"><strong>76<\/strong><\/span><\/p>\n<hr \/>\n<\/td>\n<\/tr>\n<tr>\n<td width=\"205\"><strong>XXL<\/strong><\/td>\n<td width=\"205\"><strong>62<\/strong><\/td>\n<td width=\"205\"><strong>78<\/strong><\/td>\n<\/tr>\n<\/tbody>\n<\/table>\n<\/div>\n<\/div>\n<\/div>\n<\/div>\n<\/div>\n","protected":false},"excerpt":{"rendered":"<p>Design reaguje na pandemii Korona viru a upozor\u0148uje na dodr\u017eov\u00e1n\u00ed odstupu pro ochranu zdrav\u00ed. Situace kolem Korona viru je v\u00e1\u017en\u00e1 a dodr\u017eov\u00e1n\u00ed odstupu, \u010di no\u0161en\u00ed rou\u0161ek n\u00e1m i na\u0161im bl\u00edzk\u00fdm m\u016f\u017ee zachr\u00e1nit zdrav\u00ed a v n\u011bkter\u00fdch p\u0159\u00edpadech i \u017eivot. Z\u016fsta\u0148me zdrav\u00ed \ud83d\ude42<\/p>\n<p><strong>Dod\u00e1n\u00ed do 3-7 pracovn\u00edch dn\u00fa. <\/strong>Jednoduch\u00e1 v\u00fdmena tovaru zdarma cez Z\u00e1sielkov\u0148u (druh\u00fd kr\u00e1t po\u0161tovn\u00e9 neplat\u00ed\u0161).<\/p>\n","protected":false},"featured_media":18143,"comment_status":"open","ping_status":"closed","template":"","meta":[],"product_cat":[80,84],"product_tag":[],"jetpack_publicize_connections":[],"_links":{"self":[{"href":"https:\/\/test.artside.sk\/cs\/wp-json\/wp\/v2\/product\/18120"}],"collection":[{"href":"https:\/\/test.artside.sk\/cs\/wp-json\/wp\/v2\/product"}],"about":[{"href":"https:\/\/test.artside.sk\/cs\/wp-json\/wp\/v2\/types\/product"}],"replies":[{"embeddable":true,"href":"https:\/\/test.artside.sk\/cs\/wp-json\/wp\/v2\/comments?post=18120"}],"wp:featuredmedia":[{"embeddable":true,"href":"https:\/\/test.artside.sk\/cs\/wp-json\/wp\/v2\/media\/18143"}],"wp:attachment":[{"href":"https:\/\/test.artside.sk\/cs\/wp-json\/wp\/v2\/media?parent=18120"}],"wp:term":[{"taxonomy":"product_cat","embeddable":true,"href":"https:\/\/test.artside.sk\/cs\/wp-json\/wp\/v2\/product_cat?post=18120"},{"taxonomy":"product_tag","embeddable":true,"href":"https:\/\/test.artside.sk\/cs\/wp-json\/wp\/v2\/product_tag?post=18120"}],"curies":[{"name":"wp","href":"https:\/\/api.w.org\/{rel}","templated":true}]}}