{"id":18216,"date":"2019-04-12T18:01:24","date_gmt":"2019-04-12T16:01:24","guid":{"rendered":"https:\/\/artside.sk\/?post_type=product&#038;p=18216"},"modified":"2021-07-31T10:35:02","modified_gmt":"2021-07-31T08:35:02","slug":"damske-triko-native-mandala","status":"publish","type":"product","link":"https:\/\/test.artside.sk\/cs\/produkt\/damske-triko-native-mandala\/","title":{"rendered":"D\u00e1msk\u00e9 triko &#8222;Native Mandala&#8220;"},"content":{"rendered":"<p>Kvalitn\u00ed unisex tri\u010dko se stylov\u00fdm potiskem &#8222;Native Mandala&#8220; na p\u0159edn\u00ed stran\u011b. Tri\u010dko po pran\u00ed dob\u0159e dr\u017e\u00ed tvar a neztr\u00e1c\u00ed barvu. Vysoce kvalitn\u00ed a st\u00e1l\u00fd potisk.<\/p>\n<ul>\n<li>100% bavlna<\/li>\n<li>kulat\u00fd v\u00fdst\u0159ih<\/li>\n<li>bez bo\u010dn\u00edch \u0161v\u016f<\/li>\n<li>185g \/ m2<\/li>\n<li>modelka m\u00e1 v\u00fd\u0161ku 173 cm a oble\u010denou velikost S<\/li>\n<\/ul>\n<table width=\"107\">\n<tbody>\n<tr>\n<td width=\"205\">\n<h1><strong>Velikosti<\/strong><\/h1>\n<h1><strong>(cm)<\/strong><strong>:<\/strong><\/h1>\n<\/td>\n<td width=\"205\"><img loading=\"lazy\" class=\"alignnone wp-image-1475\" src=\"https:\/\/artside.sk\/wp-content\/uploads\/2018\/01\/sirka_tricka.jpg\" sizes=\"(max-width: 220px) 100vw, 220px\" srcset=\"https:\/\/artside.sk\/wp-content\/uploads\/2018\/01\/sirka_tricka.jpg 299w, https:\/\/artside.sk\/wp-content\/uploads\/2018\/01\/sirka_tricka-100x100.jpg 100w\" alt=\"\" width=\"220\" height=\"217\" \/><\/td>\n<td width=\"205\"><img loading=\"lazy\" class=\"alignnone wp-image-1477\" src=\"https:\/\/artside.sk\/wp-content\/uploads\/2018\/01\/vyska_tricka.jpg\" alt=\"\" width=\"220\" height=\"208\" \/><\/td>\n<\/tr>\n<tr>\n<td width=\"205\"><strong>XS<\/strong><\/p>\n<hr \/>\n<\/td>\n<td width=\"205\"><strong>45<\/strong><\/p>\n<hr \/>\n<\/td>\n<td width=\"205\"><strong>63<\/strong><\/p>\n<hr \/>\n<\/td>\n<\/tr>\n<tr>\n<td width=\"205\"><span style=\"color: #ff6600;\"><strong>S<\/strong><\/span><\/p>\n<hr \/>\n<\/td>\n<td width=\"205\"><span style=\"color: #ff6600;\"><strong>50<\/strong><\/span><\/p>\n<hr \/>\n<\/td>\n<td width=\"205\"><span style=\"color: #ff6600;\"><strong>69<\/strong><\/span><\/p>\n<hr \/>\n<\/td>\n<\/tr>\n<tr>\n<td width=\"205\"><strong>M<\/strong><\/p>\n<hr \/>\n<\/td>\n<td width=\"205\"><strong>53<\/strong><\/p>\n<hr \/>\n<\/td>\n<td width=\"205\"><strong>72<\/strong><\/p>\n<hr \/>\n<\/td>\n<\/tr>\n<tr>\n<td width=\"205\"><span style=\"color: #ff6600;\"><strong>L<\/strong><\/span><\/p>\n<hr \/>\n<\/td>\n<td width=\"205\"><span style=\"color: #ff6600;\"><strong>56<\/strong><\/span><\/p>\n<hr \/>\n<\/td>\n<td width=\"205\"><span style=\"color: #ff6600;\"><strong>74<\/strong><\/span><\/p>\n<hr \/>\n<\/td>\n<\/tr>\n<tr>\n<td width=\"205\"><strong>XL<\/strong><\/td>\n<td width=\"205\"><strong>59<\/strong><\/td>\n<td width=\"205\"><strong>76<\/strong><\/td>\n<\/tr>\n<\/tbody>\n<\/table>\n","protected":false},"excerpt":{"rendered":"<p>Design &#8222;Native Mandala&#8220; inspirovan\u00fd \u00factou k p\u0159\u00edrod\u011b. Zobrazuje \u010dist\u00e9 p\u0159\u00edrodn\u00ed prost\u0159ed\u00ed bez \u0161kodliv\u00fdch z\u00e1sah\u016f civilizace.<\/p>\n<p><strong>Dod\u00e1n\u00ed do 3-7 pracovn\u00edch dn\u016f. <\/strong>Jednoduch\u00e1 v\u00fdm\u011bna zbo\u017e\u00ed zdarma p\u0159es Z\u00e1silkovnu (Podruh\u00e9 po\u0161tovn\u00e9 neplat\u00ed\u0161).<\/p>\n","protected":false},"featured_media":18231,"comment_status":"open","ping_status":"closed","template":"","meta":[],"product_cat":[80,82],"product_tag":[],"jetpack_publicize_connections":[],"_links":{"self":[{"href":"https:\/\/test.artside.sk\/cs\/wp-json\/wp\/v2\/product\/18216"}],"collection":[{"href":"https:\/\/test.artside.sk\/cs\/wp-json\/wp\/v2\/product"}],"about":[{"href":"https:\/\/test.artside.sk\/cs\/wp-json\/wp\/v2\/types\/product"}],"replies":[{"embeddable":true,"href":"https:\/\/test.artside.sk\/cs\/wp-json\/wp\/v2\/comments?post=18216"}],"wp:featuredmedia":[{"embeddable":true,"href":"https:\/\/test.artside.sk\/cs\/wp-json\/wp\/v2\/media\/18231"}],"wp:attachment":[{"href":"https:\/\/test.artside.sk\/cs\/wp-json\/wp\/v2\/media?parent=18216"}],"wp:term":[{"taxonomy":"product_cat","embeddable":true,"href":"https:\/\/test.artside.sk\/cs\/wp-json\/wp\/v2\/product_cat?post=18216"},{"taxonomy":"product_tag","embeddable":true,"href":"https:\/\/test.artside.sk\/cs\/wp-json\/wp\/v2\/product_tag?post=18216"}],"curies":[{"name":"wp","href":"https:\/\/api.w.org\/{rel}","templated":true}]}}