{"id":18251,"date":"2019-07-12T18:24:45","date_gmt":"2020-04-12T16:24:48","guid":{"rendered":"https:\/\/artside.sk\/?post_type=product&#038;p=18251"},"modified":"2021-07-26T03:38:52","modified_gmt":"2021-07-26T01:38:52","slug":"damske-ponco-native-mandala","status":"publish","type":"product","link":"https:\/\/test.artside.sk\/cs\/produkt\/damske-ponco-native-mandala\/","title":{"rendered":"D\u00e1msk\u00e9 pon\u010do &#8211; &#8222;Native Mandala&#8220;"},"content":{"rendered":"<p>D\u00e1msk\u00e9 pon\u010do m\u00f3dn\u00edho vzhledu je z tkaniny Francouzsk\u00e9ho terry, kter\u00e9 je zn\u00e1m\u00e9 svou luxusn\u00ed texturou, v\u00fdbornou absorpc\u00ed a antiseptick\u00fdmi vlastnostmi. Vyu\u017e\u00edv\u00e1 se \u010dasto ve sportovn\u00edm oble\u010den\u00ed.<\/p>\n<ul>\n<li>materi\u00e1l: 100% bavlna<\/li>\n<li>s kapuc\u00ed<\/li>\n<li>pon\u010do<\/li>\n<li>bez ruk\u00e1v\u016f<\/li>\n<li>francouzsk\u00e9 terry<\/li>\n<li>m\u00f3dn\u00ed vzhled<\/li>\n<li>potisk na p\u0159edn\u00ed i zadn\u00ed stran\u011b<\/li>\n<li>barva: \u0161ed\u00e1<\/li>\n<li>240 g \/ m2<\/li>\n<li>model m\u00e1 v\u00fd\u0161ku 178 cm a oble\u010denou velikost M<\/li>\n<\/ul>\n<table style=\"height: 351px;\" width=\"202\">\n<tbody>\n<tr>\n<td width=\"205\">\n<h1><strong>Velikosti<\/strong><\/h1>\n<h1><strong>(cm)<\/strong><strong>:<\/strong><\/h1>\n<\/td>\n<td width=\"205\"><img loading=\"lazy\" class=\"alignnone size-medium wp-image-1242\" src=\"https:\/\/artside.sk\/wp-content\/uploads\/2018\/05\/rozmery-prsia-ponco-01-294x300.jpg\" alt=\"\" width=\"294\" height=\"300\" srcset=\"https:\/\/test.artside.sk\/wp-content\/uploads\/2018\/05\/rozmery-prsia-ponco-01-294x300.jpg 294w, https:\/\/test.artside.sk\/wp-content\/uploads\/2018\/05\/rozmery-prsia-ponco-01-150x153.jpg 150w, https:\/\/test.artside.sk\/wp-content\/uploads\/2018\/05\/rozmery-prsia-ponco-01-157x160.jpg 157w, https:\/\/test.artside.sk\/wp-content\/uploads\/2018\/05\/rozmery-prsia-ponco-01.jpg 325w\" sizes=\"(max-width: 294px) 100vw, 294px\" \/><\/td>\n<td width=\"205\"><img loading=\"lazy\" class=\"alignnone size-medium wp-image-1243\" src=\"https:\/\/artside.sk\/wp-content\/uploads\/2018\/05\/rozmery-ponco-vyska-01-294x300.jpg\" alt=\"\" width=\"294\" height=\"300\" srcset=\"https:\/\/test.artside.sk\/wp-content\/uploads\/2018\/05\/rozmery-ponco-vyska-01-294x300.jpg 294w, https:\/\/test.artside.sk\/wp-content\/uploads\/2018\/05\/rozmery-ponco-vyska-01-150x153.jpg 150w, https:\/\/test.artside.sk\/wp-content\/uploads\/2018\/05\/rozmery-ponco-vyska-01-157x160.jpg 157w, https:\/\/test.artside.sk\/wp-content\/uploads\/2018\/05\/rozmery-ponco-vyska-01.jpg 325w\" sizes=\"(max-width: 294px) 100vw, 294px\" \/><\/td>\n<\/tr>\n<tr>\n<td width=\"205\"><strong>S<\/strong><\/p>\n<hr \/>\n<\/td>\n<td width=\"205\"><strong>62<\/strong><\/p>\n<hr \/>\n<\/td>\n<td width=\"205\"><strong>71<\/strong><\/p>\n<hr \/>\n<\/td>\n<\/tr>\n<tr>\n<td width=\"205\"><span style=\"color: #ff6600;\"><strong>M<\/strong><\/span><\/p>\n<hr \/>\n<\/td>\n<td width=\"205\"><span style=\"color: #ff6600;\"><b>64,5<\/b><\/span><\/p>\n<hr \/>\n<\/td>\n<td width=\"205\"><span style=\"color: #ff6600;\"><strong>73<\/strong><\/span><\/p>\n<hr \/>\n<\/td>\n<\/tr>\n<tr>\n<td width=\"205\"><strong>L<\/strong><\/p>\n<hr \/>\n<\/td>\n<td width=\"205\"><strong>67<\/strong><\/p>\n<hr \/>\n<\/td>\n<td width=\"205\"><strong>75<\/strong><\/p>\n<hr \/>\n<\/td>\n<\/tr>\n<tr>\n<td width=\"205\"><span style=\"color: #ff6600;\"><strong>XL<\/strong><\/span><\/p>\n<hr \/>\n<\/td>\n<td width=\"205\"><span style=\"color: #ff6600;\"><strong>69,5<\/strong><\/span><\/p>\n<hr \/>\n<\/td>\n<td width=\"205\"><span style=\"color: #ff6600;\"><strong>77<\/strong><\/span><\/p>\n<hr \/>\n<\/td>\n<\/tr>\n<tr>\n<td width=\"205\"><\/td>\n<td width=\"205\"><\/td>\n<td width=\"205\"><\/td>\n<\/tr>\n<\/tbody>\n<\/table>\n","protected":false},"excerpt":{"rendered":"<p>Design \u201cNative Mandala\u201d inspirovan\u00fd \u00factou k p\u0159\u00edrod\u011b.<\/p>\n<p>Dod\u00e1n\u00ed do\u00a0<strong>3-7<\/strong>\u00a0pracovn\u00edch dn\u016f. Jednoduch\u00e1 v\u00fdm\u011bna zbo\u017e\u00ed zdarma p\u0159es z\u00e1silkovnu (Podruh\u00e9 po\u0161tovn\u00e9 neplat\u00ed\u0161).<\/p>\n","protected":false},"featured_media":18264,"comment_status":"open","ping_status":"closed","template":"","meta":[],"product_cat":[77,80,82,76],"product_tag":[],"jetpack_publicize_connections":[],"_links":{"self":[{"href":"https:\/\/test.artside.sk\/cs\/wp-json\/wp\/v2\/product\/18251"}],"collection":[{"href":"https:\/\/test.artside.sk\/cs\/wp-json\/wp\/v2\/product"}],"about":[{"href":"https:\/\/test.artside.sk\/cs\/wp-json\/wp\/v2\/types\/product"}],"replies":[{"embeddable":true,"href":"https:\/\/test.artside.sk\/cs\/wp-json\/wp\/v2\/comments?post=18251"}],"wp:featuredmedia":[{"embeddable":true,"href":"https:\/\/test.artside.sk\/cs\/wp-json\/wp\/v2\/media\/18264"}],"wp:attachment":[{"href":"https:\/\/test.artside.sk\/cs\/wp-json\/wp\/v2\/media?parent=18251"}],"wp:term":[{"taxonomy":"product_cat","embeddable":true,"href":"https:\/\/test.artside.sk\/cs\/wp-json\/wp\/v2\/product_cat?post=18251"},{"taxonomy":"product_tag","embeddable":true,"href":"https:\/\/test.artside.sk\/cs\/wp-json\/wp\/v2\/product_tag?post=18251"}],"curies":[{"name":"wp","href":"https:\/\/api.w.org\/{rel}","templated":true}]}}