{"id":18384,"date":"2019-04-21T20:06:36","date_gmt":"2020-04-21T18:06:40","guid":{"rendered":"https:\/\/artside.sk\/?post_type=product&#038;p=18384"},"modified":"2021-05-15T00:39:09","modified_gmt":"2021-05-14T22:39:09","slug":"panske-triko-vrana-native","status":"publish","type":"product","link":"https:\/\/test.artside.sk\/cs\/produkt\/panske-triko-vrana-native\/","title":{"rendered":"P\u00e1nsk\u00e9 triko &#8222;VR\u00c1NA&#8220; Native"},"content":{"rendered":"<div class=\"tlid-input input\">\n<div class=\"source-wrap\">\n<div class=\"input-full-height-wrapper tlid-input-full-height-wrapper\">\n<div class=\"source-input\">Kvalitn\u00ed p\u00e1nsk\u00e9 tri\u010dko se stylov\u00fdm potiskem na p\u0159edn\u00ed stran\u011b. Tri\u010dko dob\u0159e dr\u017e\u00ed tvar po pran\u00ed.<\/div>\n<\/div>\n<\/div>\n<\/div>\n<div class=\"tlid-results-container results-container\">\n<div class=\"tlid-result result-dict-wrapper\">\n<div class=\"result tlid-copy-target\">\n<div class=\"text-wrap tlid-copy-target\">\n<div class=\"result-shield-container tlid-copy-target\">\n<ul>\n<li>model m\u00e1 v\u00fd\u0161ku 178 cm a oble\u010denou velikost M<\/li>\n<li>100% bavlna<\/li>\n<li>kulat\u00fd v\u00fdst\u0159ih<\/li>\n<li>vnit\u0159n\u00ed \u010d\u00e1st zadn\u00edho pr\u016fkr\u010dn\u00edku za\u010di\u0161t\u011bna tkanou p\u00e1skou<\/li>\n<li>zpev\u0148uj\u00edc\u00ed ramenn\u00ed p\u00e1ska<\/li>\n<li>186 g \/ m2<\/li>\n<\/ul>\n<table width=\"107\">\n<tbody>\n<tr>\n<td width=\"205\">\n<h1><strong>Velikosti<\/strong><\/h1>\n<h1><strong>(cm)<\/strong><strong>:<\/strong><\/h1>\n<\/td>\n<td width=\"205\"><img loading=\"lazy\" class=\"alignnone wp-image-1970 size-medium\" src=\"https:\/\/artside.sk\/wp-content\/uploads\/2019\/01\/sirka-300x276.jpg\" sizes=\"(max-width: 300px) 100vw, 300px\" srcset=\"https:\/\/artside.sk\/wp-content\/uploads\/2019\/01\/sirka-300x276.jpg 300w, https:\/\/artside.sk\/wp-content\/uploads\/2019\/01\/sirka-174x160.jpg 174w, https:\/\/artside.sk\/wp-content\/uploads\/2019\/01\/sirka.jpg 321w\" alt=\"\" width=\"300\" height=\"276\" \/><\/td>\n<td width=\"205\"><img loading=\"lazy\" class=\"alignnone wp-image-1973 size-medium\" src=\"https:\/\/artside.sk\/wp-content\/uploads\/2019\/01\/vyska-300x276.jpg\" sizes=\"(max-width: 300px) 100vw, 300px\" srcset=\"https:\/\/artside.sk\/wp-content\/uploads\/2019\/01\/vyska-300x276.jpg 300w, https:\/\/artside.sk\/wp-content\/uploads\/2019\/01\/vyska-174x160.jpg 174w, https:\/\/artside.sk\/wp-content\/uploads\/2019\/01\/vyska.jpg 321w\" alt=\"\" width=\"300\" height=\"276\" \/><\/td>\n<\/tr>\n<tr>\n<td width=\"205\"><strong>S<\/strong><\/p>\n<hr \/>\n<\/td>\n<td width=\"205\"><strong>50<\/strong><\/p>\n<hr \/>\n<\/td>\n<td width=\"205\"><strong>69<\/strong><\/p>\n<hr \/>\n<\/td>\n<\/tr>\n<tr>\n<td width=\"205\"><span style=\"color: #ff6600;\"><strong>M<\/strong><\/span><\/p>\n<hr \/>\n<\/td>\n<td width=\"205\"><span style=\"color: #ff6600;\"><strong>53<\/strong><\/span><\/p>\n<hr \/>\n<\/td>\n<td width=\"205\"><span style=\"color: #ff6600;\"><strong>72<\/strong><\/span><\/p>\n<hr \/>\n<\/td>\n<\/tr>\n<tr>\n<td width=\"205\"><strong>L<\/strong><\/p>\n<hr \/>\n<\/td>\n<td width=\"205\"><span style=\"color: #ff6600;\"><strong>56<\/strong><\/span><\/p>\n<hr \/>\n<\/td>\n<td width=\"205\"><span style=\"color: #ff6600;\"><strong>74<\/strong><\/span><\/p>\n<hr \/>\n<\/td>\n<\/tr>\n<tr>\n<td width=\"205\"><span style=\"color: #ff6600;\"><strong>XL<\/strong><\/span><\/p>\n<hr \/>\n<\/td>\n<td width=\"205\"><span style=\"color: #ff6600;\"><strong>59<\/strong><\/span><\/p>\n<hr \/>\n<\/td>\n<td width=\"205\"><span style=\"color: #ff6600;\"><strong>76<\/strong><\/span><\/p>\n<hr \/>\n<\/td>\n<\/tr>\n<tr>\n<td width=\"205\"><strong>XXL<\/strong><\/td>\n<td width=\"205\"><strong>62<\/strong><\/td>\n<td width=\"205\"><strong>78<\/strong><\/td>\n<\/tr>\n<\/tbody>\n<\/table>\n<\/div>\n<\/div>\n<\/div>\n<\/div>\n<\/div>\n","protected":false},"excerpt":{"rendered":"<p>Design pod n\u00e1zvem &#8222;VR\u00c1NA&#8220; z kolekce Native. Inspirov\u00e1no \u00factou k p\u0159\u00edrod\u011b \ud83d\ude42<\/p>\n<p><strong>Dod\u00e1n\u00ed do 3-7 pracovn\u00edch dn\u016f.\u00a0<\/strong>Jednoduch\u00e1 v\u00fdm\u011bna zbo\u017e\u00ed zdarma p\u0159es Z\u00e1silkovnu (Podruh\u00e9 po\u0161tovn\u00e9 neplat\u00ed\u0161).<\/p>\n","protected":false},"featured_media":2322,"comment_status":"open","ping_status":"closed","template":"","meta":[],"product_cat":[80,84],"product_tag":[],"jetpack_publicize_connections":[],"_links":{"self":[{"href":"https:\/\/test.artside.sk\/cs\/wp-json\/wp\/v2\/product\/18384"}],"collection":[{"href":"https:\/\/test.artside.sk\/cs\/wp-json\/wp\/v2\/product"}],"about":[{"href":"https:\/\/test.artside.sk\/cs\/wp-json\/wp\/v2\/types\/product"}],"replies":[{"embeddable":true,"href":"https:\/\/test.artside.sk\/cs\/wp-json\/wp\/v2\/comments?post=18384"}],"wp:featuredmedia":[{"embeddable":true,"href":"https:\/\/test.artside.sk\/cs\/wp-json\/wp\/v2\/media\/2322"}],"wp:attachment":[{"href":"https:\/\/test.artside.sk\/cs\/wp-json\/wp\/v2\/media?parent=18384"}],"wp:term":[{"taxonomy":"product_cat","embeddable":true,"href":"https:\/\/test.artside.sk\/cs\/wp-json\/wp\/v2\/product_cat?post=18384"},{"taxonomy":"product_tag","embeddable":true,"href":"https:\/\/test.artside.sk\/cs\/wp-json\/wp\/v2\/product_tag?post=18384"}],"curies":[{"name":"wp","href":"https:\/\/api.w.org\/{rel}","templated":true}]}}