{"id":18415,"date":"2019-04-24T09:32:13","date_gmt":"2020-04-24T07:32:15","guid":{"rendered":"https:\/\/artside.sk\/?post_type=product&#038;p=18415"},"modified":"2021-05-31T00:45:40","modified_gmt":"2021-05-30T22:45:40","slug":"ksiltovka-art-side-snapback-rovny-ksilt-cerno-seda","status":"publish","type":"product","link":"https:\/\/test.artside.sk\/cs\/produkt\/ksiltovka-art-side-snapback-rovny-ksilt-cerno-seda\/","title":{"rendered":"K\u0161iltovka ART SIDE Snapback &#8211; rovn\u00fd k\u0161ilt, \u010derno-\u0161ed\u00e1"},"content":{"rendered":"<p>Kvalitn\u00ed k\u0161iltovka se stylovou v\u00fd\u0161ivkou ART SIDE. Sv\u00fdm designem dob\u0159e p\u0159istane tvaru hlavy.<\/p>\n<p>6 panelov\u00e1snapback zap\u00edn\u00e1n\u00ed plastov\u00fdm p\u00e1skem<br \/>\npot\u00edtko: 35% bavlna \/ 65% polyester<br \/>\nvy\u0161\u00edvan\u00e9 v\u011btrac\u00ed otvory pro lep\u0161\u00ed odvod vlhkosti<br \/>\nsnapback<br \/>\nvyztu\u017een\u00e9 \u010delo<br \/>\nrovn\u00fd k\u0161ilt<br \/>\n6 kr\u00e1t pro\u0161\u00edvan\u00fd k\u0161ilt<br \/>\nbarva: \u0161ed\u00e1, \u010dern\u00e1<\/p>\n","protected":false},"excerpt":{"rendered":"<div class=\"tlid-input input\">\n<div class=\"source-wrap\">\n<div class=\"input-full-height-wrapper tlid-input-full-height-wrapper\">\n<div class=\"source-input\">\n<div class=\"source-header\">\n<div class=\"go-wrap\"><span title=\"\">Dod\u00e1n\u00ed<\/span> <span title=\"\">do<\/span><strong> <span title=\"\">3-7<\/span><\/strong> <span class=\"\" title=\"\">pracovn\u00edch dn\u016f.<\/span> <span class=\"\" title=\"\">P\u0159i odb\u011bru<\/span> <span title=\"\">p\u0159es<\/span> <span title=\"\">z\u00e1silkov\u00fd<\/span> <span title=\"\">mo\u017en\u00e9<\/span> <span title=\"\">p\u0159i p\u0159evzet\u00ed<\/span> <span class=\"\" title=\"\">odzkou\u0161et<\/span><span title=\"\">.<\/span><\/div>\n<\/div>\n<\/div>\n<\/div>\n<\/div>\n<\/div>\n","protected":false},"featured_media":17939,"comment_status":"open","ping_status":"closed","template":"","meta":[],"product_cat":[86,91],"product_tag":[],"jetpack_publicize_connections":[],"_links":{"self":[{"href":"https:\/\/test.artside.sk\/cs\/wp-json\/wp\/v2\/product\/18415"}],"collection":[{"href":"https:\/\/test.artside.sk\/cs\/wp-json\/wp\/v2\/product"}],"about":[{"href":"https:\/\/test.artside.sk\/cs\/wp-json\/wp\/v2\/types\/product"}],"replies":[{"embeddable":true,"href":"https:\/\/test.artside.sk\/cs\/wp-json\/wp\/v2\/comments?post=18415"}],"wp:featuredmedia":[{"embeddable":true,"href":"https:\/\/test.artside.sk\/cs\/wp-json\/wp\/v2\/media\/17939"}],"wp:attachment":[{"href":"https:\/\/test.artside.sk\/cs\/wp-json\/wp\/v2\/media?parent=18415"}],"wp:term":[{"taxonomy":"product_cat","embeddable":true,"href":"https:\/\/test.artside.sk\/cs\/wp-json\/wp\/v2\/product_cat?post=18415"},{"taxonomy":"product_tag","embeddable":true,"href":"https:\/\/test.artside.sk\/cs\/wp-json\/wp\/v2\/product_tag?post=18415"}],"curies":[{"name":"wp","href":"https:\/\/api.w.org\/{rel}","templated":true}]}}