{"id":18461,"date":"2019-04-27T12:46:48","date_gmt":"2020-04-27T10:46:50","guid":{"rendered":"https:\/\/artside.sk\/?post_type=product&#038;p=18461"},"modified":"2021-07-14T16:06:53","modified_gmt":"2021-07-14T14:06:53","slug":"ksiltovka-art-side-snapback-rovny-ksilt-seda-modra","status":"publish","type":"product","link":"https:\/\/test.artside.sk\/cs\/produkt\/ksiltovka-art-side-snapback-rovny-ksilt-seda-modra\/","title":{"rendered":"K\u0161iltovka ART SIDE Snapback &#8211; rovn\u00fd k\u0161ilt, \u0161ed\u00e1 \/ modr\u00e1"},"content":{"rendered":"<p>6 panelov\u00e1<br \/>\nsnapback zap\u00edn\u00e1n\u00ed plastov\u00fdm p\u00e1skem<br \/>\npot\u00edtko: 35% bavlna \/ 65% polyester<br \/>\nvy\u0161\u00edvan\u00e9 v\u011btrac\u00ed otvory pro lep\u0161\u00ed odvod vlhkosti<br \/>\nsnapback<br \/>\nvyztu\u017een\u00e9 \u010delo<br \/>\nrovn\u00fd k\u0161ilt<br \/>\n6 kr\u00e1t pro\u0161\u00edvan\u00fd k\u0161ilt<br \/>\nbarva: \u0161ed\u00e1, modr\u00e1,zelen\u00e1<\/p>\n","protected":false},"excerpt":{"rendered":"<p>Kvalitn\u00ed k\u0161iltovka Atlantis se stylovou v\u00fd\u0161ivkou ART SIDE. Sv\u00fdm designem dob\u0159e p\u0159istane tvaru hlavy.<\/p>\n<p><strong>Dod\u00e1n\u00ed do 3-7 pracovn\u00edch dn\u00fa<\/strong><\/p>\n<p>&nbsp;<\/p>\n","protected":false},"featured_media":18481,"comment_status":"open","ping_status":"closed","template":"","meta":[],"product_cat":[86,91],"product_tag":[],"jetpack_publicize_connections":[],"_links":{"self":[{"href":"https:\/\/test.artside.sk\/cs\/wp-json\/wp\/v2\/product\/18461"}],"collection":[{"href":"https:\/\/test.artside.sk\/cs\/wp-json\/wp\/v2\/product"}],"about":[{"href":"https:\/\/test.artside.sk\/cs\/wp-json\/wp\/v2\/types\/product"}],"replies":[{"embeddable":true,"href":"https:\/\/test.artside.sk\/cs\/wp-json\/wp\/v2\/comments?post=18461"}],"wp:featuredmedia":[{"embeddable":true,"href":"https:\/\/test.artside.sk\/cs\/wp-json\/wp\/v2\/media\/18481"}],"wp:attachment":[{"href":"https:\/\/test.artside.sk\/cs\/wp-json\/wp\/v2\/media?parent=18461"}],"wp:term":[{"taxonomy":"product_cat","embeddable":true,"href":"https:\/\/test.artside.sk\/cs\/wp-json\/wp\/v2\/product_cat?post=18461"},{"taxonomy":"product_tag","embeddable":true,"href":"https:\/\/test.artside.sk\/cs\/wp-json\/wp\/v2\/product_tag?post=18461"}],"curies":[{"name":"wp","href":"https:\/\/api.w.org\/{rel}","templated":true}]}}