{"id":1936,"date":"2019-09-09T20:03:26","date_gmt":"2018-10-09T18:03:26","guid":{"rendered":"https:\/\/artside.sk\/produkt\/unisex-mikina-respect-the-difference-srdce-bordo\/"},"modified":"2021-08-05T04:25:18","modified_gmt":"2021-08-05T02:25:18","slug":"damska-mikina-respect-the-difference-srdce","status":"publish","type":"product","link":"https:\/\/test.artside.sk\/cs\/produkt\/damska-mikina-respect-the-difference-srdce\/","title":{"rendered":"D\u00e1msk\u00e1 mikina &#8222;Respect the Difference&#8220; &#8211; srdce"},"content":{"rendered":"<p>Kvalitn\u00ed mikina se stylov\u00fdm potiskem na p\u0159edn\u00ed i zadn\u00ed stran\u011b. Autorem designu &#8222;Respet the Difference&#8220; je v\u00fdrobce ART SIDE.<\/p>\n<ul>\n<li>materi\u00e1l: 80% bavlna 20% polyester<\/li>\n<li>bez bo\u010dn\u00edch \u0161v\u016f<\/li>\n<li>klasick\u00fd st\u0159ih<\/li>\n<li>mikina bez kapuce<\/li>\n<li>barva: \u010dern\u00e1 280 g \/ m\u00b2<\/li>\n<li><strong>unisex<\/strong><\/li>\n<li><strong>modelka m\u00e1 v\u00fd\u0161ku 173cm a oble\u010denou velikost &#8222;S&#8220;<\/strong><\/li>\n<\/ul>\n<p><img loading=\"lazy\" class=\"alignnone wp-image-18941\" src=\"https:\/\/artside.sk\/wp-content\/uploads\/2019\/01\/mikina-rozmery-king-300x75.jpg\" alt=\"\" width=\"836\" height=\"209\" srcset=\"https:\/\/test.artside.sk\/wp-content\/uploads\/2019\/01\/mikina-rozmery-king-300x75.jpg 300w, https:\/\/test.artside.sk\/wp-content\/uploads\/2019\/01\/mikina-rozmery-king-150x37.jpg 150w, https:\/\/test.artside.sk\/wp-content\/uploads\/2019\/01\/mikina-rozmery-king-600x149.jpg 600w, https:\/\/test.artside.sk\/wp-content\/uploads\/2019\/01\/mikina-rozmery-king-768x191.jpg 768w, https:\/\/test.artside.sk\/wp-content\/uploads\/2019\/01\/mikina-rozmery-king.jpg 989w\" sizes=\"(max-width: 836px) 100vw, 836px\" \/><\/p>\n","protected":false},"excerpt":{"rendered":"<p>Design mikiny &#8222;Respect the difference&#8220; vyz\u00fdv\u00e1 k respektu p\u0159ed rozd\u00edly mezi n\u00e1mi. Mysli v\u00edce srdcem a nenech se un\u00e1\u0161et p\u0159edsudky a nen\u00e1vist\u00ed.<\/p>\n<p>Dod\u00e1n\u00ed do<strong> 3-7<\/strong> pracovn\u00edch dn\u00fa. Jednoduch\u00e1 v\u00fdm\u011bna zbo\u017e\u00ed zdarma p\u0159es Z\u00e1silkovnu (Podruh\u00e9 po\u0161tovn\u00e9 neplat\u00ed\u0161).<\/p>\n","protected":false},"featured_media":6565,"comment_status":"open","ping_status":"closed","template":"","meta":[],"product_cat":[77,76],"product_tag":[],"jetpack_publicize_connections":[],"_links":{"self":[{"href":"https:\/\/test.artside.sk\/cs\/wp-json\/wp\/v2\/product\/1936"}],"collection":[{"href":"https:\/\/test.artside.sk\/cs\/wp-json\/wp\/v2\/product"}],"about":[{"href":"https:\/\/test.artside.sk\/cs\/wp-json\/wp\/v2\/types\/product"}],"replies":[{"embeddable":true,"href":"https:\/\/test.artside.sk\/cs\/wp-json\/wp\/v2\/comments?post=1936"}],"wp:featuredmedia":[{"embeddable":true,"href":"https:\/\/test.artside.sk\/cs\/wp-json\/wp\/v2\/media\/6565"}],"wp:attachment":[{"href":"https:\/\/test.artside.sk\/cs\/wp-json\/wp\/v2\/media?parent=1936"}],"wp:term":[{"taxonomy":"product_cat","embeddable":true,"href":"https:\/\/test.artside.sk\/cs\/wp-json\/wp\/v2\/product_cat?post=1936"},{"taxonomy":"product_tag","embeddable":true,"href":"https:\/\/test.artside.sk\/cs\/wp-json\/wp\/v2\/product_tag?post=1936"}],"curies":[{"name":"wp","href":"https:\/\/api.w.org\/{rel}","templated":true}]}}