{"id":1948,"date":"2018-01-31T14:46:02","date_gmt":"2018-12-31T13:46:02","guid":{"rendered":"https:\/\/artside.sk\/produkt\/cepice-art-side-olivova\/"},"modified":"2021-02-06T16:07:30","modified_gmt":"2021-02-06T15:07:30","slug":"cepice-art-side-olivova","status":"publish","type":"product","link":"https:\/\/test.artside.sk\/cs\/produkt\/cepice-art-side-olivova\/","title":{"rendered":"\u010cepice &#8222;ART SIDE&#8220;"},"content":{"rendered":"<ul>\n<li>100% Soft-Touch Akryl<\/li>\n<li>dvouvrstv\u00e1 pletenina<\/li>\n<li>zelen\u00e1<\/li>\n<\/ul>\n","protected":false},"excerpt":{"rendered":"<p>Tepl\u00e1 \u010depice se stylovou v\u00fd\u0161ivkou ART SIDE.<\/p>\n<p>Dod\u00e1n\u00ed do 3-7 pracovn\u00edch dn\u016f.<\/p>\n","protected":false},"featured_media":21008,"comment_status":"open","ping_status":"closed","template":"","meta":[],"product_cat":[94,86],"product_tag":[],"jetpack_publicize_connections":[],"_links":{"self":[{"href":"https:\/\/test.artside.sk\/cs\/wp-json\/wp\/v2\/product\/1948"}],"collection":[{"href":"https:\/\/test.artside.sk\/cs\/wp-json\/wp\/v2\/product"}],"about":[{"href":"https:\/\/test.artside.sk\/cs\/wp-json\/wp\/v2\/types\/product"}],"replies":[{"embeddable":true,"href":"https:\/\/test.artside.sk\/cs\/wp-json\/wp\/v2\/comments?post=1948"}],"wp:featuredmedia":[{"embeddable":true,"href":"https:\/\/test.artside.sk\/cs\/wp-json\/wp\/v2\/media\/21008"}],"wp:attachment":[{"href":"https:\/\/test.artside.sk\/cs\/wp-json\/wp\/v2\/media?parent=1948"}],"wp:term":[{"taxonomy":"product_cat","embeddable":true,"href":"https:\/\/test.artside.sk\/cs\/wp-json\/wp\/v2\/product_cat?post=1948"},{"taxonomy":"product_tag","embeddable":true,"href":"https:\/\/test.artside.sk\/cs\/wp-json\/wp\/v2\/product_tag?post=1948"}],"curies":[{"name":"wp","href":"https:\/\/api.w.org\/{rel}","templated":true}]}}