{"id":1954,"date":"2019-02-10T14:35:44","date_gmt":"2018-09-26T12:35:44","guid":{"rendered":"https:\/\/artside.sk\/produkt\/cepice-art-side-bordo\/"},"modified":"2021-07-15T04:55:51","modified_gmt":"2021-07-15T02:55:51","slug":"cepice-art-side-bordo","status":"publish","type":"product","link":"https:\/\/test.artside.sk\/cs\/produkt\/cepice-art-side-bordo\/","title":{"rendered":"\u010cepice &#8222;ART SIDE &#8211; Bord\u00f3"},"content":{"rendered":"<ul>\n<li>100% Soft-Touch Akryl<\/li>\n<li>dvouvrstv\u00e1 pletenina<\/li>\n<li>bord\u00f3<\/li>\n<\/ul>\n","protected":false},"excerpt":{"rendered":"<p>Tepl\u00e1 \u010depice se stylovou v\u00fd\u0161ivkou ART SIDE.<\/p>\n<p>Dod\u00e1n\u00ed do 3-7 pracovn\u00edch dn\u016f.<\/p>\n","protected":false},"featured_media":1955,"comment_status":"open","ping_status":"closed","template":"","meta":[],"product_cat":[94,86],"product_tag":[],"jetpack_publicize_connections":[],"_links":{"self":[{"href":"https:\/\/test.artside.sk\/cs\/wp-json\/wp\/v2\/product\/1954"}],"collection":[{"href":"https:\/\/test.artside.sk\/cs\/wp-json\/wp\/v2\/product"}],"about":[{"href":"https:\/\/test.artside.sk\/cs\/wp-json\/wp\/v2\/types\/product"}],"replies":[{"embeddable":true,"href":"https:\/\/test.artside.sk\/cs\/wp-json\/wp\/v2\/comments?post=1954"}],"wp:featuredmedia":[{"embeddable":true,"href":"https:\/\/test.artside.sk\/cs\/wp-json\/wp\/v2\/media\/1955"}],"wp:attachment":[{"href":"https:\/\/test.artside.sk\/cs\/wp-json\/wp\/v2\/media?parent=1954"}],"wp:term":[{"taxonomy":"product_cat","embeddable":true,"href":"https:\/\/test.artside.sk\/cs\/wp-json\/wp\/v2\/product_cat?post=1954"},{"taxonomy":"product_tag","embeddable":true,"href":"https:\/\/test.artside.sk\/cs\/wp-json\/wp\/v2\/product_tag?post=1954"}],"curies":[{"name":"wp","href":"https:\/\/api.w.org\/{rel}","templated":true}]}}