{"id":1969,"date":"2018-05-15T18:17:38","date_gmt":"2018-12-15T17:17:38","guid":{"rendered":"https:\/\/artside.sk\/produkt\/cepice-art-side-horcicna-mustard\/"},"modified":"2021-07-21T15:53:41","modified_gmt":"2021-07-21T13:53:41","slug":"cepice-art-side-horcicna-mustard","status":"publish","type":"product","link":"https:\/\/test.artside.sk\/cs\/produkt\/cepice-art-side-horcicna-mustard\/","title":{"rendered":"\u010cepice ART SIDE &#8211; Ho\u0159\u010di\u010dn\u00e1 \/ Mustard"},"content":{"rendered":"<ul>\n<li>100% Soft-Touch Akryl<\/li>\n<li>dvouvrstv\u00e1 pletenina<\/li>\n<li>Hor\u010dioc\u00e1 \/ mustard<\/li>\n<\/ul>\n","protected":false},"excerpt":{"rendered":"<p>Tepl\u00e1 \u010depice se stylovou v\u00fd\u0161ivkou ART SIDE.<\/p>\n<p>Dod\u00e1n\u00ed do 3-7 pracovn\u00edch dn\u016f.<\/p>\n","protected":false},"featured_media":1777,"comment_status":"open","ping_status":"closed","template":"","meta":[],"product_cat":[94,86],"product_tag":[],"jetpack_publicize_connections":[],"_links":{"self":[{"href":"https:\/\/test.artside.sk\/cs\/wp-json\/wp\/v2\/product\/1969"}],"collection":[{"href":"https:\/\/test.artside.sk\/cs\/wp-json\/wp\/v2\/product"}],"about":[{"href":"https:\/\/test.artside.sk\/cs\/wp-json\/wp\/v2\/types\/product"}],"replies":[{"embeddable":true,"href":"https:\/\/test.artside.sk\/cs\/wp-json\/wp\/v2\/comments?post=1969"}],"wp:featuredmedia":[{"embeddable":true,"href":"https:\/\/test.artside.sk\/cs\/wp-json\/wp\/v2\/media\/1777"}],"wp:attachment":[{"href":"https:\/\/test.artside.sk\/cs\/wp-json\/wp\/v2\/media?parent=1969"}],"wp:term":[{"taxonomy":"product_cat","embeddable":true,"href":"https:\/\/test.artside.sk\/cs\/wp-json\/wp\/v2\/product_cat?post=1969"},{"taxonomy":"product_tag","embeddable":true,"href":"https:\/\/test.artside.sk\/cs\/wp-json\/wp\/v2\/product_tag?post=1969"}],"curies":[{"name":"wp","href":"https:\/\/api.w.org\/{rel}","templated":true}]}}