{"id":1977,"date":"2018-07-15T13:38:03","date_gmt":"2018-08-15T11:38:03","guid":{"rendered":"https:\/\/artside.sk\/produkt\/mens-campus-jacket-art-side-symbol-black-gray-buttons\/"},"modified":"2020-09-15T16:38:37","modified_gmt":"2020-09-15T14:38:37","slug":"panska-campus-bunda-art-side-znak-certna-siva-knofliky","status":"publish","type":"product","link":"https:\/\/test.artside.sk\/cs\/produkt\/panska-campus-bunda-art-side-znak-certna-siva-knofliky\/","title":{"rendered":"P\u00e1nsk\u00e1 Campus bunda \u201eART SIDE ZNAK\u201c \u2013 \u010dern\u00e1, \u0161ed\u00e1, na knofl\u00edky"},"content":{"rendered":"<p>Kvalitn\u00ed Campus bunda s knofl\u00edky a potiskem na p\u0159edn\u00ed i zadn\u00ed stran\u011b.<\/p>\n<ul>\n<li>materi\u00e1l: 80% bavlna 20% polyester<\/li>\n<li>bez bo\u010dn\u00edch \u0161v\u016f<\/li>\n<li>zapu\u0161t\u011bn\u00e9 ruk\u00e1vy<\/li>\n<li>bez kapuce<\/li>\n<li>s bo\u010dn\u00edmi kapsami<\/li>\n<li>knofl\u00edky v kontrastn\u00ed \u0161ed\u00e9 barv\u011b<\/li>\n<li>unisex<\/li>\n<li>barva: \u010dern\u00e1, \u0161ed\u00e1<\/li>\n<li>300 g \/ m2<\/li>\n<\/ul>\n<table width=\"107\">\n<tbody>\n<tr>\n<td width=\"205\">\n<h1><strong>Velikosti (cm):<\/strong><\/h1>\n<\/td>\n<td width=\"205\"><img loading=\"lazy\" class=\"alignnone wp-image-1970 size-medium\" src=\"https:\/\/artside.cz\/wp-content\/uploads\/2019\/01\/sirka-300x276.jpg\" sizes=\"(max-width: 300px) 100vw, 300px\" srcset=\"https:\/\/artside.cz\/wp-content\/uploads\/2019\/01\/sirka-300x276.jpg 300w, https:\/\/artside.sk\/wp-content\/uploads\/2019\/01\/sirka-174x160.jpg 174w, https:\/\/artside.sk\/wp-content\/uploads\/2019\/01\/sirka.jpg 321w\" alt=\"\" width=\"300\" height=\"276\" \/><\/td>\n<td width=\"205\"><img loading=\"lazy\" class=\"alignnone wp-image-1973 size-medium\" src=\"https:\/\/artside.cz\/wp-content\/uploads\/2019\/01\/vyska-300x276.jpg\" sizes=\"(max-width: 300px) 100vw, 300px\" srcset=\"https:\/\/artside.cz\/wp-content\/uploads\/2019\/01\/vyska-300x276.jpg 300w, https:\/\/artside.sk\/wp-content\/uploads\/2019\/01\/vyska-174x160.jpg 174w, https:\/\/artside.sk\/wp-content\/uploads\/2019\/01\/vyska.jpg 321w\" alt=\"\" width=\"300\" height=\"276\" \/><\/td>\n<\/tr>\n<tr>\n<td width=\"205\"><strong>S<\/strong><\/p>\n<hr \/>\n<\/td>\n<td width=\"205\"><strong>53,34<\/strong><\/p>\n<hr \/>\n<\/td>\n<td width=\"205\"><strong>69,85<\/strong><\/p>\n<hr \/>\n<\/td>\n<\/tr>\n<tr>\n<td width=\"205\"><strong>M<\/strong><\/p>\n<hr \/>\n<\/td>\n<td width=\"205\"><strong>55,88<\/strong><\/p>\n<hr \/>\n<\/td>\n<td width=\"205\"><strong>71,12<\/strong><\/p>\n<hr \/>\n<\/td>\n<\/tr>\n<tr>\n<td width=\"205\"><strong>L<\/strong><\/p>\n<hr \/>\n<\/td>\n<td width=\"205\"><strong>58,42<\/strong><\/p>\n<hr \/>\n<\/td>\n<td width=\"205\"><strong>72,39<\/strong><\/p>\n<hr \/>\n<\/td>\n<\/tr>\n<tr>\n<td width=\"205\"><strong>XL<\/strong><\/p>\n<hr \/>\n<\/td>\n<td width=\"205\"><strong>62,23<\/strong><\/p>\n<hr \/>\n<\/td>\n<td width=\"205\"><strong>73,66<\/strong><\/p>\n<hr \/>\n<\/td>\n<\/tr>\n<tr>\n<td width=\"205\"><strong>XXL<\/strong><\/td>\n<td width=\"205\"><strong>66,04<\/strong><\/td>\n<td width=\"205\"><strong>77,47<\/strong><\/td>\n<\/tr>\n<\/tbody>\n<\/table>\n","protected":false},"excerpt":{"rendered":"<p>Autorem designu pod n\u00e1zvem &#8222;ART SIDE ZNAK&#8220; je v\u00fdrobce ART SIDE.<\/p>\n<p>Dod\u00e1n\u00ed do 3-7 pracovn\u00edch dn\u016f.<\/p>\n","protected":false},"featured_media":5777,"comment_status":"open","ping_status":"closed","template":"","meta":[],"product_cat":[78,76],"product_tag":[],"jetpack_publicize_connections":[],"_links":{"self":[{"href":"https:\/\/test.artside.sk\/cs\/wp-json\/wp\/v2\/product\/1977"}],"collection":[{"href":"https:\/\/test.artside.sk\/cs\/wp-json\/wp\/v2\/product"}],"about":[{"href":"https:\/\/test.artside.sk\/cs\/wp-json\/wp\/v2\/types\/product"}],"replies":[{"embeddable":true,"href":"https:\/\/test.artside.sk\/cs\/wp-json\/wp\/v2\/comments?post=1977"}],"wp:featuredmedia":[{"embeddable":true,"href":"https:\/\/test.artside.sk\/cs\/wp-json\/wp\/v2\/media\/5777"}],"wp:attachment":[{"href":"https:\/\/test.artside.sk\/cs\/wp-json\/wp\/v2\/media?parent=1977"}],"wp:term":[{"taxonomy":"product_cat","embeddable":true,"href":"https:\/\/test.artside.sk\/cs\/wp-json\/wp\/v2\/product_cat?post=1977"},{"taxonomy":"product_tag","embeddable":true,"href":"https:\/\/test.artside.sk\/cs\/wp-json\/wp\/v2\/product_tag?post=1977"}],"curies":[{"name":"wp","href":"https:\/\/api.w.org\/{rel}","templated":true}]}}