{"id":19969,"date":"2019-08-03T18:08:52","date_gmt":"2020-08-03T16:08:54","guid":{"rendered":"https:\/\/artside.sk\/?post_type=product&#038;p=19969"},"modified":"2020-08-03T18:38:57","modified_gmt":"2020-08-03T16:38:57","slug":"originalni-damske-triko-art-king","status":"publish","type":"product","link":"https:\/\/test.artside.sk\/cs\/produkt\/originalni-damske-triko-art-king\/","title":{"rendered":"D\u00e1msk\u00e9 triko &#8222;ART KING&#8220;"},"content":{"rendered":"<div class=\"tlid-input input\">\n<div class=\"source-wrap\">\n<div class=\"input-full-height-wrapper tlid-input-full-height-wrapper\">\n<div class=\"source-input\">\n<div class=\"source-header\">Kvalitn\u00ed unisex tri\u010dko se stylov\u00fdm potiskem na p\u0159edn\u00ed stran\u011b. Tri\u010dko je pohodln\u00e9 a dob\u0159e dr\u017e\u00ed tvar po pran\u00ed.<\/div>\n<ul>\n<li class=\"source-header\">100% bavlna<\/li>\n<li>unisex<\/li>\n<li class=\"source-header\">kulat\u00fd v\u00fdst\u0159ih<\/li>\n<li class=\"source-header\">vnit\u0159n\u00ed \u010d\u00e1st zadn\u00edho pr\u016fkr\u010dn\u00edku za\u010di\u0161t\u011bna tkanou p\u00e1skou<\/li>\n<li class=\"source-header\">zpev\u0148uj\u00edc\u00ed ramenn\u00ed p\u00e1ska<\/li>\n<li class=\"source-header\">185 g \/ m2<\/li>\n<li>modelka m\u00e1 v\u00fd\u0161ku 166 cm a oble\u010denou velikost S<\/li>\n<\/ul>\n<p><img loading=\"lazy\" class=\"alignnone wp-image-19989\" src=\"https:\/\/artside.sk\/wp-content\/uploads\/2020\/08\/rozmery-tricka-artside-300x75.jpg\" alt=\"\" width=\"828\" height=\"207\" srcset=\"https:\/\/test.artside.sk\/wp-content\/uploads\/2020\/08\/rozmery-tricka-artside-300x75.jpg 300w, https:\/\/test.artside.sk\/wp-content\/uploads\/2020\/08\/rozmery-tricka-artside-150x37.jpg 150w, https:\/\/test.artside.sk\/wp-content\/uploads\/2020\/08\/rozmery-tricka-artside-600x150.jpg 600w, https:\/\/test.artside.sk\/wp-content\/uploads\/2020\/08\/rozmery-tricka-artside-768x192.jpg 768w, https:\/\/test.artside.sk\/wp-content\/uploads\/2020\/08\/rozmery-tricka-artside.jpg 770w\" sizes=\"(max-width: 828px) 100vw, 828px\" \/><\/p>\n<\/div>\n<\/div>\n<\/div>\n<\/div>\n","protected":false},"excerpt":{"rendered":"<p>Kvalitn\u00ed tri\u010dko se streetwear designem &#8222;ART KING&#8220;<\/p>\n<p>Dod\u00e1n\u00ed do <strong>3-7<\/strong> pracovn\u00edch dn\u016f. Jednoduch\u00e1 v\u00fdm\u011bna zbo\u017e\u00ed zdarma p\u0159es Z\u00e1silkovnu (Podruh\u00e9 po\u0161tovn\u00e9 neplat\u00ed\u0161).<\/p>\n","protected":false},"featured_media":19978,"comment_status":"open","ping_status":"closed","template":"","meta":[],"product_cat":[80,82],"product_tag":[],"jetpack_publicize_connections":[],"_links":{"self":[{"href":"https:\/\/test.artside.sk\/cs\/wp-json\/wp\/v2\/product\/19969"}],"collection":[{"href":"https:\/\/test.artside.sk\/cs\/wp-json\/wp\/v2\/product"}],"about":[{"href":"https:\/\/test.artside.sk\/cs\/wp-json\/wp\/v2\/types\/product"}],"replies":[{"embeddable":true,"href":"https:\/\/test.artside.sk\/cs\/wp-json\/wp\/v2\/comments?post=19969"}],"wp:featuredmedia":[{"embeddable":true,"href":"https:\/\/test.artside.sk\/cs\/wp-json\/wp\/v2\/media\/19978"}],"wp:attachment":[{"href":"https:\/\/test.artside.sk\/cs\/wp-json\/wp\/v2\/media?parent=19969"}],"wp:term":[{"taxonomy":"product_cat","embeddable":true,"href":"https:\/\/test.artside.sk\/cs\/wp-json\/wp\/v2\/product_cat?post=19969"},{"taxonomy":"product_tag","embeddable":true,"href":"https:\/\/test.artside.sk\/cs\/wp-json\/wp\/v2\/product_tag?post=19969"}],"curies":[{"name":"wp","href":"https:\/\/api.w.org\/{rel}","templated":true}]}}