{"id":20109,"date":"2020-08-30T12:51:59","date_gmt":"2020-08-30T10:52:02","guid":{"rendered":"https:\/\/artside.sk\/?post_type=product&#038;p=20109"},"modified":"2020-08-30T13:30:29","modified_gmt":"2020-08-30T11:30:29","slug":"panska-mikina-se-zipem-vlna-native","status":"publish","type":"product","link":"https:\/\/test.artside.sk\/cs\/produkt\/panska-mikina-se-zipem-vlna-native\/","title":{"rendered":"P\u00e1nsk\u00e1 mikina se zipem &#8222;VLNA&#8220; Native"},"content":{"rendered":"<p>Kvalitn\u00ed unisex mikina se stylov\u00fdm potiskem na p\u0159edn\u00ed i zadn\u00ed stran\u011b. Mikina po pran\u00ed dob\u0159e dr\u017e\u00ed tvar a neztr\u00e1c\u00ed barvu. Kvalitn\u00ed a st\u00e1l\u00fd potisk.<\/p>\n<ul>\n<li>materi\u00e1l: 80% bavlna, 20% polyester<\/li>\n<li>kapuce se \u0161\u0148\u016frkou<\/li>\n<li>\u017eebrov\u00fd \u00faplet na man\u017eet\u00e1ch a spodn\u00edm lemu<\/li>\n<li>p\u0159edn\u00ed klokan\u00ed kapsa<\/li>\n<li>modern\u00ed st\u0159ih<\/li>\n<li>bez bo\u010dn\u00edch \u0161v\u016f<\/li>\n<li>se zipem<\/li>\n<li>unisex<\/li>\n<li>barva: \u010dern\u00e1<\/li>\n<li>280 g \/ m\u00b2<\/li>\n<li>model m\u00e1 v\u00fd\u0161ku 178 cm a oble\u010denou velikost M<\/li>\n<\/ul>\n<p><img loading=\"lazy\" class=\"alignnone wp-image-17836\" src=\"https:\/\/artside.sk\/wp-content\/uploads\/2019\/01\/panska-mikina-artside-streetwear-01-300x89.jpg\" alt=\"\" width=\"833\" height=\"247\" srcset=\"https:\/\/test.artside.sk\/wp-content\/uploads\/2019\/01\/panska-mikina-artside-streetwear-01-300x89.jpg 300w, https:\/\/test.artside.sk\/wp-content\/uploads\/2019\/01\/panska-mikina-artside-streetwear-01-150x44.jpg 150w, https:\/\/test.artside.sk\/wp-content\/uploads\/2019\/01\/panska-mikina-artside-streetwear-01-600x178.jpg 600w, https:\/\/test.artside.sk\/wp-content\/uploads\/2019\/01\/panska-mikina-artside-streetwear-01-1024x303.jpg 1024w, https:\/\/test.artside.sk\/wp-content\/uploads\/2019\/01\/panska-mikina-artside-streetwear-01-768x227.jpg 768w, https:\/\/test.artside.sk\/wp-content\/uploads\/2019\/01\/panska-mikina-artside-streetwear-01.jpg 1297w\" sizes=\"(max-width: 833px) 100vw, 833px\" \/><\/p>\n","protected":false},"excerpt":{"rendered":"<p>Origin\u00e1ln\u00ed um\u011bleck\u00fd design &#8222;VLNA&#8220; z kolekce Native. Inspirov\u00e1no \u00factou k p\u0159\u00edrod\u011b.<\/p>\n<p><strong>Dod\u00e1n\u00ed do 3-7 pracovn\u00edch dn\u016f.<\/strong><\/p>\n<p>Jednoduch\u00e1 v\u00fdm\u011bna zbo\u017e\u00ed zdarma p\u0159es z\u00e1silkovnu. (Podruh\u00e9 po\u0161tovn\u00e9 neplat\u00ed\u0161)<\/p>\n","protected":false},"featured_media":20116,"comment_status":"open","ping_status":"closed","template":"","meta":[],"product_cat":[78,76],"product_tag":[],"jetpack_publicize_connections":[],"_links":{"self":[{"href":"https:\/\/test.artside.sk\/cs\/wp-json\/wp\/v2\/product\/20109"}],"collection":[{"href":"https:\/\/test.artside.sk\/cs\/wp-json\/wp\/v2\/product"}],"about":[{"href":"https:\/\/test.artside.sk\/cs\/wp-json\/wp\/v2\/types\/product"}],"replies":[{"embeddable":true,"href":"https:\/\/test.artside.sk\/cs\/wp-json\/wp\/v2\/comments?post=20109"}],"wp:featuredmedia":[{"embeddable":true,"href":"https:\/\/test.artside.sk\/cs\/wp-json\/wp\/v2\/media\/20116"}],"wp:attachment":[{"href":"https:\/\/test.artside.sk\/cs\/wp-json\/wp\/v2\/media?parent=20109"}],"wp:term":[{"taxonomy":"product_cat","embeddable":true,"href":"https:\/\/test.artside.sk\/cs\/wp-json\/wp\/v2\/product_cat?post=20109"},{"taxonomy":"product_tag","embeddable":true,"href":"https:\/\/test.artside.sk\/cs\/wp-json\/wp\/v2\/product_tag?post=20109"}],"curies":[{"name":"wp","href":"https:\/\/api.w.org\/{rel}","templated":true}]}}