{"id":2033,"date":"2018-11-22T19:55:22","date_gmt":"2018-11-22T18:55:22","guid":{"rendered":"https:\/\/artside.sk\/produkt\/damska-mikina-s-kapuci-respect-the-difference-srdce\/"},"modified":"2020-12-06T02:55:46","modified_gmt":"2020-12-06T01:55:46","slug":"damska-mikina-s-kapuci-respect-the-difference-srdce","status":"publish","type":"product","link":"https:\/\/test.artside.sk\/cs\/produkt\/damska-mikina-s-kapuci-respect-the-difference-srdce\/","title":{"rendered":"D\u00e1msk\u00e1 mikina s kapuc\u00ed &#8222;Respect the Difference&#8220; &#8211; Srdce"},"content":{"rendered":"<p>Kvalitn\u00ed d\u00e1msk\u00e1 mikina se stylov\u00fdm potiskem na p\u0159edn\u00ed stran\u011b. Mikina po pran\u00ed dob\u0159e dr\u017e\u00ed tvar a neztr\u00e1c\u00ed barvu. Kvalitn\u00ed a st\u00e1l\u00fd potisk.<\/p>\n<ul>\n<li>materi\u00e1l: 80% bavlna, 20% polyester<\/li>\n<li>kapuce se \u0161\u0148\u016frkou<\/li>\n<li>\u017eebrov\u00fd \u00faplet na man\u017eet\u00e1ch a spodn\u00edm lemu<\/li>\n<li>p\u0159edn\u00ed klokan\u00ed kapsa<\/li>\n<li>modern\u00ed st\u0159ih<\/li>\n<li>bez bo\u010dn\u00edch \u0161v\u016f<\/li>\n<li>barva: \u010dern\u00e1<\/li>\n<li>280 g \/ m\u00b2<\/li>\n<li><strong>Unisex<\/strong><\/li>\n<li><strong>Modelka m\u00e1 v\u00fd\u0161ku 173cm a oble\u010denou velikost<\/strong> <strong>&#8222;M&#8220;<\/strong><\/li>\n<\/ul>\n<p><img loading=\"lazy\" class=\"alignnone wp-image-20320\" src=\"https:\/\/artside.sk\/wp-content\/uploads\/2018\/11\/mikina_kapucna_king-300x91.jpg\" alt=\"\" width=\"831\" height=\"252\" srcset=\"https:\/\/test.artside.sk\/wp-content\/uploads\/2018\/11\/mikina_kapucna_king-300x91.jpg 300w, https:\/\/test.artside.sk\/wp-content\/uploads\/2018\/11\/mikina_kapucna_king-150x46.jpg 150w, https:\/\/test.artside.sk\/wp-content\/uploads\/2018\/11\/mikina_kapucna_king-600x182.jpg 600w, https:\/\/test.artside.sk\/wp-content\/uploads\/2018\/11\/mikina_kapucna_king-768x233.jpg 768w, https:\/\/test.artside.sk\/wp-content\/uploads\/2018\/11\/mikina_kapucna_king-800x244.jpg 800w, https:\/\/test.artside.sk\/wp-content\/uploads\/2018\/11\/mikina_kapucna_king.jpg 804w\" sizes=\"(max-width: 831px) 100vw, 831px\" \/><\/p>\n","protected":false},"excerpt":{"rendered":"<p>Design mikiny \u201eRespect the difference\u201c vyz\u00fdv\u00e1 k respektu p\u0159ed rozd\u00edly mezi n\u00e1mi. Mysli v\u00edce srdcem a nenech se un\u00e1\u0161et p\u0159edsudky a nen\u00e1vist\u00ed.<\/p>\n<p><strong>Dod\u00e1n\u00ed do 3-7 pracovn\u00edch dn\u00fa. <\/strong>Jednoduch\u00e1 v\u00fdm\u011bna zbo\u017e\u00ed zdarma p\u0159es Z\u00e1silkovnu (Podruh\u00e9 po\u0161tovn\u00e9 neplat\u00ed\u0161).<\/p>\n","protected":false},"featured_media":16432,"comment_status":"open","ping_status":"closed","template":"","meta":[],"product_cat":[77,76],"product_tag":[],"jetpack_publicize_connections":[],"_links":{"self":[{"href":"https:\/\/test.artside.sk\/cs\/wp-json\/wp\/v2\/product\/2033"}],"collection":[{"href":"https:\/\/test.artside.sk\/cs\/wp-json\/wp\/v2\/product"}],"about":[{"href":"https:\/\/test.artside.sk\/cs\/wp-json\/wp\/v2\/types\/product"}],"replies":[{"embeddable":true,"href":"https:\/\/test.artside.sk\/cs\/wp-json\/wp\/v2\/comments?post=2033"}],"wp:featuredmedia":[{"embeddable":true,"href":"https:\/\/test.artside.sk\/cs\/wp-json\/wp\/v2\/media\/16432"}],"wp:attachment":[{"href":"https:\/\/test.artside.sk\/cs\/wp-json\/wp\/v2\/media?parent=2033"}],"wp:term":[{"taxonomy":"product_cat","embeddable":true,"href":"https:\/\/test.artside.sk\/cs\/wp-json\/wp\/v2\/product_cat?post=2033"},{"taxonomy":"product_tag","embeddable":true,"href":"https:\/\/test.artside.sk\/cs\/wp-json\/wp\/v2\/product_tag?post=2033"}],"curies":[{"name":"wp","href":"https:\/\/api.w.org\/{rel}","templated":true}]}}