{"id":20366,"date":"2020-02-19T14:50:36","date_gmt":"2020-09-19T12:50:37","guid":{"rendered":"https:\/\/artside.sk\/?post_type=product&#038;p=20366"},"modified":"2020-09-27T12:04:39","modified_gmt":"2020-09-27T10:04:39","slug":"damska-mikina-nocni-boure","status":"publish","type":"product","link":"https:\/\/test.artside.sk\/cs\/produkt\/damska-mikina-nocni-boure\/","title":{"rendered":"D\u00e1msk\u00e1 mikina &#8222;NO\u010cN\u00cd BOU\u0158E&#8220;"},"content":{"rendered":"<p>Kvalitn\u00ed d\u00e1msk\u00e1 mikina se stylov\u00fdm potiskem na p\u0159edn\u00ed stran\u011b. Mikina dob\u0159e dr\u017e\u00ed tvar a neztr\u00e1c\u00ed barvu. Vysoce kvalitn\u00ed a st\u00e1l\u00fd potisk.<\/p>\n<ul>\n<li>materi\u00e1l: 80% bavlna 20% polyester<\/li>\n<li>bez bo\u010dn\u00edch \u0161v\u016f<\/li>\n<li>mikina bez kapuce<\/li>\n<li>barva: \u010dern\u00e1 280 g \/ m\u00b2<\/li>\n<li><strong>unisex<\/strong><\/li>\n<li><strong>Modelka m\u00e1 v\u00fd\u0161ku 173cm a oble\u010denou velikost &#8222;S&#8220;<\/strong><\/li>\n<\/ul>\n<p><img loading=\"lazy\" class=\"alignnone wp-image-18941\" src=\"https:\/\/artside.sk\/wp-content\/uploads\/2019\/01\/mikina-rozmery-king-300x75.jpg\" alt=\"\" width=\"836\" height=\"209\" srcset=\"https:\/\/test.artside.sk\/wp-content\/uploads\/2019\/01\/mikina-rozmery-king-300x75.jpg 300w, https:\/\/test.artside.sk\/wp-content\/uploads\/2019\/01\/mikina-rozmery-king-150x37.jpg 150w, https:\/\/test.artside.sk\/wp-content\/uploads\/2019\/01\/mikina-rozmery-king-600x149.jpg 600w, https:\/\/test.artside.sk\/wp-content\/uploads\/2019\/01\/mikina-rozmery-king-768x191.jpg 768w, https:\/\/test.artside.sk\/wp-content\/uploads\/2019\/01\/mikina-rozmery-king.jpg 989w\" sizes=\"(max-width: 836px) 100vw, 836px\" \/><\/p>\n","protected":false},"excerpt":{"rendered":"<p>Kvalitn\u00ed mikina se streetwear designem &#8222;NO\u010cN\u00cd BOU\u0158E&#8220;<\/p>\n<p>Dod\u00e1n\u00ed do\u00a0<strong>3-7<\/strong>\u00a0pracovn\u00edch dn\u016f. Jednoduch\u00e1 v\u00fdm\u011bna zbo\u017e\u00ed zdarma p\u0159es z\u00e1silkovnu (Podruh\u00e9 po\u0161tovn\u00e9 neplat\u00ed\u0161).<\/p>\n","protected":false},"featured_media":20318,"comment_status":"open","ping_status":"closed","template":"","meta":[],"product_cat":[77,76],"product_tag":[],"jetpack_publicize_connections":[],"_links":{"self":[{"href":"https:\/\/test.artside.sk\/cs\/wp-json\/wp\/v2\/product\/20366"}],"collection":[{"href":"https:\/\/test.artside.sk\/cs\/wp-json\/wp\/v2\/product"}],"about":[{"href":"https:\/\/test.artside.sk\/cs\/wp-json\/wp\/v2\/types\/product"}],"replies":[{"embeddable":true,"href":"https:\/\/test.artside.sk\/cs\/wp-json\/wp\/v2\/comments?post=20366"}],"wp:featuredmedia":[{"embeddable":true,"href":"https:\/\/test.artside.sk\/cs\/wp-json\/wp\/v2\/media\/20318"}],"wp:attachment":[{"href":"https:\/\/test.artside.sk\/cs\/wp-json\/wp\/v2\/media?parent=20366"}],"wp:term":[{"taxonomy":"product_cat","embeddable":true,"href":"https:\/\/test.artside.sk\/cs\/wp-json\/wp\/v2\/product_cat?post=20366"},{"taxonomy":"product_tag","embeddable":true,"href":"https:\/\/test.artside.sk\/cs\/wp-json\/wp\/v2\/product_tag?post=20366"}],"curies":[{"name":"wp","href":"https:\/\/api.w.org\/{rel}","templated":true}]}}