{"id":20612,"date":"2018-11-07T11:30:22","date_gmt":"2020-11-07T10:30:23","guid":{"rendered":"https:\/\/artside.sk\/?post_type=product&#038;p=20612"},"modified":"2021-01-03T12:23:27","modified_gmt":"2021-01-03T11:23:27","slug":"cepice-art-side-cerna","status":"publish","type":"product","link":"https:\/\/test.artside.sk\/cs\/produkt\/cepice-art-side-cerna\/","title":{"rendered":"\u010cepice &#8222;ART SIDE &#8211; \u010dern\u00e1"},"content":{"rendered":"<ul>\n<li>100% Soft-Touch Akryl<\/li>\n<li>dvouvrstv\u00e1 pletenina<\/li>\n<li>\u010cern\u00e1<\/li>\n<\/ul>\n","protected":false},"excerpt":{"rendered":"<p>Tepl\u00e1 \u010depice se stylovou v\u00fd\u0161ivkou ART SIDE.<\/p>\n<p>Dod\u00e1n\u00ed do 3-7 pracovn\u00edch dn\u016f.<\/p>\n","protected":false},"featured_media":20615,"comment_status":"open","ping_status":"closed","template":"","meta":[],"product_cat":[94,86],"product_tag":[],"jetpack_publicize_connections":[],"_links":{"self":[{"href":"https:\/\/test.artside.sk\/cs\/wp-json\/wp\/v2\/product\/20612"}],"collection":[{"href":"https:\/\/test.artside.sk\/cs\/wp-json\/wp\/v2\/product"}],"about":[{"href":"https:\/\/test.artside.sk\/cs\/wp-json\/wp\/v2\/types\/product"}],"replies":[{"embeddable":true,"href":"https:\/\/test.artside.sk\/cs\/wp-json\/wp\/v2\/comments?post=20612"}],"wp:featuredmedia":[{"embeddable":true,"href":"https:\/\/test.artside.sk\/cs\/wp-json\/wp\/v2\/media\/20615"}],"wp:attachment":[{"href":"https:\/\/test.artside.sk\/cs\/wp-json\/wp\/v2\/media?parent=20612"}],"wp:term":[{"taxonomy":"product_cat","embeddable":true,"href":"https:\/\/test.artside.sk\/cs\/wp-json\/wp\/v2\/product_cat?post=20612"},{"taxonomy":"product_tag","embeddable":true,"href":"https:\/\/test.artside.sk\/cs\/wp-json\/wp\/v2\/product_tag?post=20612"}],"curies":[{"name":"wp","href":"https:\/\/api.w.org\/{rel}","templated":true}]}}