{"id":2083,"date":"2018-09-23T11:59:27","date_gmt":"2018-11-04T10:59:27","guid":{"rendered":"https:\/\/artside.sk\/produkt\/unisex-mikina-lev-urban-art-walls\/"},"modified":"2021-05-09T12:01:18","modified_gmt":"2021-05-09T10:01:18","slug":"unisex-mikina-lev-urban-art-walls","status":"publish","type":"product","link":"https:\/\/test.artside.sk\/cs\/produkt\/unisex-mikina-lev-urban-art-walls\/","title":{"rendered":"Unisex mikina &#8222;LEV&#8220; &#8211; Urban Art Walls"},"content":{"rendered":"<p>Kvalitn\u00ed mikina s potiskem na p\u0159edn\u00ed stran\u011b.<\/p>\n<ul>\n<li>model m\u00e1 v\u00fd\u0161ku 178 cm a oble\u010denou velikost M<\/li>\n<li>materi\u00e1l: 80% bavlna 20% polyester<\/li>\n<li>bez bo\u010dn\u00edch \u0161v\u016f<\/li>\n<li>klsick\u00fd strih<\/li>\n<li>mikina bez kapuce<\/li>\n<li>unisex<\/li>\n<li>barva: \u010dern\u00e1<\/li>\n<li>280-299g \/ m2<\/li>\n<\/ul>\n<p><img loading=\"lazy\" class=\"alignnone wp-image-18941\" src=\"https:\/\/artside.sk\/wp-content\/uploads\/2019\/01\/mikina-rozmery-king-300x75.jpg\" alt=\"\" width=\"832\" height=\"208\" srcset=\"https:\/\/test.artside.sk\/wp-content\/uploads\/2019\/01\/mikina-rozmery-king-300x75.jpg 300w, https:\/\/test.artside.sk\/wp-content\/uploads\/2019\/01\/mikina-rozmery-king-150x37.jpg 150w, https:\/\/test.artside.sk\/wp-content\/uploads\/2019\/01\/mikina-rozmery-king-600x149.jpg 600w, https:\/\/test.artside.sk\/wp-content\/uploads\/2019\/01\/mikina-rozmery-king-768x191.jpg 768w, https:\/\/test.artside.sk\/wp-content\/uploads\/2019\/01\/mikina-rozmery-king.jpg 989w\" sizes=\"(max-width: 832px) 100vw, 832px\" \/><\/p>\n","protected":false},"excerpt":{"rendered":"<p>Kresba je inspirov\u00e1na p\u00fasobiv\u00fdm graffiti, kter\u00e9 bylo zachyceno na zbytc\u00edch berl\u00ednsk\u00e9 zdi. Kolekce &#8222;Urban Art Walls&#8220;.<\/p>\n<p><strong>Dod\u00e1n\u00ed do 3-7 pracovn\u00edch. <\/strong>Jednoduch\u00e1 v\u00fdm\u011bna zbo\u017e\u00ed zdarma p\u0159es Z\u00e1silkovnu (Podruh\u00e9 po\u0161tovn\u00e9 neplat\u00ed\u0161).<\/p>\n","protected":false},"featured_media":5793,"comment_status":"open","ping_status":"closed","template":"","meta":[],"product_cat":[78,76],"product_tag":[],"jetpack_publicize_connections":[],"_links":{"self":[{"href":"https:\/\/test.artside.sk\/cs\/wp-json\/wp\/v2\/product\/2083"}],"collection":[{"href":"https:\/\/test.artside.sk\/cs\/wp-json\/wp\/v2\/product"}],"about":[{"href":"https:\/\/test.artside.sk\/cs\/wp-json\/wp\/v2\/types\/product"}],"replies":[{"embeddable":true,"href":"https:\/\/test.artside.sk\/cs\/wp-json\/wp\/v2\/comments?post=2083"}],"wp:featuredmedia":[{"embeddable":true,"href":"https:\/\/test.artside.sk\/cs\/wp-json\/wp\/v2\/media\/5793"}],"wp:attachment":[{"href":"https:\/\/test.artside.sk\/cs\/wp-json\/wp\/v2\/media?parent=2083"}],"wp:term":[{"taxonomy":"product_cat","embeddable":true,"href":"https:\/\/test.artside.sk\/cs\/wp-json\/wp\/v2\/product_cat?post=2083"},{"taxonomy":"product_tag","embeddable":true,"href":"https:\/\/test.artside.sk\/cs\/wp-json\/wp\/v2\/product_tag?post=2083"}],"curies":[{"name":"wp","href":"https:\/\/api.w.org\/{rel}","templated":true}]}}