{"id":20940,"date":"2021-01-23T20:34:23","date_gmt":"2021-01-23T19:34:24","guid":{"rendered":"https:\/\/artside.sk\/?post_type=product&#038;p=20940"},"modified":"2021-04-11T12:17:40","modified_gmt":"2021-04-11T10:17:40","slug":"panske-triko-mandala","status":"publish","type":"product","link":"https:\/\/test.artside.sk\/cs\/produkt\/panske-triko-mandala\/","title":{"rendered":"P\u00e1nsk\u00e9 triko &#8222;MANDALA&#8220;"},"content":{"rendered":"<p>Origin\u00e1ln\u00ed kvalitn\u00ed p\u00e1nsk\u00e9 tri\u010dko se stylov\u00fdm potiskem na p\u0159edn\u00ed stran\u011b. Tri\u010dko dob\u0159e dr\u017e\u00ed tvar po pran\u00ed.<\/p>\n<ul>\n<li>100% bavlna<\/li>\n<li>kulat\u00fd v\u00fdst\u0159ih<\/li>\n<li>vnit\u0159n\u00ed \u010d\u00e1st zadn\u00edho pr\u016fkr\u010dn\u00edku za\u010di\u0161t\u011bna tkanou p\u00e1skou<\/li>\n<li>zpev\u0148uj\u00edc\u00ed ramenn\u00ed p\u00e1ska<\/li>\n<li>185 g \/ m2<\/li>\n<li>model m\u00e1 v\u00fd\u0161ku 178 cm a oble\u010denou velikost M<\/li>\n<\/ul>\n<table width=\"107\">\n<tbody>\n<tr>\n<td width=\"205\">\n<h1><strong>Velikosti (cm):<\/strong><\/h1>\n<\/td>\n<td width=\"205\"><img loading=\"lazy\" class=\"alignnone wp-image-649\" src=\"https:\/\/artside.cz\/wp-content\/uploads\/2018\/01\/sirka_tricka.jpg\" sizes=\"(max-width: 220px) 100vw, 220px\" srcset=\"https:\/\/artside.cz\/wp-content\/uploads\/2018\/01\/sirka_tricka.jpg 299w, https:\/\/artside.sk\/wp-content\/uploads\/2018\/01\/sirka_tricka-100x100.jpg 100w\" alt=\"\" width=\"220\" height=\"217\" \/><\/td>\n<td width=\"205\"><img loading=\"lazy\" class=\"alignnone wp-image-650\" src=\"https:\/\/artside.cz\/wp-content\/uploads\/2018\/01\/vyska_tricka.jpg\" alt=\"\" width=\"220\" height=\"208\" \/><\/td>\n<\/tr>\n<tr>\n<td width=\"205\"><strong>S<\/strong><\/p>\n<hr \/>\n<\/td>\n<td width=\"205\"><strong>50<\/strong><\/p>\n<hr \/>\n<\/td>\n<td width=\"205\"><strong>69<\/strong><\/p>\n<hr \/>\n<\/td>\n<\/tr>\n<tr>\n<td width=\"205\"><span style=\"color: #ff6600;\"><strong>M<\/strong><\/span><\/p>\n<hr \/>\n<\/td>\n<td width=\"205\"><span style=\"color: #ff6600;\"><strong>53<\/strong><\/span><\/p>\n<hr \/>\n<\/td>\n<td width=\"205\"><span style=\"color: #ff6600;\"><strong>72<\/strong><\/span><\/p>\n<hr \/>\n<\/td>\n<\/tr>\n<tr>\n<td width=\"205\"><strong>L<\/strong><\/p>\n<hr \/>\n<\/td>\n<td width=\"205\"><strong>56<\/strong><\/p>\n<hr \/>\n<\/td>\n<td width=\"205\"><strong>74<\/strong><\/p>\n<hr \/>\n<\/td>\n<\/tr>\n<tr>\n<td width=\"205\"><span style=\"color: #ff6600;\"><strong>XL<\/strong><\/span><\/p>\n<hr \/>\n<\/td>\n<td width=\"205\"><span style=\"color: #ff6600;\"><strong>59<\/strong><\/span><\/p>\n<hr \/>\n<\/td>\n<td width=\"205\"><span style=\"color: #ff6600;\"><strong>76<\/strong><\/span><\/p>\n<hr \/>\n<\/td>\n<\/tr>\n<tr>\n<td width=\"205\"><strong>XXL<\/strong><\/td>\n<td width=\"205\"><strong>62<\/strong><\/td>\n<td width=\"205\"><strong>78<\/strong><\/td>\n<\/tr>\n<\/tbody>\n<\/table>\n<p>&nbsp;<\/p>\n","protected":false},"excerpt":{"rendered":"<p>Design MANDALA pro v\u0161echny fanou\u0161ky p\u0159\u00edrodn\u00edch Streetwear motiv\u016f.<\/p>\n<p>Dod\u00e1n\u00ed do <strong>3-7<\/strong> pracovn\u00edch dn\u016f. Jednoduch\u00e1 v\u00fdm\u011bna zbo\u017e\u00ed zdarma p\u0159es Z\u00e1silkovnu (podruh\u00e9 po\u0161tovn\u00e9 neplat\u00ed\u0161).<\/p>\n","protected":false},"featured_media":20945,"comment_status":"open","ping_status":"closed","template":"","meta":[],"product_cat":[80,84],"product_tag":[],"jetpack_publicize_connections":[],"_links":{"self":[{"href":"https:\/\/test.artside.sk\/cs\/wp-json\/wp\/v2\/product\/20940"}],"collection":[{"href":"https:\/\/test.artside.sk\/cs\/wp-json\/wp\/v2\/product"}],"about":[{"href":"https:\/\/test.artside.sk\/cs\/wp-json\/wp\/v2\/types\/product"}],"replies":[{"embeddable":true,"href":"https:\/\/test.artside.sk\/cs\/wp-json\/wp\/v2\/comments?post=20940"}],"wp:featuredmedia":[{"embeddable":true,"href":"https:\/\/test.artside.sk\/cs\/wp-json\/wp\/v2\/media\/20945"}],"wp:attachment":[{"href":"https:\/\/test.artside.sk\/cs\/wp-json\/wp\/v2\/media?parent=20940"}],"wp:term":[{"taxonomy":"product_cat","embeddable":true,"href":"https:\/\/test.artside.sk\/cs\/wp-json\/wp\/v2\/product_cat?post=20940"},{"taxonomy":"product_tag","embeddable":true,"href":"https:\/\/test.artside.sk\/cs\/wp-json\/wp\/v2\/product_tag?post=20940"}],"curies":[{"name":"wp","href":"https:\/\/api.w.org\/{rel}","templated":true}]}}