{"id":21055,"date":"2019-02-14T10:20:02","date_gmt":"2021-02-14T09:20:02","guid":{"rendered":"https:\/\/artside.sk\/?post_type=product&#038;p=21055"},"modified":"2021-07-16T01:05:22","modified_gmt":"2021-07-15T23:05:22","slug":"panska-mikina-s-kapuci-gentleman","status":"publish","type":"product","link":"https:\/\/test.artside.sk\/cs\/produkt\/panska-mikina-s-kapuci-gentleman\/","title":{"rendered":"P\u00e1nsk\u00e1 mikina s kapuc\u00ed &#8222;GENTLEMAN&#8220;"},"content":{"rendered":"<p>Kvalitn\u00ed p\u00e1nsk\u00e1 mikina s potiskem na p\u0159edn\u00ed i zadn\u00ed stran\u011b. Mikina po pran\u00ed dob\u0159e dr\u017e\u00ed tvar a neztr\u00e1c\u00ed barvu. Kvalitn\u00ed potisk.<\/p>\n<ul>\n<li>materi\u00e1l: 80% \u010desan\u00e1 bavlna, 20% polyester<\/li>\n<li>kapuce se \u0161\u0148\u016frkou<\/li>\n<li>\u017eebrov\u00fd \u00faplet na man\u017eet\u00e1ch a spodn\u00edm lemu<\/li>\n<li>p\u0159edn\u00ed klokan\u00ed kapsa<\/li>\n<li>modern\u00ed st\u0159ih<\/li>\n<li>bez bo\u010dn\u00edch \u0161v\u016f<\/li>\n<li>barva: \u010dern\u00e1<\/li>\n<li>280 g \/ m\u00b2<\/li>\n<li><strong>unisex<\/strong><\/li>\n<li><strong>na v\u00fd\u0161ku postavy okolo 180 cm doporu\u010dujeme velikost &#8222;L&#8220;!<\/strong><\/li>\n<\/ul>\n<p><img loading=\"lazy\" class=\"alignnone wp-image-20320\" src=\"https:\/\/artside.sk\/wp-content\/uploads\/2018\/11\/mikina_kapucna_king-300x91.jpg\" alt=\"\" width=\"834\" height=\"253\" srcset=\"https:\/\/test.artside.sk\/wp-content\/uploads\/2018\/11\/mikina_kapucna_king-300x91.jpg 300w, https:\/\/test.artside.sk\/wp-content\/uploads\/2018\/11\/mikina_kapucna_king-150x46.jpg 150w, https:\/\/test.artside.sk\/wp-content\/uploads\/2018\/11\/mikina_kapucna_king-600x182.jpg 600w, https:\/\/test.artside.sk\/wp-content\/uploads\/2018\/11\/mikina_kapucna_king-768x233.jpg 768w, https:\/\/test.artside.sk\/wp-content\/uploads\/2018\/11\/mikina_kapucna_king-800x244.jpg 800w, https:\/\/test.artside.sk\/wp-content\/uploads\/2018\/11\/mikina_kapucna_king.jpg 804w\" sizes=\"(max-width: 834px) 100vw, 834px\" \/><\/p>\n","protected":false},"excerpt":{"rendered":"<p>Kvalitn\u00ed tri\u010dko se Streetwear designem &#8222;GENTLEMAN&#8220;.<\/p>\n<p>Origin\u00e1ln\u00ed motiv vytvo\u0159en\u00fd pro zna\u010dku ART SIDE.<\/p>\n<p>dod\u00e1n\u00ed do<strong> 3-7<\/strong> pracovn\u00edch dn\u016f. Jednoduch\u00e1 v\u00fdm\u011bna zbo\u017e\u00ed zdarma p\u0159es z\u00e1silkovnu. (Podruh\u00e9 po\u0161tovn\u00e9 neplat\u00ed\u0161)<\/p>\n","protected":false},"featured_media":21058,"comment_status":"open","ping_status":"closed","template":"","meta":[],"product_cat":[78,76],"product_tag":[],"jetpack_publicize_connections":[],"_links":{"self":[{"href":"https:\/\/test.artside.sk\/cs\/wp-json\/wp\/v2\/product\/21055"}],"collection":[{"href":"https:\/\/test.artside.sk\/cs\/wp-json\/wp\/v2\/product"}],"about":[{"href":"https:\/\/test.artside.sk\/cs\/wp-json\/wp\/v2\/types\/product"}],"replies":[{"embeddable":true,"href":"https:\/\/test.artside.sk\/cs\/wp-json\/wp\/v2\/comments?post=21055"}],"wp:featuredmedia":[{"embeddable":true,"href":"https:\/\/test.artside.sk\/cs\/wp-json\/wp\/v2\/media\/21058"}],"wp:attachment":[{"href":"https:\/\/test.artside.sk\/cs\/wp-json\/wp\/v2\/media?parent=21055"}],"wp:term":[{"taxonomy":"product_cat","embeddable":true,"href":"https:\/\/test.artside.sk\/cs\/wp-json\/wp\/v2\/product_cat?post=21055"},{"taxonomy":"product_tag","embeddable":true,"href":"https:\/\/test.artside.sk\/cs\/wp-json\/wp\/v2\/product_tag?post=21055"}],"curies":[{"name":"wp","href":"https:\/\/api.w.org\/{rel}","templated":true}]}}