{"id":21104,"date":"2020-02-21T10:03:57","date_gmt":"2021-02-21T09:03:58","guid":{"rendered":"https:\/\/artside.sk\/?post_type=product&#038;p=21104"},"modified":"2021-02-21T10:16:44","modified_gmt":"2021-02-21T09:16:44","slug":"panska-mikina-nocni-boure","status":"publish","type":"product","link":"https:\/\/test.artside.sk\/cs\/produkt\/panska-mikina-nocni-boure\/","title":{"rendered":"P\u00e1nsk\u00e1 mikina &#8222;NO\u010cN\u00cd BOU\u0158E&#8220;"},"content":{"rendered":"<p>Kvalitn\u00ed mikina s potiskem na p\u0159edn\u00ed stran\u011b.<\/p>\n<ul>\n<li>materi\u00e1l: 80% bavlna 20% polyester<\/li>\n<li>bez bo\u010dn\u00edch \u0161v\u016f<\/li>\n<li>mikina bez kapuce<\/li>\n<li>unisex<\/li>\n<li>barva: \u010dern\u00e1<\/li>\n<li>280-299g \/ m2<\/li>\n<li><strong>model m\u00e1 v\u00fd\u0161ku 178 cm a oble\u010denou velikost M<\/strong><\/li>\n<\/ul>\n<p><img loading=\"lazy\" class=\"alignnone wp-image-18941\" src=\"https:\/\/artside.cz\/wp-content\/uploads\/2019\/01\/mikina-rozmery-king-300x75.jpg\" alt=\"\" width=\"832\" height=\"208\" srcset=\"https:\/\/test.artside.sk\/wp-content\/uploads\/2019\/01\/mikina-rozmery-king-300x75.jpg 300w, https:\/\/test.artside.sk\/wp-content\/uploads\/2019\/01\/mikina-rozmery-king-150x37.jpg 150w, https:\/\/test.artside.sk\/wp-content\/uploads\/2019\/01\/mikina-rozmery-king-600x149.jpg 600w, https:\/\/test.artside.sk\/wp-content\/uploads\/2019\/01\/mikina-rozmery-king-768x191.jpg 768w, https:\/\/test.artside.sk\/wp-content\/uploads\/2019\/01\/mikina-rozmery-king.jpg 989w\" sizes=\"(max-width: 832px) 100vw, 832px\" \/><\/p>\n","protected":false},"excerpt":{"rendered":"<p>Kvalitn\u00ed mikina se streetwear designem &#8222;NO\u010cN\u00cd BOU\u0158E&#8220;.<\/p>\n<p>dod\u00e1n\u00ed do<strong> 3-7<\/strong> pracovn\u00edch. Jednoduch\u00e1 v\u00fdm\u011bna zbo\u017e\u00ed zdarma p\u0159es Z\u00e1silkovnu (podruh\u00e9 po\u0161tovn\u00e9 neplat\u00ed\u0161).<\/p>\n","protected":false},"featured_media":21119,"comment_status":"open","ping_status":"closed","template":"","meta":[],"product_cat":[78,76],"product_tag":[],"jetpack_publicize_connections":[],"_links":{"self":[{"href":"https:\/\/test.artside.sk\/cs\/wp-json\/wp\/v2\/product\/21104"}],"collection":[{"href":"https:\/\/test.artside.sk\/cs\/wp-json\/wp\/v2\/product"}],"about":[{"href":"https:\/\/test.artside.sk\/cs\/wp-json\/wp\/v2\/types\/product"}],"replies":[{"embeddable":true,"href":"https:\/\/test.artside.sk\/cs\/wp-json\/wp\/v2\/comments?post=21104"}],"wp:featuredmedia":[{"embeddable":true,"href":"https:\/\/test.artside.sk\/cs\/wp-json\/wp\/v2\/media\/21119"}],"wp:attachment":[{"href":"https:\/\/test.artside.sk\/cs\/wp-json\/wp\/v2\/media?parent=21104"}],"wp:term":[{"taxonomy":"product_cat","embeddable":true,"href":"https:\/\/test.artside.sk\/cs\/wp-json\/wp\/v2\/product_cat?post=21104"},{"taxonomy":"product_tag","embeddable":true,"href":"https:\/\/test.artside.sk\/cs\/wp-json\/wp\/v2\/product_tag?post=21104"}],"curies":[{"name":"wp","href":"https:\/\/api.w.org\/{rel}","templated":true}]}}