{"id":2113,"date":"2018-10-08T20:56:19","date_gmt":"2018-10-28T19:56:19","guid":{"rendered":"https:\/\/artside.sk\/produkt\/ksiltovka-art-side-snapback-rovny-ksilt-se-sitkou-maskacova\/"},"modified":"2021-03-13T17:37:35","modified_gmt":"2021-03-13T16:37:35","slug":"ksiltovka-art-side-snapback-se-sitkou-maskacova","status":"publish","type":"product","link":"https:\/\/test.artside.sk\/cs\/produkt\/ksiltovka-art-side-snapback-se-sitkou-maskacova\/","title":{"rendered":"K\u0161iltovka ART SIDE Snapback &#8211; se s\u00ed\u0165kou, mask\u00e1\u010dov\u00e1"},"content":{"rendered":"<p>6 panelov\u00e1<br \/>\nsnapback zap\u00edn\u00e1n\u00ed plastov\u00fdm p\u00e1skem<br \/>\npot\u00edtko: 35% bavlna \/ 65% polyester<br \/>\nvy\u0161\u00edvan\u00e9 v\u011btrac\u00ed otvory pro lep\u0161\u00ed odvod vlhkosti<br \/>\nsnapback<br \/>\nvyztu\u017een\u00e9 \u010delo<br \/>\nrovn\u00fd k\u0161ilt<br \/>\n8 kr\u00e1t pro\u0161\u00edvan\u00fd k\u0161ilt<br \/>\nbarva: mask\u00e1\u010dov\u00e1 (Multicam)<br \/>\nse s\u00ed\u0165kou<\/p>\n","protected":false},"excerpt":{"rendered":"<p>Kvalitn\u00ed k\u0161iltovka se v\u00fd\u0161ivkou ART SIDE. Sv\u00fdm designem dob\u0159e p\u0159istane tvaru hlavy. S\u00ed\u0165ka v zadn\u00ed \u010d\u00e1sti zaji\u0161\u0165uje prody\u0161nost, hod\u00ed se i do hork\u00fdch dn\u016f.<\/p>\n<p>P\u0159i odb\u011bru p\u0159es z\u00e1silkov\u00fd mo\u017en\u00e9 p\u0159i p\u0159evzet\u00ed odzkou\u0161et.<\/p>\n<p><strong>Dod\u00e1n\u00ed do 3-7 pracovn\u00edch dn\u016f.<\/strong>Jednoduch\u00e1 v\u00fdm\u011bna zbo\u017e\u00ed zdarma p\u0159es Z\u00e1silkovnu (Podruh\u00e9 po\u0161tovn\u00e9 neplat\u00ed\u0161).<\/p>\n","protected":false},"featured_media":20000,"comment_status":"open","ping_status":"closed","template":"","meta":[],"product_cat":[86,92],"product_tag":[],"jetpack_publicize_connections":[],"_links":{"self":[{"href":"https:\/\/test.artside.sk\/cs\/wp-json\/wp\/v2\/product\/2113"}],"collection":[{"href":"https:\/\/test.artside.sk\/cs\/wp-json\/wp\/v2\/product"}],"about":[{"href":"https:\/\/test.artside.sk\/cs\/wp-json\/wp\/v2\/types\/product"}],"replies":[{"embeddable":true,"href":"https:\/\/test.artside.sk\/cs\/wp-json\/wp\/v2\/comments?post=2113"}],"wp:featuredmedia":[{"embeddable":true,"href":"https:\/\/test.artside.sk\/cs\/wp-json\/wp\/v2\/media\/20000"}],"wp:attachment":[{"href":"https:\/\/test.artside.sk\/cs\/wp-json\/wp\/v2\/media?parent=2113"}],"wp:term":[{"taxonomy":"product_cat","embeddable":true,"href":"https:\/\/test.artside.sk\/cs\/wp-json\/wp\/v2\/product_cat?post=2113"},{"taxonomy":"product_tag","embeddable":true,"href":"https:\/\/test.artside.sk\/cs\/wp-json\/wp\/v2\/product_tag?post=2113"}],"curies":[{"name":"wp","href":"https:\/\/api.w.org\/{rel}","templated":true}]}}