{"id":2115,"date":"2018-05-06T16:59:20","date_gmt":"2018-05-06T14:59:20","guid":{"rendered":"https:\/\/artside.sk\/produkt\/ksiltovka-art-side-snapback-rovny-ksilt-seda-burgundy\/"},"modified":"2021-07-27T23:38:12","modified_gmt":"2021-07-27T21:38:12","slug":"ksiltovka-art-side-snapback-rovny-ksilt","status":"publish","type":"product","link":"https:\/\/test.artside.sk\/cs\/produkt\/ksiltovka-art-side-snapback-rovny-ksilt\/","title":{"rendered":"K\u0161iltovka ART SIDE Snapback &#8211; rovn\u00fd k\u0161ilt,"},"content":{"rendered":"<p>6 panelov\u00e1<br \/>\nsnapback zap\u00edn\u00e1n\u00ed plastov\u00fdm p\u00e1skem<br \/>\npot\u00edtko: 35% bavlna \/ 65% polyester<br \/>\nvy\u0161\u00edvan\u00e9 v\u011btrac\u00ed otvory pro lep\u0161\u00ed odvod vlhkosti<br \/>\nsnapback<br \/>\nvyztu\u017een\u00e9 \u010delo<br \/>\nrovn\u00fd k\u0161ilt<br \/>\n6 kr\u00e1t pro\u0161\u00edvan\u00fd k\u0161ilt<br \/>\nbarva: \u0161ed\u00e1, \u010derven\u00e1, zelen\u00e1<\/p>\n","protected":false},"excerpt":{"rendered":"<p>Kvalitn\u00ed k\u0161iltovka Classics se stylovou v\u00fd\u0161ivkou ART SIDE. Sv\u00fdm designem dob\u0159e p\u0159istane tvaru hlavy.<\/p>\n<p><strong>Dod\u00e1n\u00ed do 3-7 pracovn\u00edch dn\u016f.\u00a0<\/strong>Jednoduch\u00e1 v\u00fdm\u011bna zbo\u017e\u00ed zdarma p\u0159es Z\u00e1silkovnu (Podruh\u00e9 po\u0161tovn\u00e9 neplat\u00ed\u0161).<\/p>\n<p>&nbsp;<\/p>\n","protected":false},"featured_media":18733,"comment_status":"open","ping_status":"closed","template":"","meta":[],"product_cat":[86,91],"product_tag":[],"jetpack_publicize_connections":[],"_links":{"self":[{"href":"https:\/\/test.artside.sk\/cs\/wp-json\/wp\/v2\/product\/2115"}],"collection":[{"href":"https:\/\/test.artside.sk\/cs\/wp-json\/wp\/v2\/product"}],"about":[{"href":"https:\/\/test.artside.sk\/cs\/wp-json\/wp\/v2\/types\/product"}],"replies":[{"embeddable":true,"href":"https:\/\/test.artside.sk\/cs\/wp-json\/wp\/v2\/comments?post=2115"}],"wp:featuredmedia":[{"embeddable":true,"href":"https:\/\/test.artside.sk\/cs\/wp-json\/wp\/v2\/media\/18733"}],"wp:attachment":[{"href":"https:\/\/test.artside.sk\/cs\/wp-json\/wp\/v2\/media?parent=2115"}],"wp:term":[{"taxonomy":"product_cat","embeddable":true,"href":"https:\/\/test.artside.sk\/cs\/wp-json\/wp\/v2\/product_cat?post=2115"},{"taxonomy":"product_tag","embeddable":true,"href":"https:\/\/test.artside.sk\/cs\/wp-json\/wp\/v2\/product_tag?post=2115"}],"curies":[{"name":"wp","href":"https:\/\/api.w.org\/{rel}","templated":true}]}}