{"id":2117,"date":"2018-05-08T11:53:12","date_gmt":"2018-05-08T09:53:12","guid":{"rendered":"https:\/\/artside.sk\/produkt\/ksiltovka-art-side-snapback-rovny-ksilt-cerno-cervena\/"},"modified":"2021-08-05T14:37:56","modified_gmt":"2021-08-05T12:37:56","slug":"ksiltovka-art-side-snapback-rovny-ksilt-cerno-cervena","status":"publish","type":"product","link":"https:\/\/test.artside.sk\/cs\/produkt\/ksiltovka-art-side-snapback-rovny-ksilt-cerno-cervena\/","title":{"rendered":"K\u0161iltovka ART SIDE Snapback &#8211; rovn\u00fd k\u0161ilt, \u010derno-\u010derven\u00e1"},"content":{"rendered":"<p>5 panelov\u00e1<br \/>\nsnapback zap\u00edn\u00e1n\u00ed plastov\u00fdm p\u00e1skem<br \/>\nmateri\u00e1l: 100% polyesterov\u00fd kepr<br \/>\nvy\u0161\u00edvan\u00e9 v\u011btrac\u00ed otvory pro lep\u0161\u00ed odvod vlhkosti<br \/>\nrovn\u00fd k\u0161ilt<br \/>\n6 kr\u00e1t pro\u0161\u00edvan\u00fd k\u0161ilt<br \/>\nvyztu\u017een\u00e9 \u010delo<br \/>\nbarva: \u010dern\u00e1, \u010derven\u00e1, zelen\u00e1<\/p>\n","protected":false},"excerpt":{"rendered":"<p>Klasick\u00e1 Beechfield Snapback k\u0161iltovka se stylovou n\u00e1\u0161ivkou ART SIDE ornamenty. Spodek k\u0161iltu je zelen\u00e9 barvy.<\/p>\n<p><strong>Dod\u00e1n\u00ed do 3-7 pracovn\u00edch dn\u016f<\/strong><\/p>\n","protected":false},"featured_media":17957,"comment_status":"open","ping_status":"closed","template":"","meta":[],"product_cat":[86,91],"product_tag":[],"jetpack_publicize_connections":[],"_links":{"self":[{"href":"https:\/\/test.artside.sk\/cs\/wp-json\/wp\/v2\/product\/2117"}],"collection":[{"href":"https:\/\/test.artside.sk\/cs\/wp-json\/wp\/v2\/product"}],"about":[{"href":"https:\/\/test.artside.sk\/cs\/wp-json\/wp\/v2\/types\/product"}],"replies":[{"embeddable":true,"href":"https:\/\/test.artside.sk\/cs\/wp-json\/wp\/v2\/comments?post=2117"}],"wp:featuredmedia":[{"embeddable":true,"href":"https:\/\/test.artside.sk\/cs\/wp-json\/wp\/v2\/media\/17957"}],"wp:attachment":[{"href":"https:\/\/test.artside.sk\/cs\/wp-json\/wp\/v2\/media?parent=2117"}],"wp:term":[{"taxonomy":"product_cat","embeddable":true,"href":"https:\/\/test.artside.sk\/cs\/wp-json\/wp\/v2\/product_cat?post=2117"},{"taxonomy":"product_tag","embeddable":true,"href":"https:\/\/test.artside.sk\/cs\/wp-json\/wp\/v2\/product_tag?post=2117"}],"curies":[{"name":"wp","href":"https:\/\/api.w.org\/{rel}","templated":true}]}}