{"id":2119,"date":"2018-05-06T20:17:30","date_gmt":"2018-05-06T18:17:30","guid":{"rendered":"https:\/\/artside.sk\/produkt\/flexfit-performance-cap-art-side-nvy-wht-s-m\/"},"modified":"2020-10-15T17:13:26","modified_gmt":"2020-10-15T15:13:26","slug":"ksiltovka-art-side-flexfit-bez-zapinani","status":"publish","type":"product","link":"https:\/\/test.artside.sk\/cs\/produkt\/ksiltovka-art-side-flexfit-bez-zapinani\/","title":{"rendered":"K\u0161iltovka ART SIDE Flexfit &#8211; bez zap\u00edn\u00e1n\u00ed"},"content":{"rendered":"<ul>\n<li>6 panelov\u00e1<\/li>\n<li>bez zap\u00edn\u00e1n\u00ed<\/li>\n<li>Velikost S-M (obvod hlavy 54cm &#8211; 61cm)<\/li>\n<li>Velikost L-XL (obvod hlavy nad 61cm)<\/li>\n<li>materi\u00e1l: 97% polyester \/ 3% spandex<\/li>\n<li>pot\u00edtko velmi dob\u0159e odv\u00e1d\u00ed pot<\/li>\n<li>vy\u0161\u00edvan\u00e9 v\u011btrac\u00ed otvory pro lep\u0161\u00ed odvod vlhkosti<\/li>\n<li>m\u00edrn\u011b zak\u0159iven\u00fd k\u0161ilt<\/li>\n<li>vyztu\u017een\u00e9 \u010delo<\/li>\n<li>8 kr\u00e1t pro\u0161\u00edvan\u00fd k\u0161ilt<\/li>\n<li>barva: tmavo-\u010derven\u00e1, b\u00edl\u00e1, \u010dern\u00e1<\/li>\n<li>b\u00edl\u00fd p\u0159edn\u00ed panel<\/li>\n<\/ul>\n","protected":false},"excerpt":{"rendered":"<div class=\"description-big\">\n<p>K\u0161iltovka nejvy\u0161\u0161\u00ed kvality Flexfit se stylovou v\u00fd\u0161ivkou ART SIDE. Unik\u00e1tn\u00ed design, snadno se p\u0159izp\u016fsobuje tvaru hlavy, pou\u017eit\u00e9 kvalitn\u00ed materi\u00e1ly. Vyrobeno z tkaniny, kter\u00e1 velmi dob\u0159e odv\u00e1d\u00ed pot.<\/p>\n<\/div>\n<div>\n<p><strong>Dod\u00e1n\u00ed do 3-7 pracovn\u00edch dn\u016f. <\/strong>Ob\u00e1v\u00e1\u0161 se, \u017ee ti zbo\u017e\u00ed nesedne? U n\u00e1s m\u00e1\u0161 jednu v\u00fdm\u011bnu Zdarma.<\/p>\n<\/div>\n","protected":false},"featured_media":20512,"comment_status":"open","ping_status":"closed","template":"","meta":[],"product_cat":[86,88],"product_tag":[],"jetpack_publicize_connections":[],"_links":{"self":[{"href":"https:\/\/test.artside.sk\/cs\/wp-json\/wp\/v2\/product\/2119"}],"collection":[{"href":"https:\/\/test.artside.sk\/cs\/wp-json\/wp\/v2\/product"}],"about":[{"href":"https:\/\/test.artside.sk\/cs\/wp-json\/wp\/v2\/types\/product"}],"replies":[{"embeddable":true,"href":"https:\/\/test.artside.sk\/cs\/wp-json\/wp\/v2\/comments?post=2119"}],"wp:featuredmedia":[{"embeddable":true,"href":"https:\/\/test.artside.sk\/cs\/wp-json\/wp\/v2\/media\/20512"}],"wp:attachment":[{"href":"https:\/\/test.artside.sk\/cs\/wp-json\/wp\/v2\/media?parent=2119"}],"wp:term":[{"taxonomy":"product_cat","embeddable":true,"href":"https:\/\/test.artside.sk\/cs\/wp-json\/wp\/v2\/product_cat?post=2119"},{"taxonomy":"product_tag","embeddable":true,"href":"https:\/\/test.artside.sk\/cs\/wp-json\/wp\/v2\/product_tag?post=2119"}],"curies":[{"name":"wp","href":"https:\/\/api.w.org\/{rel}","templated":true}]}}