{"id":21702,"date":"2019-07-18T11:11:28","date_gmt":"2021-07-18T09:11:29","guid":{"rendered":"https:\/\/artside.sk\/?post_type=product&#038;p=21702"},"modified":"2021-07-18T11:47:54","modified_gmt":"2021-07-18T09:47:54","slug":"panske-tilko-temne-proroctvi","status":"publish","type":"product","link":"https:\/\/test.artside.sk\/cs\/produkt\/panske-tilko-temne-proroctvi\/","title":{"rendered":"P\u00e1nsk\u00e9 t\u00edlko &#8222;DARK PROPHECY&#8220;"},"content":{"rendered":"<p>Kvalitn\u00ed unisex t\u00edlko se stylov\u00fdm potiskem na p\u0159edn\u00ed stran\u011b. T\u00edlko po pran\u00ed dob\u0159e dr\u017e\u00ed tvar a neztr\u00e1c\u00ed barvu. Vysoce kvalitn\u00ed a st\u00e1l\u00fd potisk.<\/p>\n<ul>\n<li><strong>modelka m\u00e1 v\u00fd\u0161ku 166 cm a oble\u010denou velikost S<\/strong><\/li>\n<li>100% bavlna<\/li>\n<li>kulat\u00fd v\u00fdst\u0159ih<\/li>\n<li>bez bo\u010dn\u00edch \u0161v\u016f<\/li>\n<li>185g \/ m2<\/li>\n<\/ul>\n<table width=\"107\">\n<tbody>\n<tr>\n<td width=\"205\">\n<h1><strong>Velikosti (cm):<\/strong><\/h1>\n<\/td>\n<td width=\"205\"><img loading=\"lazy\" class=\"alignnone wp-image-1475\" src=\"https:\/\/artside.sk\/wp-content\/uploads\/2018\/01\/sirka_tricka.jpg\" sizes=\"(max-width: 220px) 100vw, 220px\" srcset=\"https:\/\/artside.sk\/wp-content\/uploads\/2018\/01\/sirka_tricka.jpg 299w, https:\/\/artside.sk\/wp-content\/uploads\/2018\/01\/sirka_tricka-100x100.jpg 100w\" alt=\"\" width=\"220\" height=\"217\" \/><\/td>\n<td width=\"205\"><img loading=\"lazy\" class=\"alignnone wp-image-1477\" src=\"https:\/\/artside.sk\/wp-content\/uploads\/2018\/01\/vyska_tricka.jpg\" alt=\"\" width=\"220\" height=\"208\" \/><\/td>\n<\/tr>\n<tr>\n<td width=\"205\"><strong>S<\/strong><\/p>\n<hr \/>\n<\/td>\n<td width=\"205\"><strong>45<\/strong><\/p>\n<hr \/>\n<\/td>\n<td width=\"205\"><strong>67<\/strong><\/p>\n<hr \/>\n<\/td>\n<\/tr>\n<tr>\n<td width=\"205\"><strong>M<\/strong><\/p>\n<hr \/>\n<\/td>\n<td width=\"205\"><strong>49<\/strong><\/p>\n<hr \/>\n<\/td>\n<td width=\"205\"><strong>70<\/strong><\/p>\n<hr \/>\n<\/td>\n<\/tr>\n<tr>\n<td width=\"205\"><strong>L<\/strong><\/p>\n<hr \/>\n<\/td>\n<td width=\"205\"><strong>53<\/strong><\/p>\n<hr \/>\n<\/td>\n<td width=\"205\"><strong>72<\/strong><\/p>\n<hr \/>\n<\/td>\n<\/tr>\n<tr>\n<td width=\"205\"><strong>XL<\/strong><\/p>\n<hr \/>\n<\/td>\n<td width=\"205\"><strong>58<\/strong><\/p>\n<hr \/>\n<\/td>\n<td width=\"205\"><strong>73<\/strong><\/p>\n<hr \/>\n<\/td>\n<\/tr>\n<tr>\n<td width=\"205\"><strong>XXL<\/strong><\/td>\n<td width=\"205\"><strong>62<\/strong><\/td>\n<td width=\"205\"><strong>74<\/strong><\/td>\n<\/tr>\n<\/tbody>\n<\/table>\n","protected":false},"excerpt":{"rendered":"<div class=\"woocommerce-product-details__short-description\">\n<p>Design pod n\u00e1zvem &#8222;DARK PROPHECY&#8220; (temn\u00e9 proroctv\u00ed) z kolekce Native upozor\u0148uje na problematiku zne\u010di\u0161t\u011bn\u00ed \u017eivotn\u00edho prost\u0159ed\u00ed.<\/p>\n<p>dod\u00e1n\u00ed do<strong> 3-7<\/strong> pracovn\u00edch dn\u016f. Jednoduch\u00e1 v\u00fdm\u011bna zbo\u017e\u00ed zdarma p\u0159es z\u00e1silkovnu (podruh\u00e9 po\u0161tovn\u00e9 neplat\u00ed\u0161).<\/p>\n<p>(Tattoo, tetov\u00e1n\u00ed, t\u00edlko, streetwear, graffiti)<\/p>\n<\/div>\n","protected":false},"featured_media":21705,"comment_status":"open","ping_status":"closed","template":"","meta":[],"product_cat":[80,84],"product_tag":[],"jetpack_publicize_connections":[],"_links":{"self":[{"href":"https:\/\/test.artside.sk\/cs\/wp-json\/wp\/v2\/product\/21702"}],"collection":[{"href":"https:\/\/test.artside.sk\/cs\/wp-json\/wp\/v2\/product"}],"about":[{"href":"https:\/\/test.artside.sk\/cs\/wp-json\/wp\/v2\/types\/product"}],"replies":[{"embeddable":true,"href":"https:\/\/test.artside.sk\/cs\/wp-json\/wp\/v2\/comments?post=21702"}],"wp:featuredmedia":[{"embeddable":true,"href":"https:\/\/test.artside.sk\/cs\/wp-json\/wp\/v2\/media\/21705"}],"wp:attachment":[{"href":"https:\/\/test.artside.sk\/cs\/wp-json\/wp\/v2\/media?parent=21702"}],"wp:term":[{"taxonomy":"product_cat","embeddable":true,"href":"https:\/\/test.artside.sk\/cs\/wp-json\/wp\/v2\/product_cat?post=21702"},{"taxonomy":"product_tag","embeddable":true,"href":"https:\/\/test.artside.sk\/cs\/wp-json\/wp\/v2\/product_tag?post=21702"}],"curies":[{"name":"wp","href":"https:\/\/api.w.org\/{rel}","templated":true}]}}