{"id":2290,"date":"2018-05-08T09:35:20","date_gmt":"2018-05-08T07:35:20","guid":{"rendered":"https:\/\/artside.sk\/produkt\/ksiltovka-art-side-flexfit-snapback-se-sitkou-trucker-cerna\/"},"modified":"2021-06-14T19:57:24","modified_gmt":"2021-06-14T17:57:24","slug":"ksiltovka-art-side-flexfit-snapback-se-sitkou-trucker-cerna","status":"publish","type":"product","link":"https:\/\/test.artside.sk\/cs\/produkt\/ksiltovka-art-side-flexfit-snapback-se-sitkou-trucker-cerna\/","title":{"rendered":"K\u0161iltovka ART SIDE Flexfit Snapback &#8211; se s\u00ed\u0165kou\/trucker, \u010dern\u00e1"},"content":{"rendered":"<p>K\u0161iltovka nejvy\u0161\u0161\u00ed kvality Flexfit se stylovou v\u00fd\u0161ivkou ART SIDE ornamenty. Unik\u00e1tn\u00ed design, snadno se p\u0159izp\u016fsobuje tvaru hlavy, pou\u017eit\u00e9 kvalitn\u00ed materi\u00e1ly. Vyrobeno z tkaniny, kter\u00e1 velmi dob\u0159e odv\u00e1d\u00ed pot. Vhodn\u00e1 i do hork\u00fdch dn\u016f.<\/p>\n<p>6 panelov\u00e1<br \/>\nsnapback &#8211; zap\u00edn\u00e1n\u00ed plastov\u00fdm p\u00e1skem<br \/>\nmateri\u00e1l: \u010delo &#8211; 60% brou\u0161en\u00e1 bavlna \/ 40% polyester, zadn\u00ed \u010d\u00e1st &#8211; 100% polyester<br \/>\npot\u00edtko velmi dob\u0159e odv\u00e1d\u00ed pot<br \/>\nvy\u0161\u00edvan\u00e9 v\u011btrac\u00ed otvory pro lep\u0161\u00ed odvod vlhkosti<br \/>\nm\u00edrn\u011b zak\u0159iven\u00fd k\u0161ilt<br \/>\n8 kr\u00e1t pro\u0161\u00edvan\u00fd k\u0161ilt<br \/>\nvyztu\u017een\u00e9 \u010delo<br \/>\nbarva: \u010dern\u00e1<\/p>\n","protected":false},"excerpt":{"rendered":"<p>Dod\u00e1n\u00ed do 3-7 pracovn\u00edch dn\u00fa.\u00a0 V\u00edce o zna\u010dce <a href=\"https:\/\/artside.cz\/o-znacce-art-side\/\">ART SIDE<\/a><\/p>\n","protected":false},"featured_media":17942,"comment_status":"open","ping_status":"closed","template":"","meta":[],"product_cat":[86,92],"product_tag":[],"jetpack_publicize_connections":[],"_links":{"self":[{"href":"https:\/\/test.artside.sk\/cs\/wp-json\/wp\/v2\/product\/2290"}],"collection":[{"href":"https:\/\/test.artside.sk\/cs\/wp-json\/wp\/v2\/product"}],"about":[{"href":"https:\/\/test.artside.sk\/cs\/wp-json\/wp\/v2\/types\/product"}],"replies":[{"embeddable":true,"href":"https:\/\/test.artside.sk\/cs\/wp-json\/wp\/v2\/comments?post=2290"}],"wp:featuredmedia":[{"embeddable":true,"href":"https:\/\/test.artside.sk\/cs\/wp-json\/wp\/v2\/media\/17942"}],"wp:attachment":[{"href":"https:\/\/test.artside.sk\/cs\/wp-json\/wp\/v2\/media?parent=2290"}],"wp:term":[{"taxonomy":"product_cat","embeddable":true,"href":"https:\/\/test.artside.sk\/cs\/wp-json\/wp\/v2\/product_cat?post=2290"},{"taxonomy":"product_tag","embeddable":true,"href":"https:\/\/test.artside.sk\/cs\/wp-json\/wp\/v2\/product_tag?post=2290"}],"curies":[{"name":"wp","href":"https:\/\/api.w.org\/{rel}","templated":true}]}}