{"id":2293,"date":"2018-05-08T11:39:41","date_gmt":"2018-05-08T09:39:41","guid":{"rendered":"https:\/\/artside.sk\/produkt\/ksiltovka-artside-snapback-rovny-ksilt-sedo-cerna\/"},"modified":"2020-09-20T20:41:05","modified_gmt":"2020-09-20T18:41:05","slug":"ksiltovka-artside-snapback-rovny-ksilt-sedo-cerna","status":"publish","type":"product","link":"https:\/\/test.artside.sk\/cs\/produkt\/ksiltovka-artside-snapback-rovny-ksilt-sedo-cerna\/","title":{"rendered":"K\u0161iltovka ART SIDE Snapback &#8211; rovn\u00fd k\u0161ilt, \u0161edo-\u010dern\u00e1"},"content":{"rendered":"<p>Obl\u00edben\u00e1 Image Beechfield Snapback k\u0161iltovka se stylovou n\u00e1\u0161ivkou ART SIDE. Spodek k\u0161iltu zelen\u00e9 barvy.<\/p>\n<p>5 panelov\u00e1<br \/>\nsnapback zap\u00edn\u00e1n\u00ed plastov\u00fdm p\u00e1skem<br \/>\nmateri\u00e1l: 100% polyesterov\u00fd kepr<br \/>\nvy\u0161\u00edvan\u00e9 v\u011btrac\u00ed otvory pro lep\u0161\u00ed odvod vlhkosti<br \/>\nrovn\u00fd k\u0161ilt<br \/>\n6 kr\u00e1t pro\u0161\u00edvan\u00fd k\u0161ilt<br \/>\nvyztu\u017een\u00e9 \u010delo<br \/>\nbarva: \u0161ed\u00e1 \u010depice, \u010dern\u00fd k\u0161ilt, zelen\u00fd spodek k\u0161iltu<\/p>\n","protected":false},"excerpt":{"rendered":"<p>Dod\u00e1n\u00ed do 3-7 pracovn\u00edch dn\u00fa. V\u00edce o zna\u010dce <span style=\"color: #ff6600;\"><a style=\"color: #ff6600;\" href=\"https:\/\/artside.cz\/o-znacce-art-side\/\">ART SIDE<\/a><\/span>.<\/p>\n","protected":false},"featured_media":18156,"comment_status":"open","ping_status":"closed","template":"","meta":[],"product_cat":[86,91],"product_tag":[],"jetpack_publicize_connections":[],"_links":{"self":[{"href":"https:\/\/test.artside.sk\/cs\/wp-json\/wp\/v2\/product\/2293"}],"collection":[{"href":"https:\/\/test.artside.sk\/cs\/wp-json\/wp\/v2\/product"}],"about":[{"href":"https:\/\/test.artside.sk\/cs\/wp-json\/wp\/v2\/types\/product"}],"replies":[{"embeddable":true,"href":"https:\/\/test.artside.sk\/cs\/wp-json\/wp\/v2\/comments?post=2293"}],"wp:featuredmedia":[{"embeddable":true,"href":"https:\/\/test.artside.sk\/cs\/wp-json\/wp\/v2\/media\/18156"}],"wp:attachment":[{"href":"https:\/\/test.artside.sk\/cs\/wp-json\/wp\/v2\/media?parent=2293"}],"wp:term":[{"taxonomy":"product_cat","embeddable":true,"href":"https:\/\/test.artside.sk\/cs\/wp-json\/wp\/v2\/product_cat?post=2293"},{"taxonomy":"product_tag","embeddable":true,"href":"https:\/\/test.artside.sk\/cs\/wp-json\/wp\/v2\/product_tag?post=2293"}],"curies":[{"name":"wp","href":"https:\/\/api.w.org\/{rel}","templated":true}]}}