{"id":2294,"date":"2018-05-08T12:11:18","date_gmt":"2018-05-08T10:11:18","guid":{"rendered":"https:\/\/artside.sk\/produkt\/ksiltovka-art-side-snapback-rovny-ksilt-seda\/"},"modified":"2021-04-23T22:03:40","modified_gmt":"2021-04-23T20:03:40","slug":"ksiltovka-art-side-snapback-rovny-ksilt-seda","status":"publish","type":"product","link":"https:\/\/test.artside.sk\/cs\/produkt\/ksiltovka-art-side-snapback-rovny-ksilt-seda\/","title":{"rendered":"K\u0161iltovka ART SIDE Snapback &#8211; rovn\u00fd k\u0161ilt, \u0161ed\u00e1"},"content":{"rendered":"<p>Kvalitn\u00ed k\u0161iltovka se stylovou v\u00fd\u0161ivkou ART SIDE. Sv\u00fdm designem dob\u0159e p\u0159istane tvaru tv\u00e9 hlavy.<\/p>\n<p>6 panelov\u00e1<br \/>\nsnapback &#8211; zap\u00edn\u00e1n\u00ed plastov\u00fdm p\u00e1skem<br \/>\npot\u00edtko: 35% bavlna \/ 65% polyester<br \/>\nvy\u0161\u00edvan\u00e9 v\u011btrac\u00ed otvory pro lep\u0161\u00ed odvod vlhkosti<br \/>\nvyztu\u017een\u00e9 \u010delo<br \/>\nrovn\u00fd k\u0161ilt<br \/>\n6 kr\u00e1t pro\u0161\u00edvan\u00fd k\u0161ilt<br \/>\nbarva: \u0161ed\u00e1<\/p>\n","protected":false},"excerpt":{"rendered":"<p>Dod\u00e1n\u00ed do 3-7 pracovn\u00edch dn\u016f. V\u00edce o zna\u010dce <span style=\"color: #ff6600;\"><a style=\"color: #ff6600;\" href=\"https:\/\/artside.cz\/o-znacce-art-side\/\">ART SIDE<\/a><\/span>.<\/p>\n","protected":false},"featured_media":17514,"comment_status":"open","ping_status":"closed","template":"","meta":[],"product_cat":[86,91],"product_tag":[],"jetpack_publicize_connections":[],"_links":{"self":[{"href":"https:\/\/test.artside.sk\/cs\/wp-json\/wp\/v2\/product\/2294"}],"collection":[{"href":"https:\/\/test.artside.sk\/cs\/wp-json\/wp\/v2\/product"}],"about":[{"href":"https:\/\/test.artside.sk\/cs\/wp-json\/wp\/v2\/types\/product"}],"replies":[{"embeddable":true,"href":"https:\/\/test.artside.sk\/cs\/wp-json\/wp\/v2\/comments?post=2294"}],"wp:featuredmedia":[{"embeddable":true,"href":"https:\/\/test.artside.sk\/cs\/wp-json\/wp\/v2\/media\/17514"}],"wp:attachment":[{"href":"https:\/\/test.artside.sk\/cs\/wp-json\/wp\/v2\/media?parent=2294"}],"wp:term":[{"taxonomy":"product_cat","embeddable":true,"href":"https:\/\/test.artside.sk\/cs\/wp-json\/wp\/v2\/product_cat?post=2294"},{"taxonomy":"product_tag","embeddable":true,"href":"https:\/\/test.artside.sk\/cs\/wp-json\/wp\/v2\/product_tag?post=2294"}],"curies":[{"name":"wp","href":"https:\/\/api.w.org\/{rel}","templated":true}]}}