{"id":2338,"date":"2018-10-24T11:29:15","date_gmt":"2019-02-24T10:29:18","guid":{"rendered":"https:\/\/artside.sk\/?post_type=product&#038;p=2338"},"modified":"2021-08-03T14:07:16","modified_gmt":"2021-08-03T12:07:16","slug":"damske-tricko-crow-vrana","status":"publish","type":"product","link":"https:\/\/test.artside.sk\/cs\/produkt\/damske-tricko-crow-vrana\/","title":{"rendered":"D\u00e1msk\u00e9 tri\u010dko &#8222;CROW&#8220;\/ Vrana"},"content":{"rendered":"<p>Kvalitn\u00ed unisex tri\u010dko se stylov\u00fdm potiskem &#8222;VR\u00c1NA&#8220; na p\u0159edn\u00ed stran\u011b. Tri\u010dko po pran\u00ed dob\u0159e dr\u017e\u00ed tvar a neztr\u00e1c\u00ed barvu. Vysoce kvalitn\u00ed a st\u00e1l\u00fd potisk.<\/p>\n<p>modelka m\u00e1 v\u00fd\u0161ku 173 cm a oble\u010denou velikost S<br \/>\n100% bavlna<br \/>\nkulat\u00fd v\u00fdst\u0159ih<br \/>\nbez bo\u010dn\u00edch \u0161v\u016f<br \/>\n185g \/ m2<\/p>\n<table width=\"107\">\n<tbody>\n<tr>\n<td width=\"205\">\n<h1><strong>Velikosti<\/strong><\/h1>\n<h1><strong>(cm)<\/strong><strong>:<\/strong><\/h1>\n<\/td>\n<td width=\"205\"><img loading=\"lazy\" class=\"alignnone wp-image-649 lazyloaded\" src=\"https:\/\/artside.sk\/wp-content\/uploads\/2018\/01\/sirka_tricka.jpg\" sizes=\"(max-width: 220px) 100vw, 220px\" srcset=\"https:\/\/artside.sk\/wp-content\/uploads\/2018\/01\/sirka_tricka.jpg 299w, https:\/\/artside.sk\/wp-content\/uploads\/2018\/01\/sirka_tricka-100x100.jpg 100w\" alt=\"\" width=\"220\" height=\"217\" data-srcset=\"https:\/\/artside.sk\/wp-content\/uploads\/2018\/01\/sirka_tricka.jpg 299w, https:\/\/artside.sk\/wp-content\/uploads\/2018\/01\/sirka_tricka-100x100.jpg 100w\" data-src=\"https:\/\/artside.sk\/wp-content\/uploads\/2018\/01\/sirka_tricka.jpg\" \/><\/td>\n<td width=\"205\"><img loading=\"lazy\" class=\"alignnone wp-image-650 lazyloaded\" src=\"https:\/\/artside.sk\/wp-content\/uploads\/2018\/01\/vyska_tricka.jpg\" alt=\"\" width=\"220\" height=\"208\" data-src=\"https:\/\/artside.sk\/wp-content\/uploads\/2018\/01\/vyska_tricka.jpg\" \/><\/td>\n<\/tr>\n<tr>\n<td width=\"205\"><strong>XS<\/strong><\/p>\n<hr \/>\n<\/td>\n<td width=\"205\"><strong>45<\/strong><\/p>\n<hr \/>\n<\/td>\n<td width=\"205\"><strong>63<\/strong><\/p>\n<hr \/>\n<\/td>\n<\/tr>\n<tr>\n<td width=\"205\"><span style=\"color: #ff6600;\"><strong>S<\/strong><\/span><\/p>\n<hr \/>\n<\/td>\n<td width=\"205\"><span style=\"color: #ff6600;\"><strong>50<\/strong><\/span><\/p>\n<hr \/>\n<\/td>\n<td width=\"205\"><span style=\"color: #ff6600;\"><strong>69<\/strong><\/span><\/p>\n<hr \/>\n<\/td>\n<\/tr>\n<tr>\n<td width=\"205\"><strong>M<\/strong><\/p>\n<hr \/>\n<\/td>\n<td width=\"205\"><strong>53<\/strong><\/p>\n<hr \/>\n<\/td>\n<td width=\"205\"><strong>72<\/strong><\/p>\n<hr \/>\n<\/td>\n<\/tr>\n<tr>\n<td width=\"205\"><span style=\"color: #ff6600;\"><strong>L<\/strong><\/span><\/p>\n<hr \/>\n<\/td>\n<td width=\"205\"><span style=\"color: #ff6600;\"><strong>56<\/strong><\/span><\/p>\n<hr \/>\n<\/td>\n<td width=\"205\"><span style=\"color: #ff6600;\"><strong>74<\/strong><\/span><\/p>\n<hr \/>\n<\/td>\n<\/tr>\n<tr>\n<td width=\"205\"><strong>XL<\/strong><\/td>\n<td width=\"205\"><strong>59<\/strong><\/td>\n<td width=\"205\"><strong>76<\/strong><\/td>\n<\/tr>\n<\/tbody>\n<\/table>\n","protected":false},"excerpt":{"rendered":"<p>Design pod n\u00e1zvem \u201eCROW\u201c Vrana z kolekce Native.<\/p>\n<p><strong>Dod\u00e1n\u00ed do 3-7 pracovn\u00edch dn\u016f. <\/strong>Jednoduch\u00e1 v\u00fdm\u011bna zbo\u017e\u00ed zdarma p\u0159es Z\u00e1silkovnu (Podruh\u00e9 po\u0161tovn\u00e9 neplat\u00ed\u0161).<\/p>\n","protected":false},"featured_media":18549,"comment_status":"open","ping_status":"closed","template":"","meta":[],"product_cat":[80,82],"product_tag":[],"jetpack_publicize_connections":[],"_links":{"self":[{"href":"https:\/\/test.artside.sk\/cs\/wp-json\/wp\/v2\/product\/2338"}],"collection":[{"href":"https:\/\/test.artside.sk\/cs\/wp-json\/wp\/v2\/product"}],"about":[{"href":"https:\/\/test.artside.sk\/cs\/wp-json\/wp\/v2\/types\/product"}],"replies":[{"embeddable":true,"href":"https:\/\/test.artside.sk\/cs\/wp-json\/wp\/v2\/comments?post=2338"}],"wp:featuredmedia":[{"embeddable":true,"href":"https:\/\/test.artside.sk\/cs\/wp-json\/wp\/v2\/media\/18549"}],"wp:attachment":[{"href":"https:\/\/test.artside.sk\/cs\/wp-json\/wp\/v2\/media?parent=2338"}],"wp:term":[{"taxonomy":"product_cat","embeddable":true,"href":"https:\/\/test.artside.sk\/cs\/wp-json\/wp\/v2\/product_cat?post=2338"},{"taxonomy":"product_tag","embeddable":true,"href":"https:\/\/test.artside.sk\/cs\/wp-json\/wp\/v2\/product_tag?post=2338"}],"curies":[{"name":"wp","href":"https:\/\/api.w.org\/{rel}","templated":true}]}}