{"id":2412,"date":"2021-07-09T14:44:23","date_gmt":"2019-03-09T13:44:25","guid":{"rendered":"https:\/\/artside.sk\/?post_type=product&#038;p=2412"},"modified":"2021-05-16T10:32:01","modified_gmt":"2021-05-16T08:32:01","slug":"panske-triko-dark-prophecy-native-streetwear","status":"publish","type":"product","link":"https:\/\/test.artside.sk\/cs\/produkt\/panske-triko-dark-prophecy-native-streetwear\/","title":{"rendered":"P\u00e1nsk\u00e9 triko &#8222;DARK PROPHECY&#8220; &#8211; Native"},"content":{"rendered":"<p>Kvalitn\u00ed p\u00e1nsk\u00e9 tri\u010dko s potiskem na p\u0159edn\u00ed stran\u011b. Tri\u010dko dob\u0159e dr\u017e\u00ed tvar po pran\u00ed.<\/p>\n<ul>\n<li>100% bavlna<\/li>\n<li>barva: \u010dern\u00e1<\/li>\n<li>kulat\u00fd v\u00fdst\u0159ih<\/li>\n<li>bez bo\u010dn\u00edch \u0161v\u00fa<\/li>\n<li>185g \/ m2<\/li>\n<li>model m\u00e1 v\u00fd\u0161ku 178 cm a oble\u010denou velikost M<\/li>\n<\/ul>\n<table width=\"107\">\n<tbody>\n<tr>\n<td width=\"205\">\n<h1><strong>Velikosti<\/strong><\/h1>\n<h1><strong>(cm)<\/strong><strong>:<\/strong><\/h1>\n<\/td>\n<td width=\"205\"><img loading=\"lazy\" class=\"alignnone wp-image-1970 size-medium\" src=\"https:\/\/artside.sk\/wp-content\/uploads\/2019\/01\/sirka-300x276.jpg\" sizes=\"(max-width: 300px) 100vw, 300px\" srcset=\"https:\/\/artside.sk\/wp-content\/uploads\/2019\/01\/sirka-300x276.jpg 300w, https:\/\/artside.sk\/wp-content\/uploads\/2019\/01\/sirka-174x160.jpg 174w, https:\/\/artside.sk\/wp-content\/uploads\/2019\/01\/sirka.jpg 321w\" alt=\"\" width=\"300\" height=\"276\" \/><\/td>\n<td width=\"205\"><img loading=\"lazy\" class=\"alignnone wp-image-1973 size-medium\" src=\"https:\/\/artside.sk\/wp-content\/uploads\/2019\/01\/vyska-300x276.jpg\" sizes=\"(max-width: 300px) 100vw, 300px\" srcset=\"https:\/\/artside.sk\/wp-content\/uploads\/2019\/01\/vyska-300x276.jpg 300w, https:\/\/artside.sk\/wp-content\/uploads\/2019\/01\/vyska-174x160.jpg 174w, https:\/\/artside.sk\/wp-content\/uploads\/2019\/01\/vyska.jpg 321w\" alt=\"\" width=\"300\" height=\"276\" \/><\/td>\n<\/tr>\n<tr>\n<td width=\"205\"><strong>S<\/strong><\/p>\n<hr \/>\n<\/td>\n<td width=\"205\"><strong>50<\/strong><\/p>\n<hr \/>\n<\/td>\n<td width=\"205\"><strong>69<\/strong><\/p>\n<hr \/>\n<\/td>\n<\/tr>\n<tr>\n<td width=\"205\"><strong>M<\/strong><\/p>\n<hr \/>\n<\/td>\n<td width=\"205\"><strong>53<\/strong><\/p>\n<hr \/>\n<\/td>\n<td width=\"205\"><strong>72<\/strong><\/p>\n<hr \/>\n<\/td>\n<\/tr>\n<tr>\n<td width=\"205\"><strong>L<\/strong><\/p>\n<hr \/>\n<\/td>\n<td width=\"205\"><strong>56<\/strong><\/p>\n<hr \/>\n<\/td>\n<td width=\"205\"><strong>74<\/strong><\/p>\n<hr \/>\n<\/td>\n<\/tr>\n<tr>\n<td width=\"205\"><strong>XL<\/strong><\/p>\n<hr \/>\n<\/td>\n<td width=\"205\"><strong>59<\/strong><\/p>\n<hr \/>\n<\/td>\n<td width=\"205\"><strong>76<\/strong><\/p>\n<hr \/>\n<\/td>\n<\/tr>\n<tr>\n<td width=\"205\"><strong>XXL<\/strong><\/td>\n<td width=\"205\"><strong>62<\/strong><\/td>\n<td width=\"205\"><strong>78<\/strong><\/td>\n<\/tr>\n<\/tbody>\n<\/table>\n","protected":false},"excerpt":{"rendered":"<p>Design pod n\u00e1zvem &#8222;DARK PROPHECY&#8220; (temn\u00e9 proroctv\u00ed) z kolekce Native upozor\u0148uje na problematiku zne\u010di\u0161t\u011bn\u00ed \u017eivotn\u00edho prost\u0159ed\u00ed.<\/p>\n<p><strong>Dod\u00e1n\u00ed do 3-7 pracovn\u00edch. <\/strong>Jednoduch\u00e1 v\u00fdm\u011bna zbo\u017e\u00ed zdarma p\u0159es Z\u00e1silkovnu (Podruh\u00e9 po\u0161tovn\u00e9 neplat\u00ed\u0161).<\/p>\n","protected":false},"featured_media":21829,"comment_status":"open","ping_status":"closed","template":"","meta":[],"product_cat":[80,84],"product_tag":[],"jetpack_publicize_connections":[],"_links":{"self":[{"href":"https:\/\/test.artside.sk\/cs\/wp-json\/wp\/v2\/product\/2412"}],"collection":[{"href":"https:\/\/test.artside.sk\/cs\/wp-json\/wp\/v2\/product"}],"about":[{"href":"https:\/\/test.artside.sk\/cs\/wp-json\/wp\/v2\/types\/product"}],"replies":[{"embeddable":true,"href":"https:\/\/test.artside.sk\/cs\/wp-json\/wp\/v2\/comments?post=2412"}],"wp:featuredmedia":[{"embeddable":true,"href":"https:\/\/test.artside.sk\/cs\/wp-json\/wp\/v2\/media\/21829"}],"wp:attachment":[{"href":"https:\/\/test.artside.sk\/cs\/wp-json\/wp\/v2\/media?parent=2412"}],"wp:term":[{"taxonomy":"product_cat","embeddable":true,"href":"https:\/\/test.artside.sk\/cs\/wp-json\/wp\/v2\/product_cat?post=2412"},{"taxonomy":"product_tag","embeddable":true,"href":"https:\/\/test.artside.sk\/cs\/wp-json\/wp\/v2\/product_tag?post=2412"}],"curies":[{"name":"wp","href":"https:\/\/api.w.org\/{rel}","templated":true}]}}