{"id":2496,"date":"2019-06-28T18:17:23","date_gmt":"2019-03-31T16:17:29","guid":{"rendered":"https:\/\/artside.sk\/?post_type=product&#038;p=2496"},"modified":"2021-03-14T10:31:50","modified_gmt":"2021-03-14T09:31:50","slug":"damska-ponco-mikina-vrana","status":"publish","type":"product","link":"https:\/\/test.artside.sk\/cs\/produkt\/damska-ponco-mikina-vrana\/","title":{"rendered":"D\u00e1mska pon\u010do\/mikina &#8222;VRANA&#8220;"},"content":{"rendered":"<p>D\u00e1msk\u00e9 pon\u010do m\u00f3dn\u00edho vzhledu je z tkaniny Francouzsk\u00e9ho terry, kter\u00e9 je zn\u00e1m\u00e9 svou luxusn\u00ed texturou, v\u00fdbornou absorpc\u00ed a antiseptick\u00fdmi vlastnostmi. Vyu\u017e\u00edv\u00e1 se \u010dasto ve sportovn\u00edm oble\u010den\u00ed.<\/p>\n<ul>\n<li>materi\u00e1l: 100% bavlna<\/li>\n<li>s kapuc\u00ed<\/li>\n<li>pon\u010do bez ruk\u00e1v\u016f<\/li>\n<li>francouzsk\u00e9 terry<\/li>\n<li>m\u00f3dn\u00ed vzhled<\/li>\n<li>potisk na p\u0159edn\u00ed i zadn\u00ed stran\u011b<\/li>\n<li>barva: \u010dern\u00e1<\/li>\n<li>240 g \/ m2<\/li>\n<li>modelka m\u00e1 v\u00fd\u0161ku 173 cm a oble\u010denou velikost S<\/li>\n<\/ul>\n<table style=\"height: 351px;\" width=\"202\">\n<tbody>\n<tr>\n<td width=\"205\">\n<h1><strong>Velikosti (cm):<\/strong><\/h1>\n<\/td>\n<td width=\"205\"><img loading=\"lazy\" class=\"alignnone size-medium wp-image-1242\" src=\"https:\/\/artside.sk\/wp-content\/uploads\/2018\/05\/rozmery-prsia-ponco-01-294x300.jpg\" alt=\"\" width=\"294\" height=\"300\" srcset=\"https:\/\/test.artside.sk\/wp-content\/uploads\/2018\/05\/rozmery-prsia-ponco-01-294x300.jpg 294w, https:\/\/test.artside.sk\/wp-content\/uploads\/2018\/05\/rozmery-prsia-ponco-01-150x153.jpg 150w, https:\/\/test.artside.sk\/wp-content\/uploads\/2018\/05\/rozmery-prsia-ponco-01-157x160.jpg 157w, https:\/\/test.artside.sk\/wp-content\/uploads\/2018\/05\/rozmery-prsia-ponco-01.jpg 325w\" sizes=\"(max-width: 294px) 100vw, 294px\" \/><\/td>\n<td width=\"205\"><img loading=\"lazy\" class=\"alignnone size-medium wp-image-1243\" src=\"https:\/\/artside.sk\/wp-content\/uploads\/2018\/05\/rozmery-ponco-vyska-01-294x300.jpg\" alt=\"\" width=\"294\" height=\"300\" srcset=\"https:\/\/test.artside.sk\/wp-content\/uploads\/2018\/05\/rozmery-ponco-vyska-01-294x300.jpg 294w, https:\/\/test.artside.sk\/wp-content\/uploads\/2018\/05\/rozmery-ponco-vyska-01-150x153.jpg 150w, https:\/\/test.artside.sk\/wp-content\/uploads\/2018\/05\/rozmery-ponco-vyska-01-157x160.jpg 157w, https:\/\/test.artside.sk\/wp-content\/uploads\/2018\/05\/rozmery-ponco-vyska-01.jpg 325w\" sizes=\"(max-width: 294px) 100vw, 294px\" \/><\/td>\n<\/tr>\n<tr>\n<td width=\"205\"><strong>S<\/strong><\/p>\n<hr \/>\n<\/td>\n<td width=\"205\"><strong>62<\/strong><\/p>\n<hr \/>\n<\/td>\n<td width=\"205\"><strong>71<\/strong><\/p>\n<hr \/>\n<\/td>\n<\/tr>\n<tr>\n<td width=\"205\"><span style=\"color: #ff6600;\"><strong>M<\/strong><\/span><\/p>\n<hr \/>\n<\/td>\n<td width=\"205\"><span style=\"color: #ff6600;\"><b>64,5<\/b><\/span><\/p>\n<hr \/>\n<\/td>\n<td width=\"205\"><span style=\"color: #ff6600;\"><strong>73<\/strong><\/span><\/p>\n<hr \/>\n<\/td>\n<\/tr>\n<tr>\n<td width=\"205\"><strong>L<\/strong><\/p>\n<hr \/>\n<\/td>\n<td width=\"205\"><strong>67<\/strong><\/p>\n<hr \/>\n<\/td>\n<td width=\"205\"><strong>75<\/strong><\/p>\n<hr \/>\n<\/td>\n<\/tr>\n<tr>\n<td width=\"205\"><span style=\"color: #ff6600;\"><strong>XL<\/strong><\/span><\/p>\n<hr \/>\n<\/td>\n<td width=\"205\"><span style=\"color: #ff6600;\"><strong>69,5<\/strong><\/span><\/p>\n<hr \/>\n<\/td>\n<td width=\"205\"><span style=\"color: #ff6600;\"><strong>77<\/strong><\/span><\/p>\n<hr \/>\n<\/td>\n<\/tr>\n<tr>\n<td width=\"205\"><\/td>\n<td width=\"205\"><\/td>\n<td width=\"205\"><\/td>\n<\/tr>\n<\/tbody>\n<\/table>\n","protected":false},"excerpt":{"rendered":"<p>Design pod n\u00e1zvem &#8222;VR\u00c1NA&#8220; z kolekce Native.<\/p>\n<p>dod\u00e1n\u00ed do<strong> 3-7<\/strong> pracovn\u00edch dn\u016f.<\/p>\n","protected":false},"featured_media":2503,"comment_status":"open","ping_status":"closed","template":"","meta":[],"product_cat":[77,82,76],"product_tag":[],"jetpack_publicize_connections":[],"_links":{"self":[{"href":"https:\/\/test.artside.sk\/cs\/wp-json\/wp\/v2\/product\/2496"}],"collection":[{"href":"https:\/\/test.artside.sk\/cs\/wp-json\/wp\/v2\/product"}],"about":[{"href":"https:\/\/test.artside.sk\/cs\/wp-json\/wp\/v2\/types\/product"}],"replies":[{"embeddable":true,"href":"https:\/\/test.artside.sk\/cs\/wp-json\/wp\/v2\/comments?post=2496"}],"wp:featuredmedia":[{"embeddable":true,"href":"https:\/\/test.artside.sk\/cs\/wp-json\/wp\/v2\/media\/2503"}],"wp:attachment":[{"href":"https:\/\/test.artside.sk\/cs\/wp-json\/wp\/v2\/media?parent=2496"}],"wp:term":[{"taxonomy":"product_cat","embeddable":true,"href":"https:\/\/test.artside.sk\/cs\/wp-json\/wp\/v2\/product_cat?post=2496"},{"taxonomy":"product_tag","embeddable":true,"href":"https:\/\/test.artside.sk\/cs\/wp-json\/wp\/v2\/product_tag?post=2496"}],"curies":[{"name":"wp","href":"https:\/\/api.w.org\/{rel}","templated":true}]}}