{"id":3115,"date":"2021-07-01T19:38:18","date_gmt":"2019-06-07T17:38:22","guid":{"rendered":"https:\/\/artside.sk\/?post_type=product&#038;p=3115"},"modified":"2020-12-04T04:25:54","modified_gmt":"2020-12-04T03:25:54","slug":"damske-tricko-vceli-kralovna-native","status":"publish","type":"product","link":"https:\/\/test.artside.sk\/cs\/produkt\/damske-tricko-vceli-kralovna-native\/","title":{"rendered":"D\u00e1msk\u00e9 tri\u010dko &#8222;ZACHRA\u0147ME V\u010cELY&#8220; &#8211; Native"},"content":{"rendered":"<p>Design tri\u010dka je vyroben na zak\u00e1zku pro zna\u010dku ART SIDE. Kvalitn\u00ed unisex tri\u010dko se stylov\u00fdm potiskem na p\u0159edn\u00ed stran\u011b. Tri\u010dko po pran\u00ed dob\u0159e dr\u017e\u00ed tvar a neztr\u00e1c\u00ed barvu. Vysoce kvalitn\u00ed a st\u00e1l\u00fd potisk.<\/p>\n<ul>\n<li>100% bavlna<\/li>\n<li>kulat\u00fd v\u00fdst\u0159ih<\/li>\n<li>bez bo\u010dn\u00edch \u0161v\u016f<\/li>\n<li>185g \/ m2<\/li>\n<li>modelka m\u00e1 v\u00fd\u0161ku 166 cm a oble\u010denou velikost S<\/li>\n<\/ul>\n<table width=\"107\">\n<tbody>\n<tr>\n<td width=\"205\">\n<h1><strong>Velikosti<\/strong><\/h1>\n<h1><strong>(cm)<\/strong><strong>:<\/strong><\/h1>\n<\/td>\n<td width=\"205\"><img loading=\"lazy\" class=\"alignnone wp-image-1475\" src=\"https:\/\/artside.sk\/wp-content\/uploads\/2018\/01\/sirka_tricka.jpg\" sizes=\"(max-width: 220px) 100vw, 220px\" srcset=\"https:\/\/artside.sk\/wp-content\/uploads\/2018\/01\/sirka_tricka.jpg 299w, https:\/\/artside.sk\/wp-content\/uploads\/2018\/01\/sirka_tricka-100x100.jpg 100w\" alt=\"\" width=\"220\" height=\"217\" \/><\/td>\n<td width=\"205\"><img loading=\"lazy\" class=\"alignnone wp-image-1477\" src=\"https:\/\/artside.sk\/wp-content\/uploads\/2018\/01\/vyska_tricka.jpg\" alt=\"\" width=\"220\" height=\"208\" \/><\/td>\n<\/tr>\n<tr>\n<td width=\"205\"><strong>XS<\/strong><\/p>\n<hr \/>\n<\/td>\n<td width=\"205\"><strong>45<\/strong><\/p>\n<hr \/>\n<\/td>\n<td width=\"205\"><strong>63<\/strong><\/p>\n<hr \/>\n<\/td>\n<\/tr>\n<tr>\n<td width=\"205\"><strong>S<\/strong><\/p>\n<hr \/>\n<\/td>\n<td width=\"205\"><strong>50<\/strong><\/p>\n<hr \/>\n<\/td>\n<td width=\"205\"><strong>69<\/strong><\/p>\n<hr \/>\n<\/td>\n<\/tr>\n<tr>\n<td width=\"205\"><strong>M<\/strong><\/p>\n<hr \/>\n<\/td>\n<td width=\"205\"><strong>53<\/strong><\/p>\n<hr \/>\n<\/td>\n<td width=\"205\"><strong>72<\/strong><\/p>\n<hr \/>\n<\/td>\n<\/tr>\n<tr>\n<td width=\"205\"><strong>L<\/strong><\/p>\n<hr \/>\n<\/td>\n<td width=\"205\"><strong>56<\/strong><\/p>\n<hr \/>\n<\/td>\n<td width=\"205\"><strong>74<\/strong><\/p>\n<hr \/>\n<\/td>\n<\/tr>\n<tr>\n<td width=\"205\"><strong>XL<\/strong><\/td>\n<td width=\"205\"><strong>59<\/strong><\/td>\n<td width=\"205\"><strong>76<\/strong><\/td>\n<\/tr>\n<\/tbody>\n<\/table>\n","protected":false},"excerpt":{"rendered":"<p>V\u011bd\u011bli jste, \u017ee v\u010dela medonosn\u00e1 m\u00e1 v kolob\u011bhu p\u0159\u00edrodn\u00edho \u017eivota p\u0159\u00edmo kriticky d\u016fle\u017eit\u00e9 postaven\u00ed? Bez jej\u00ed opylov\u00e1n\u00ed by se zm\u011bnily p\u0159\u00edrodn\u00ed podm\u00ednky natolik, \u017ee by mohla b\u00fdt v\u00e1\u017en\u011b ohro\u017eena i existence lidstva! Pokud najdete ve va\u0161\u00ed dom\u00e1cnosti unavenou v\u010delu, jednoduch\u00e9 \u0159e\u0161en\u00ed jak ji znovu &#8222;postavit na nohy&#8220; je polo\u017eit p\u0159ed ni pol\u00e9vkovou l\u017e\u00edci s cukrem a vodou.<\/p>\n<p>Koup\u00ed tri\u010dka podpo\u0159\u00edte <span style=\"color: #ff6600;\"><a style=\"color: #ff6600;\" href=\"https:\/\/artside.cz\/at-zije-vceli-kralovna\/\">organizaci na z\u00e1chranu v\u010del<\/a><\/span> \u010d\u00e1stkou <strong>50 K\u010d.<\/strong><\/p>\n<p><strong>Dod\u00e1n\u00ed do 3-7 pracovn\u00edch dn\u016f.\u00a0<\/strong>Jednoduch\u00e1 v\u00fdm\u011bna zbo\u017e\u00ed zdarma p\u0159es Z\u00e1silkovnu (Podruh\u00e9 po\u0161tovn\u00e9 neplat\u00ed\u0161).<\/p>\n","protected":false},"featured_media":19917,"comment_status":"open","ping_status":"closed","template":"","meta":[],"product_cat":[80,82],"product_tag":[],"jetpack_publicize_connections":[],"_links":{"self":[{"href":"https:\/\/test.artside.sk\/cs\/wp-json\/wp\/v2\/product\/3115"}],"collection":[{"href":"https:\/\/test.artside.sk\/cs\/wp-json\/wp\/v2\/product"}],"about":[{"href":"https:\/\/test.artside.sk\/cs\/wp-json\/wp\/v2\/types\/product"}],"replies":[{"embeddable":true,"href":"https:\/\/test.artside.sk\/cs\/wp-json\/wp\/v2\/comments?post=3115"}],"wp:featuredmedia":[{"embeddable":true,"href":"https:\/\/test.artside.sk\/cs\/wp-json\/wp\/v2\/media\/19917"}],"wp:attachment":[{"href":"https:\/\/test.artside.sk\/cs\/wp-json\/wp\/v2\/media?parent=3115"}],"wp:term":[{"taxonomy":"product_cat","embeddable":true,"href":"https:\/\/test.artside.sk\/cs\/wp-json\/wp\/v2\/product_cat?post=3115"},{"taxonomy":"product_tag","embeddable":true,"href":"https:\/\/test.artside.sk\/cs\/wp-json\/wp\/v2\/product_tag?post=3115"}],"curies":[{"name":"wp","href":"https:\/\/api.w.org\/{rel}","templated":true}]}}