{"id":6380,"date":"2018-08-21T12:19:39","date_gmt":"2018-09-21T10:19:39","guid":{"rendered":"https:\/\/artside.sk\/?post_type=product&#038;p=6380"},"modified":"2021-07-25T10:59:57","modified_gmt":"2021-07-25T08:59:57","slug":"mikina-zachranme-vcely-native","status":"publish","type":"product","link":"https:\/\/test.artside.sk\/cs\/produkt\/mikina-zachranme-vcely-native\/","title":{"rendered":"P\u00e1nsk\u00e1 mikina &#8222;Zachra\u0148me v\u010dely&#8220; &#8211; Native"},"content":{"rendered":"<p>Design mikiny je vyroben na zak\u00e1zku pro zna\u010dku ART SIDE.<\/p>\n<ul>\n<li>model m\u00e1 v\u00fd\u0161ku 178 cm a oble\u010denou velikost M<\/li>\n<li>materi\u00e1l: 80% bavlna 20% polyester<\/li>\n<li>bez bo\u010dn\u00edch \u0161v\u016f<\/li>\n<li>klasick\u00fd st\u0159ih<\/li>\n<li>mikina bez kapuce<\/li>\n<li>unisex<\/li>\n<li>barva: \u010dern\u00e1 280 g \/ m\u00b2<\/li>\n<\/ul>\n<p><img loading=\"lazy\" class=\"alignnone wp-image-18941\" src=\"https:\/\/artside.cz\/wp-content\/uploads\/2019\/01\/mikina-rozmery-king-300x75.jpg\" alt=\"\" width=\"832\" height=\"208\" srcset=\"https:\/\/test.artside.sk\/wp-content\/uploads\/2019\/01\/mikina-rozmery-king-300x75.jpg 300w, https:\/\/test.artside.sk\/wp-content\/uploads\/2019\/01\/mikina-rozmery-king-150x37.jpg 150w, https:\/\/test.artside.sk\/wp-content\/uploads\/2019\/01\/mikina-rozmery-king-600x149.jpg 600w, https:\/\/test.artside.sk\/wp-content\/uploads\/2019\/01\/mikina-rozmery-king-768x191.jpg 768w, https:\/\/test.artside.sk\/wp-content\/uploads\/2019\/01\/mikina-rozmery-king.jpg 989w\" sizes=\"(max-width: 832px) 100vw, 832px\" \/><\/p>\n","protected":false},"excerpt":{"rendered":"<p>V\u011bd\u011bli jste, \u017ee v\u010dela medonosn\u00e1 m\u00e1 v kolob\u011bhu p\u0159\u00edrodn\u00edho \u017eivota p\u0159\u00edmo kriticky d\u016fle\u017eit\u00e9 postaven\u00ed? Bez jej\u00ed opylov\u00e1n\u00ed by se zm\u011bnily p\u0159\u00edrodn\u00ed podm\u00ednky natolik, \u017ee by mohla b\u00fdt v\u00e1\u017en\u011b ohro\u017eena i existence lidstva! Pokud najdete ve va\u0161\u00ed dom\u00e1cnosti unavenou v\u010delu, jednoduch\u00e9 \u0159e\u0161en\u00ed jak ji znovu \u201epostavit na nohy\u201c je polo\u017eit p\u0159ed ni pol\u00e9vkovou l\u017e\u00edci s cukrem a vodou.<\/p>\n<p>Koup\u00ed mikiny podpo\u0159\u00edte<span style=\"color: #ff6600;\">\u00a0<\/span><a href=\"https:\/\/artside.cz\/at-zije-vceli-kralovna\/\"><span style=\"color: #ff6600;\">organizaci na z\u00e1chranu v\u010de<\/span>l<\/a>\u00a0\u010d\u00e1stkou 50 K\u010d<\/p>\n<p>Dod\u00e1n\u00ed do<strong> 3-7<\/strong> pracovn\u00edch dn\u016f.<\/p>\n","protected":false},"featured_media":6385,"comment_status":"open","ping_status":"closed","template":"","meta":[],"product_cat":[78,76],"product_tag":[],"jetpack_publicize_connections":[],"_links":{"self":[{"href":"https:\/\/test.artside.sk\/cs\/wp-json\/wp\/v2\/product\/6380"}],"collection":[{"href":"https:\/\/test.artside.sk\/cs\/wp-json\/wp\/v2\/product"}],"about":[{"href":"https:\/\/test.artside.sk\/cs\/wp-json\/wp\/v2\/types\/product"}],"replies":[{"embeddable":true,"href":"https:\/\/test.artside.sk\/cs\/wp-json\/wp\/v2\/comments?post=6380"}],"wp:featuredmedia":[{"embeddable":true,"href":"https:\/\/test.artside.sk\/cs\/wp-json\/wp\/v2\/media\/6385"}],"wp:attachment":[{"href":"https:\/\/test.artside.sk\/cs\/wp-json\/wp\/v2\/media?parent=6380"}],"wp:term":[{"taxonomy":"product_cat","embeddable":true,"href":"https:\/\/test.artside.sk\/cs\/wp-json\/wp\/v2\/product_cat?post=6380"},{"taxonomy":"product_tag","embeddable":true,"href":"https:\/\/test.artside.sk\/cs\/wp-json\/wp\/v2\/product_tag?post=6380"}],"curies":[{"name":"wp","href":"https:\/\/api.w.org\/{rel}","templated":true}]}}