{"id":7827,"date":"2021-07-15T15:36:22","date_gmt":"2019-10-12T13:36:25","guid":{"rendered":"https:\/\/artside.sk\/?post_type=product&#038;p=7827"},"modified":"2021-08-08T11:45:56","modified_gmt":"2021-08-08T09:45:56","slug":"panska-mikina-se-zipem-native-circle","status":"publish","type":"product","link":"https:\/\/test.artside.sk\/cs\/produkt\/panska-mikina-se-zipem-native-circle\/","title":{"rendered":"P\u00e1nsk\u00e1 mikina se zipem &#8211; NATIVE CIRCLE"},"content":{"rendered":"<p>Kvalitn\u00ed p\u00e1nsk\u00e1 mikina se stylov\u00fdm potiskem Native Circle.<\/p>\n<ul>\n<li>materi\u00e1l: 80% bavlna 20% polyester<\/li>\n<li>kontrastn\u00ed ragl\u00e1nov\u00e9 ruk\u00e1vy<\/li>\n<li>se zipem<\/li>\n<li>klokan kapsa<\/li>\n<li>m\u011bkk\u00e1 bavln\u011bn\u00e1 tkanina<\/li>\n<li>unisex<\/li>\n<li>barva: \u010dern\u00e1 \/ \u0161ed\u00e1<\/li>\n<li>280 g \/ m\u00b2<\/li>\n<li>model m\u00e1 v\u00fd\u0161ku 182 cm a oble\u010denou velikost M<\/li>\n<\/ul>\n<p><img loading=\"lazy\" class=\"alignnone wp-image-7436\" src=\"https:\/\/artside.sk\/wp-content\/uploads\/2019\/10\/rozmery-cs-300x106.jpg\" alt=\"\" width=\"351\" height=\"124\" srcset=\"https:\/\/test.artside.sk\/wp-content\/uploads\/2019\/10\/rozmery-cs-300x106.jpg 300w, https:\/\/test.artside.sk\/wp-content\/uploads\/2019\/10\/rozmery-cs-150x53.jpg 150w, https:\/\/test.artside.sk\/wp-content\/uploads\/2019\/10\/rozmery-cs.jpg 555w\" sizes=\"(max-width: 351px) 100vw, 351px\" \/><\/p>\n","protected":false},"excerpt":{"rendered":"<p>Design inspirov\u00e1n \u00factou k p\u0159\u00edrod\u011b.<\/p>\n<p>Dod\u00e1n\u00ed do 3-7 pracovn\u00edch dn\u016f. Jednoduch\u00e1 v\u00fdm\u011bna zbo\u017e\u00ed zdarma p\u0159es Z\u00e1silkovnu (Podruh\u00e9 po\u0161tovn\u00e9 neplat\u00ed\u0161).<\/p>\n","protected":false},"featured_media":19878,"comment_status":"open","ping_status":"closed","template":"","meta":[],"product_cat":[78,76],"product_tag":[],"jetpack_publicize_connections":[],"_links":{"self":[{"href":"https:\/\/test.artside.sk\/cs\/wp-json\/wp\/v2\/product\/7827"}],"collection":[{"href":"https:\/\/test.artside.sk\/cs\/wp-json\/wp\/v2\/product"}],"about":[{"href":"https:\/\/test.artside.sk\/cs\/wp-json\/wp\/v2\/types\/product"}],"replies":[{"embeddable":true,"href":"https:\/\/test.artside.sk\/cs\/wp-json\/wp\/v2\/comments?post=7827"}],"wp:featuredmedia":[{"embeddable":true,"href":"https:\/\/test.artside.sk\/cs\/wp-json\/wp\/v2\/media\/19878"}],"wp:attachment":[{"href":"https:\/\/test.artside.sk\/cs\/wp-json\/wp\/v2\/media?parent=7827"}],"wp:term":[{"taxonomy":"product_cat","embeddable":true,"href":"https:\/\/test.artside.sk\/cs\/wp-json\/wp\/v2\/product_cat?post=7827"},{"taxonomy":"product_tag","embeddable":true,"href":"https:\/\/test.artside.sk\/cs\/wp-json\/wp\/v2\/product_tag?post=7827"}],"curies":[{"name":"wp","href":"https:\/\/api.w.org\/{rel}","templated":true}]}}