{"id":9675,"date":"2018-10-03T17:40:09","date_gmt":"2019-11-03T16:40:15","guid":{"rendered":"https:\/\/artside.sk\/?post_type=product&#038;p=9675"},"modified":"2020-09-06T20:04:33","modified_gmt":"2020-09-06T18:04:33","slug":"damska-mikina-lev-urban-art-walls-streetwear","status":"publish","type":"product","link":"https:\/\/test.artside.sk\/cs\/produkt\/damska-mikina-lev-urban-art-walls-streetwear\/","title":{"rendered":"D\u00e1msk\u00e1 mikina &#8222;LEV&#8220; Urban Art Walls"},"content":{"rendered":"<p>Kvalitn\u00ed d\u00e1msk\u00e1 mikina s potiskem na p\u0159edn\u00ed i zadn\u00ed stran\u011b. Mikina po pran\u00ed dob\u0159e dr\u017e\u00ed tvar a neztr\u00e1c\u00ed barvu. Kvalitn\u00ed a st\u00e1l\u00fd potisk.<\/p>\n<ul>\n<li>materi\u00e1l: 80% bavlna, 20% polyester<\/li>\n<li>kapuce se \u0161\u0148\u016frkou<\/li>\n<li>\u017eebrov\u00fd \u00faplet na man\u017eet\u00e1ch a spodn\u00edm lemu<\/li>\n<li>p\u0159edn\u00ed klokan\u00ed kapsa<\/li>\n<li>modern\u00ed st\u0159ih<\/li>\n<li>bez bo\u010dn\u00edch \u0161v\u016f<\/li>\n<li>barva: \u010dern\u00e1<\/li>\n<li>280 g \/ m\u00b2<\/li>\n<li><strong>unisex<\/strong><\/li>\n<li><strong>modelka m\u00e1 v\u00fd\u0161ku 173cm a oble\u010denou velikost &#8222;M&#8220;<\/strong><\/li>\n<\/ul>\n<p><img loading=\"lazy\" class=\"alignnone wp-image-20320\" src=\"https:\/\/artside.sk\/wp-content\/uploads\/2018\/11\/mikina_kapucna_king-300x91.jpg\" alt=\"\" width=\"834\" height=\"253\" srcset=\"https:\/\/test.artside.sk\/wp-content\/uploads\/2018\/11\/mikina_kapucna_king-300x91.jpg 300w, https:\/\/test.artside.sk\/wp-content\/uploads\/2018\/11\/mikina_kapucna_king-150x46.jpg 150w, https:\/\/test.artside.sk\/wp-content\/uploads\/2018\/11\/mikina_kapucna_king-600x182.jpg 600w, https:\/\/test.artside.sk\/wp-content\/uploads\/2018\/11\/mikina_kapucna_king-768x233.jpg 768w, https:\/\/test.artside.sk\/wp-content\/uploads\/2018\/11\/mikina_kapucna_king-800x244.jpg 800w, https:\/\/test.artside.sk\/wp-content\/uploads\/2018\/11\/mikina_kapucna_king.jpg 804w\" sizes=\"(max-width: 834px) 100vw, 834px\" \/><\/p>\n","protected":false},"excerpt":{"rendered":"<p>Kresba je inspirov\u00e1na p\u016fsobiv\u00fdm graffiti, kter\u00e9 bylo zachyceno na zbytc\u00edch berl\u00ednsk\u00e9 zdi. Kolekce &#8222;Urban Art Walls&#8220;.<\/p>\n<p>Dod\u00e1n\u00ed do <strong>3-7<\/strong> pracovn\u00edch dn\u016f. Jednoduch\u00e1 v\u00fdm\u011bna zbo\u017e\u00ed zdarma p\u0159es z\u00e1silkovnu (Podruh\u00e9 po\u0161tovn\u00e9 neplat\u00ed\u0161).<\/p>\n","protected":false},"featured_media":20307,"comment_status":"open","ping_status":"closed","template":"","meta":[],"product_cat":[77,76],"product_tag":[],"jetpack_publicize_connections":[],"_links":{"self":[{"href":"https:\/\/test.artside.sk\/cs\/wp-json\/wp\/v2\/product\/9675"}],"collection":[{"href":"https:\/\/test.artside.sk\/cs\/wp-json\/wp\/v2\/product"}],"about":[{"href":"https:\/\/test.artside.sk\/cs\/wp-json\/wp\/v2\/types\/product"}],"replies":[{"embeddable":true,"href":"https:\/\/test.artside.sk\/cs\/wp-json\/wp\/v2\/comments?post=9675"}],"wp:featuredmedia":[{"embeddable":true,"href":"https:\/\/test.artside.sk\/cs\/wp-json\/wp\/v2\/media\/20307"}],"wp:attachment":[{"href":"https:\/\/test.artside.sk\/cs\/wp-json\/wp\/v2\/media?parent=9675"}],"wp:term":[{"taxonomy":"product_cat","embeddable":true,"href":"https:\/\/test.artside.sk\/cs\/wp-json\/wp\/v2\/product_cat?post=9675"},{"taxonomy":"product_tag","embeddable":true,"href":"https:\/\/test.artside.sk\/cs\/wp-json\/wp\/v2\/product_tag?post=9675"}],"curies":[{"name":"wp","href":"https:\/\/api.w.org\/{rel}","templated":true}]}}